{"id":4175,"date":"2021-07-25T12:41:27","date_gmt":"2021-07-25T10:41:27","guid":{"rendered":"https:\/\/www.sub360.ch\/agb"},"modified":"2022-07-06T15:46:00","modified_gmt":"2022-07-06T13:46:00","slug":"agb","status":"publish","type":"page","link":"https:\/\/www.sub360.ch\/it\/agb","title":{"rendered":"Allgemeine Gesch\u00e4ftsbedingungen"},"content":{"rendered":"<p>[vc_row css=&#8221;.vc_custom_1628167692047{padding-bottom: 120px !important;}&#8221;][vc_column width=&#8221;1\/2&#8243;][vc_column_text]<\/p>\n<h2>1 VERTRAGSBEDINGUNGEN<\/h2>\n<h3>1.1 Zweck und Geltungsbereich<\/h3>\n<p>Die nachstehenden allgemeinen Gesch\u00e4ftsbedingungen (im folgenden \u00abAGB\u00bb) dienen als Rechtsgrundlage f\u00fcr die Dauer des Vertragsverh\u00e4ltnisses zwischen x21 GmbH (nachfolgend sub360.ch) und dem Kunden, welcher eine von x21 GmbH angebotene Dienstleistung in Anspruch nimmt. Die AGB gelten f\u00fcr den gesamten Gesch\u00e4ftsbereich von x21 GmbH.<\/p>\n<p>x21 GmbH beh\u00e4lt sich das Recht vor, an diesen AGB jederzeit \u00c4nderungen vorzunehmen und die jeweils aktuelle Fassung auf\u00a0<a href=\"https:\/\/www.sub360.ch\/it\">https:\/\/www.sub360.ch\/<\/a> zu ver\u00f6ffentlichen. Die neue Version der AGB tritt durch Publikation auf der Internetseite von\u00a0<a href=\"https:\/\/www.sub360.ch\/it\">https:\/\/www.sub360.ch<\/a>\u00a0in Kraft.<\/p>\n<h3>1.2 Allgemeines<\/h3>\n<p>Das Hauptanliegen von x21 GmbH ist die Zufriedenheit der Kunden. Deshalb sind diese AGB Grundlage eines fairen Auftragsverh\u00e4ltnisses zwischen x21 GmbH und deren Kunden.<\/p>\n<h3>1.3 Beginn des Vertrages<\/h3>\n<p>Das Vertragsverh\u00e4ltnis kommt mit der Registrierung zustande und wird f\u00fcr eine unbestimmte Dauer abgeschlossen. Die Registrierung ist kostenlos.<\/p>\n<p>Der Vertrag wird jeweils f\u00fcr 1 Jahr abgeschlossen. Der Vertrag verl\u00e4ngert sich jeweils um ein weiteres Jahr, wenn der Vertrag nicht 30 Tage vor der j\u00e4hrlichen Verl\u00e4ngerung gek\u00fcndigt wird.<\/p>\n<p>Die K\u00fcndigung kann gegen\u00fcber dem Anbieter per E-Mail an <a href=\"mailto:support@sub360.ch\">support@sub360.ch<\/a>\u00a0erfolgen.<\/p>\n<p>Im Fall der K\u00fcndigung wird der Anbieter unverz\u00fcglich alle Daten des Kunden vernichten, es sei denn, der Vernichtung stehen gesetzliche Aufbewahrungspflichten des Anbieters entgegen.<\/p>\n<h3>1.4 Umfang und Ausf\u00fchrung des Vertrages<\/h3>\n<p>x21 GmbH bietet Kunden die M\u00f6glichkeit, \u00fcber eine webbasierende Infrastruktur (nachstehend Plattform) unverbindliche Offerten von Unternehmen und Auftraggebern zu erhalten und \u00fcber die Plattform einfach und online Projekte auszuschreiben oder zu suchen.<\/p>\n<p>x21 GmbH selber ist kein Vermittler von Auftr\u00e4gen, sondern lediglich der Betreiber der Plattform.<\/p>\n<h3>1.5 Bestandteile<\/h3>\n<p>Neben den AGB sind auch die Nutzungskonditionen und die Datenschutzerkl\u00e4rung fester Vertragsbestandteil.<\/p>\n<h3>1.6 Abweichungen<\/h3>\n<p>Abweichungen von diesen AGB haben nur aufgrund eines von beiden Parteien best\u00e4tigten Dokumentes G\u00fcltigkeit und auf die Anwendbarkeit der restlichen Bestimmungen keinen Einfluss.<\/p>\n<h2>2 ZAHLUNGSBEDINGUNGEN<\/h2>\n<h3>2.1 Preise<\/h3>\n<p>Die Anfrage zur Abgabe einer Offerte und die Suche eines Vertragspartner ist f\u00fcr den Kunden kostenlos. Der Kunde zahlt lediglich folgende j\u00e4hrliche Fixpreise zuz\u00fcglich Mehrwertsteuer und einer eventuell anfallenden Kreditkartengeb\u00fchr:<\/p>\n<p>Subunternehmer CHF 488.-<\/p>\n<p>F\u00fcr den Auftraggeber sind die ersten 2 Konten kostenlos (1 Admin und 1 f\u00fcr den Projektleiter) die restlichen Konten beziehen sich auf (zus\u00e4tzlich angeschlossene Konten)<\/p>\n<p>3-5 Konten\u00a0488.-<\/p>\n<p>6-10 Konten\u00a0788.-<\/p>\n<p>[\/vc_column_text][\/vc_column][vc_column width=&#8221;1\/2&#8243;][vc_column_text]<\/p>\n<h3>2.2 Zahlungsfrist<\/h3>\n<p>Werden Rechnungen gestellt, ist die Rechnung 30 Tage ab Rechnungsdatum zu bezahlen.<\/p>\n<h3>2.3 Zahlungsverz\u00fcge<\/h3>\n<p>Zahlt der Kunde nicht fristgerecht, ger\u00e4t er ohne Mahnung in Verzug. Die Verrechnung von Forderungen durch den Kunden ist ausgeschlossen.<\/p>\n<p>F\u00fcr jede Mahnung ist eine Mahngeb\u00fchr zur Deckung des jeweils erforderlichen Verwaltungsaufwandes im Betrag von CHF 20.00 geschuldet. x21 GmbH beh\u00e4lt sich das Recht vor, die Sache zwecks Inkasso an einen Dritten zu \u00fcbergeben.<\/p>\n<h2>3 HAFTUNG<\/h2>\n<p>x21 GmbH erbringt lediglich die technische Bereitstellung der f\u00fcr die digitale Mandatsakquise f\u00fcr notwendigen Dienste, ohne dabei Vertragspartner des Vertrages zwischen Subunternehmer und Auftraggeber zu werden.<\/p>\n<p>x21 GmbH haftet nicht f\u00fcr die Informationen, die der Auftraggeber oder Auftragnehmer publizieren.<\/p>\n<p>x21 GmbH haftet dem Auftraggeber gegen\u00fcber nur f\u00fcr rechtswidrige Absicht und grobe Fahrl\u00e4ssigkeit. Das Vorliegen von rechtswidriger Absicht oder grober Fahrl\u00e4ssigkeit ist vom Auftraggeber, der daraus eine Forderung ableiten m\u00f6chte, nachzuweisen.<\/p>\n<p>Die Haftungsbeschr\u00e4nkung gilt ebenfalls f\u00fcr alle Personen, denen x21 GmbH die Besorgung von Gesch\u00e4ften befugter massen \u00fcbertragen hat.<\/p>\n<p>Im Falle der Substitution beschr\u00e4nkt sich die Haftung von x21 GmbH auf die geh\u00f6rige Auswahl, Instruktion und \u00dcberwachung des Dritten.<\/p>\n<p>Der E-Mail-Verkehr von und mit x21 GmbH erfolgt \u00fcber \u00f6ffentliche, nicht speziell gesch\u00fctzte Daten\u00fcbertragungsnetze. x21 GmbH lehnt jede Haftung f\u00fcr Sch\u00e4den ab, die dem Auftraggeber infolge von \u00dcbermittlungsfehlern, technischen M\u00e4ngeln, St\u00f6rungen oder Eingriffen in die Einrichtung der Netzbetreiber entstehen.<\/p>\n<p>Die Plattform kann wegen Wartungsarbeiten oder anderen Gr\u00fcnden zeitweise nicht oder nur beschr\u00e4nkt zur Verf\u00fcgung stehen. Der Anbieter haftet nicht f\u00fcr die zeitweilige Nichtverf\u00fcgbarkeit der Plattform, den Ausfall einzelner oder aller Funktionen sowie f\u00fcr Fehlfunktionen der Plattform.<\/p>\n<p>Bei h\u00f6herer Gewalt ist diejenige Partei, die deswegen ihre vertraglichen Verpflichtungen nicht erf\u00fcllen kann, in keiner Weise gegen\u00fcber dem Vertragspartner schadenersatzpflichtig.<\/p>\n<p>x21 GmbH ist von ihren vertraglichen Verpflichtungen entbunden, solange und soweit die h\u00f6here Gewalt andauert. F\u00e4llt die h\u00f6here Gewalt weg, treten die vertraglichen Rechte und Pflichten wieder in Kraft, es sei denn, die h\u00f6here Gewalt daure mehr als ein Jahr. In diesem Fall ist die Partei, die von der h\u00f6heren Gewalt nicht betroffen ist, berechtigt, aber nicht verpflichtet, den Vertrag mit schriftlicher Mitteilung zu widerrufen bzw. zu k\u00fcndigen<\/p>\n<p>Die Webseite\u00a0<a href=\"https:\/\/www.sub360.ch\/it\">https:\/\/www.sub360.ch\/<\/a> enth\u00e4lt Links zu Websites Dritter. Diese Seiten werden nicht durch den Anbieter betrieben oder \u00fcberwacht. Der Anbieter lehnt jegliche Verantwortung f\u00fcr den Inhalt und Betrieb von verlinkten Seiten ab.<\/p>\n<h2>4 ANDWENDBARES RECHT UND GERICHTSSTAND<\/h2>\n<p>Auf das vorliegende Vertragsverh\u00e4ltnis ist ausschliesslich das schweizerische Recht anwendbar<\/p>\n<p>Ausschliesslicher Gerichtsstand f\u00fcr alle Verfahrensarten ist beim Bezirksgericht Z\u00fcrich, sofern kein gesetzlicher Gerichtstand vorliegt.<\/p>\n<h2>5 G\u00fcltigkeitsvorbehalt<\/h2>\n<p>Sollte eine der vorliegenden Klauseln ung\u00fcltig erkl\u00e4rt werden, bleiben die anderen Bestimmungen der Allgemeinen Gesch\u00e4ftsbedingungen davon unber\u00fchrt. Die ung\u00fcltigen Bestimmungen sind durch wirtschaftlich m\u00f6glichst gleichwertige, rechtm\u00e4ssige Bestimmungen zu ersetzen.<\/p>\n<p>[\/vc_column_text][\/vc_column][\/vc_row]<\/p>\n","protected":false},"excerpt":{"rendered":"<p>[vc_row css=&#8221;.vc_custom_1628167692047{padding-bottom: 120px !important;}&#8221;][vc_column width=&#8221;1\/2&#8243;][vc_column_text] 1 VERTRAGSBEDINGUNGEN 1.1 Zweck und Geltungsbereich Die nachstehenden allgemeinen Gesch\u00e4ftsbedingungen (im folgenden \u00abAGB\u00bb) dienen als Rechtsgrundlage f\u00fcr die Dauer des Vertragsverh\u00e4ltnisses zwischen x21 GmbH (nachfolgend sub360.ch) und dem Kunden, welcher eine von x21 GmbH angebotene Dienstleistung in Anspruch nimmt. Die AGB gelten f\u00fcr den gesamten Gesch\u00e4ftsbereich von x21 GmbH. x21 [&hellip;]<\/p>\n","protected":false},"author":50,"featured_media":0,"parent":0,"menu_order":9,"comment_status":"closed","ping_status":"closed","template":"","meta":{"inline_featured_image":false},"yoast_head":"<!-- This site is optimized with the Yoast SEO plugin v19.5.1 - https:\/\/yoast.com\/wordpress\/plugins\/seo\/ -->\n<title>Allgemeine Gesch\u00e4ftsbedingungen - sub360.ch<\/title>\n<meta name=\"robots\" content=\"index, follow, max-snippet:-1, max-image-preview:large, max-video-preview:-1\" \/>\n<link rel=\"canonical\" href=\"https:\/\/www.sub360.ch\/it\/agb\" \/>\n<meta property=\"og:locale\" content=\"it_IT\" \/>\n<meta property=\"og:type\" content=\"article\" \/>\n<meta property=\"og:title\" content=\"Allgemeine Gesch\u00e4ftsbedingungen - sub360.ch\" \/>\n<meta property=\"og:description\" content=\"[vc_row css=&#8221;.vc_custom_1628167692047{padding-bottom: 120px !important;}&#8221;][vc_column width=&#8221;1\/2&#8243;][vc_column_text] 1 VERTRAGSBEDINGUNGEN 1.1 Zweck und Geltungsbereich Die nachstehenden allgemeinen Gesch\u00e4ftsbedingungen (im folgenden \u00abAGB\u00bb) dienen als Rechtsgrundlage f\u00fcr die Dauer des Vertragsverh\u00e4ltnisses zwischen x21 GmbH (nachfolgend sub360.ch) und dem Kunden, welcher eine von x21 GmbH angebotene Dienstleistung in Anspruch nimmt. Die AGB gelten f\u00fcr den gesamten Gesch\u00e4ftsbereich von x21 GmbH. x21 [&hellip;]\" \/>\n<meta property=\"og:url\" content=\"https:\/\/www.sub360.ch\/it\/agb\" \/>\n<meta property=\"og:site_name\" content=\"sub360.ch\" \/>\n<meta property=\"article:publisher\" content=\"https:\/\/www.facebook.com\/sub360ch-109756541395501\/\" \/>\n<meta property=\"article:modified_time\" content=\"2022-07-06T13:46:00+00:00\" \/>\n<meta name=\"twitter:card\" content=\"summary_large_image\" \/>\n<meta name=\"twitter:label1\" content=\"Tempo di lettura stimato\" \/>\n\t<meta name=\"twitter:data1\" content=\"4 minuti\" \/>\n<script type=\"application\/ld+json\" class=\"yoast-schema-graph\">{\"@context\":\"https:\/\/schema.org\",\"@graph\":[{\"@type\":\"WebPage\",\"@id\":\"https:\/\/www.sub360.ch\/it\/agb\",\"url\":\"https:\/\/www.sub360.ch\/it\/agb\",\"name\":\"Allgemeine Gesch\u00e4ftsbedingungen - sub360.ch\",\"isPartOf\":{\"@id\":\"https:\/\/www.sub360.ch\/it#website\"},\"datePublished\":\"2021-07-25T10:41:27+00:00\",\"dateModified\":\"2022-07-06T13:46:00+00:00\",\"breadcrumb\":{\"@id\":\"https:\/\/www.sub360.ch\/it\/agb#breadcrumb\"},\"inLanguage\":\"it-IT\",\"potentialAction\":[{\"@type\":\"ReadAction\",\"target\":[\"https:\/\/www.sub360.ch\/it\/agb\"]}]},{\"@type\":\"BreadcrumbList\",\"@id\":\"https:\/\/www.sub360.ch\/it\/agb#breadcrumb\",\"itemListElement\":[{\"@type\":\"ListItem\",\"position\":1,\"name\":\"Casa\",\"item\":\"https:\/\/www.sub360.ch\/it\/software-hub-homepage\"},{\"@type\":\"ListItem\",\"position\":2,\"name\":\"Allgemeine Gesch\u00e4ftsbedingungen\"}]},{\"@type\":\"WebSite\",\"@id\":\"https:\/\/www.sub360.ch\/it#website\",\"url\":\"https:\/\/www.sub360.ch\/it\",\"name\":\"sub360.ch\",\"description\":\"Plattform f\u00fcr Subunternehmen und Auftraggeber\",\"publisher\":{\"@id\":\"https:\/\/www.sub360.ch\/it#organization\"},\"potentialAction\":[{\"@type\":\"SearchAction\",\"target\":{\"@type\":\"EntryPoint\",\"urlTemplate\":\"https:\/\/www.sub360.ch\/it?s={search_term_string}\"},\"query-input\":\"required name=search_term_string\"}],\"inLanguage\":\"it-IT\"},{\"@type\":\"Organization\",\"@id\":\"https:\/\/www.sub360.ch\/it#organization\",\"name\":\"sub360.ch\",\"url\":\"https:\/\/www.sub360.ch\/it\",\"sameAs\":[\"https:\/\/www.instagram.com\/sub360.ch\/\",\"https:\/\/www.linkedin.com\/company\/sub360-ag\",\"https:\/\/www.facebook.com\/sub360ch-109756541395501\/\"],\"logo\":{\"@type\":\"ImageObject\",\"inLanguage\":\"it-IT\",\"@id\":\"https:\/\/www.sub360.ch\/it#\/schema\/logo\/image\/\",\"url\":\"https:\/\/www.sub360.ch\/wp-content\/uploads\/2021\/07\/Logo_Slogan_Sub360_pos_rgb.svg\",\"contentUrl\":\"https:\/\/www.sub360.ch\/wp-content\/uploads\/2021\/07\/Logo_Slogan_Sub360_pos_rgb.svg\",\"width\":\"1024\",\"height\":\"1024\",\"caption\":\"sub360.ch\"},\"image\":{\"@id\":\"https:\/\/www.sub360.ch\/it#\/schema\/logo\/image\/\"}}]}<\/script>\n<!-- \/ Yoast SEO plugin. -->","yoast_head_json":{"title":"Allgemeine Gesch\u00e4ftsbedingungen - sub360.ch","robots":{"index":"index","follow":"follow","max-snippet":"max-snippet:-1","max-image-preview":"max-image-preview:large","max-video-preview":"max-video-preview:-1"},"canonical":"https:\/\/www.sub360.ch\/it\/agb","og_locale":"it_IT","og_type":"article","og_title":"Allgemeine Gesch\u00e4ftsbedingungen - sub360.ch","og_description":"[vc_row css=&#8221;.vc_custom_1628167692047{padding-bottom: 120px !important;}&#8221;][vc_column width=&#8221;1\/2&#8243;][vc_column_text] 1 VERTRAGSBEDINGUNGEN 1.1 Zweck und Geltungsbereich Die nachstehenden allgemeinen Gesch\u00e4ftsbedingungen (im folgenden \u00abAGB\u00bb) dienen als Rechtsgrundlage f\u00fcr die Dauer des Vertragsverh\u00e4ltnisses zwischen x21 GmbH (nachfolgend sub360.ch) und dem Kunden, welcher eine von x21 GmbH angebotene Dienstleistung in Anspruch nimmt. Die AGB gelten f\u00fcr den gesamten Gesch\u00e4ftsbereich von x21 GmbH. x21 [&hellip;]","og_url":"https:\/\/www.sub360.ch\/it\/agb","og_site_name":"sub360.ch","article_publisher":"https:\/\/www.facebook.com\/sub360ch-109756541395501\/","article_modified_time":"2022-07-06T13:46:00+00:00","twitter_card":"summary_large_image","twitter_misc":{"Tempo di lettura stimato":"4 minuti"},"schema":{"@context":"https:\/\/schema.org","@graph":[{"@type":"WebPage","@id":"https:\/\/www.sub360.ch\/it\/agb","url":"https:\/\/www.sub360.ch\/it\/agb","name":"Allgemeine Gesch\u00e4ftsbedingungen - sub360.ch","isPartOf":{"@id":"https:\/\/www.sub360.ch\/it#website"},"datePublished":"2021-07-25T10:41:27+00:00","dateModified":"2022-07-06T13:46:00+00:00","breadcrumb":{"@id":"https:\/\/www.sub360.ch\/it\/agb#breadcrumb"},"inLanguage":"it-IT","potentialAction":[{"@type":"ReadAction","target":["https:\/\/www.sub360.ch\/it\/agb"]}]},{"@type":"BreadcrumbList","@id":"https:\/\/www.sub360.ch\/it\/agb#breadcrumb","itemListElement":[{"@type":"ListItem","position":1,"name":"Casa","item":"https:\/\/www.sub360.ch\/it\/software-hub-homepage"},{"@type":"ListItem","position":2,"name":"Allgemeine Gesch\u00e4ftsbedingungen"}]},{"@type":"WebSite","@id":"https:\/\/www.sub360.ch\/it#website","url":"https:\/\/www.sub360.ch\/it","name":"sub360.ch","description":"Plattform f\u00fcr Subunternehmen und Auftraggeber","publisher":{"@id":"https:\/\/www.sub360.ch\/it#organization"},"potentialAction":[{"@type":"SearchAction","target":{"@type":"EntryPoint","urlTemplate":"https:\/\/www.sub360.ch\/it?s={search_term_string}"},"query-input":"required name=search_term_string"}],"inLanguage":"it-IT"},{"@type":"Organization","@id":"https:\/\/www.sub360.ch\/it#organization","name":"sub360.ch","url":"https:\/\/www.sub360.ch\/it","sameAs":["https:\/\/www.instagram.com\/sub360.ch\/","https:\/\/www.linkedin.com\/company\/sub360-ag","https:\/\/www.facebook.com\/sub360ch-109756541395501\/"],"logo":{"@type":"ImageObject","inLanguage":"it-IT","@id":"https:\/\/www.sub360.ch\/it#\/schema\/logo\/image\/","url":"https:\/\/www.sub360.ch\/wp-content\/uploads\/2021\/07\/Logo_Slogan_Sub360_pos_rgb.svg","contentUrl":"https:\/\/www.sub360.ch\/wp-content\/uploads\/2021\/07\/Logo_Slogan_Sub360_pos_rgb.svg","width":"1024","height":"1024","caption":"sub360.ch"},"image":{"@id":"https:\/\/www.sub360.ch\/it#\/schema\/logo\/image\/"}}]}},"_links":{"self":[{"href":"https:\/\/www.sub360.ch\/it\/wp-json\/wp\/v2\/pages\/4175"}],"collection":[{"href":"https:\/\/www.sub360.ch\/it\/wp-json\/wp\/v2\/pages"}],"about":[{"href":"https:\/\/www.sub360.ch\/it\/wp-json\/wp\/v2\/types\/page"}],"author":[{"embeddable":true,"href":"https:\/\/www.sub360.ch\/it\/wp-json\/wp\/v2\/users\/50"}],"replies":[{"embeddable":true,"href":"https:\/\/www.sub360.ch\/it\/wp-json\/wp\/v2\/comments?post=4175"}],"version-history":[{"count":2,"href":"https:\/\/www.sub360.ch\/it\/wp-json\/wp\/v2\/pages\/4175\/revisions"}],"predecessor-version":[{"id":6961,"href":"https:\/\/www.sub360.ch\/it\/wp-json\/wp\/v2\/pages\/4175\/revisions\/6961"}],"wp:attachment":[{"href":"https:\/\/www.sub360.ch\/it\/wp-json\/wp\/v2\/media?parent=4175"}],"curies":[{"name":"wp","href":"https:\/\/api.w.org\/{rel}","templated":true}]}}