{"id":2631,"date":"2021-06-10T15:44:00","date_gmt":"2021-06-10T13:44:00","guid":{"rendered":"https:\/\/www.sub360.ch\/impressum\/"},"modified":"2022-07-06T15:45:57","modified_gmt":"2022-07-06T13:45:57","slug":"impressum","status":"publish","type":"page","link":"https:\/\/www.sub360.ch\/it\/impressum","title":{"rendered":"Impronta"},"content":{"rendered":"<p>[vc_row content_placement=&#8221;middle&#8221; bg_position=&#8221;right center&#8221; enable_gradient=&#8221;yes&#8221; css=&#8221;.vc_custom_1637737985893{padding-top: 60px !important;background-color: #efefef !important;background-position: center !important;background-repeat: no-repeat !important;background-size: cover !important;}&#8221; gradient_bg=&#8221;linear-gradient(90deg, rgb(239, 239, 239) 0%, rgb(255, 255, 255) 100%)&#8221;][vc_column offset=&#8221;vc_col-md-offset-1 vc_col-md-10&#8243;]<style>.ld_fancy_heading_69e04e422497a h1{color:#112446;}.ld_fancy_heading_69e04e422497a h1 {font-size:48px; } @media (min-width: 768px) { .ld_fancy_heading_69e04e422497a h1 {font-size:57px; }  } .ld_fancy_heading_69e04e422497a h1 {line-height:0.9em; } .ld_fancy_heading_69e04e422497a h1 {--element-line-height:0.9em; } .ld_fancy_heading_69e04e422497a .lqd-highlight-inner{height:0.275em;bottom:0px;}.ld_fancy_heading_69e04e422497a h1 {font-size:48px; } @media (min-width: 768px) { .ld_fancy_heading_69e04e422497a h1 {font-size:57px; }  } .ld_fancy_heading_69e04e422497a h1 {line-height:0.9em; } .ld_fancy_heading_69e04e422497a h1 {--element-line-height:0.9em; } <\/style><div class=\"ld-fancy-heading ld_fancy_heading_69e04e422497a\">\n\t<h1 class=\"ld-fh-element lqd-highlight-underline lqd-highlight-grow-left text-decoration-default\"   >  Impronta<\/h1><\/div>[\/vc_column][\/vc_row][vc_row equal_height=&#8221;yes&#8221; content_placement=&#8221;middle&#8221; bg_position=&#8221;center top&#8221; enable_gradient=&#8221;yes&#8221; css=&#8221;.vc_custom_1626855389304{padding-bottom: 40px !important;background-color: #ffffff !important;background-position: center !important;background-repeat: no-repeat !important;background-size: contain !important;}&#8221; responsive_css=&#8221;padding_bottom_medium:80px&#8221; gradient_bg=&#8221;linear-gradient(90deg, rgb(239,239,239) 0%, rgb(255,255,255) 100%)&#8221;][vc_column offset=&#8221;vc_col-md-offset-1 vc_col-md-10&#8243;][vc_column_text]<\/p>\n<h3 class=\"mt-4 mb-2\">Indirizzo di contatto<\/h3>\n<p>sub360 GmbH<br \/>\nWangenstrasse 11<br \/>\n8600 D\u00fcbendorf<\/p>\n<h3 class=\"mt-4 mb-2\">Iscrizione nel registro commerciale<\/h3>\n<p>Numero CHE-<\/p>\n<h3 class=\"mt-4 mb-2\">Disclaimer<\/h3>\n<p>La sub360 GmbH si riserva il diritto di non essere responsabile dell&#8217;attualit\u00e0, correttezza, completezza o qualit\u00e0 delle informazioni fornite. Sono escluse in linea di principio rivendicazioni di responsabilit\u00e0 nei confronti di sub360 GmbH relative a danni materiali o immateriali causati dall&#8217;uso o dal mancato uso delle informazioni fornite o dall&#8217;uso di informazioni errate o incomplete, a meno che non si possa dimostrare che sub360 GmbH abbia agito con dolo o grave negligenza. Tutte le offerte sono soggette a modifiche e non sono vincolanti. Parti delle pagine o l&#8217;intera pubblicazione, incluse tutte le offerte e le informazioni, possono essere ampliate, modificate o cancellate in parte o completamente da sub360 GmbH senza annuncio separato.<\/p>\n<h3 class=\"mt-4 mb-2\">Responsabilit\u00e0 per i link<\/h3>\n<p>I riferimenti e i link a siti web di terzi sono al di fuori della nostra area di responsabilit\u00e0. Si declina ogni responsabilit\u00e0 per tali siti web. L&#8217;accesso e l&#8217;uso di tali siti web \u00e8 a rischio e pericolo dell&#8217;utente.<\/p>\n<h3 class=\"mt-4 mb-2\">Diritto d&#8217;autore e di marchio<\/h3>\n<p>sub360 GmbH si impegna a rispettare i diritti d&#8217;autore delle immagini, grafici, documenti sonori, sequenze video e testi utilizzati in tutte le pubblicazioni, ad utilizzare immagini, grafici, documenti sonori, sequenze video e testi che ha creato lei stessa o ad utilizzare grafici, documenti sonori, sequenze video e testi senza licenza.<\/p>\n<p>Tutte le marche e i marchi menzionati nel sito web e, se del caso, protetti da terzi, sono soggetti senza restrizioni alle disposizioni del diritto di marchio applicabile e ai diritti di propriet\u00e0 dei rispettivi proprietari registrati. La semplice menzione di un marchio non significa che non sia protetto da diritti di terzi.<\/p>\n<p>Il copyright per gli oggetti pubblicati e creati da sub360 GmbH rimane esclusivamente di sub360 GmbH. La duplicazione o l&#8217;utilizzo di oggetti come diagrammi, suoni o testi in altre pubblicazioni elettroniche o stampate non \u00e8 consentita senza il consenso di sub360 GmbH.[\/vc_column_text][\/vc_column][\/vc_row]<\/p>\n","protected":false},"excerpt":{"rendered":"<p>[vc_row content_placement=&#8221;middle&#8221; bg_position=&#8221;right center&#8221; enable_gradient=&#8221;yes&#8221; css=&#8221;.vc_custom_1637737985893{padding-top: 60px !important;background-color: #efefef !important;background-position: center !important;background-repeat: no-repeat !important;background-size: cover !important;}&#8221; gradient_bg=&#8221;linear-gradient(90deg, rgb(239, 239, 239) 0%, rgb(255, 255, 255) 100%)&#8221;][vc_column offset=&#8221;vc_col-md-offset-1 vc_col-md-10&#8243;][\/vc_column][\/vc_row][vc_row equal_height=&#8221;yes&#8221; content_placement=&#8221;middle&#8221; bg_position=&#8221;center top&#8221; enable_gradient=&#8221;yes&#8221; css=&#8221;.vc_custom_1626855389304{padding-bottom: 40px !important;background-color: #ffffff !important;background-position: center !important;background-repeat: no-repeat !important;background-size: contain !important;}&#8221; responsive_css=&#8221;padding_bottom_medium:80px&#8221; gradient_bg=&#8221;linear-gradient(90deg, rgb(239,239,239) 0%, rgb(255,255,255) 100%)&#8221;][vc_column offset=&#8221;vc_col-md-offset-1 vc_col-md-10&#8243;][vc_column_text] Indirizzo di contatto sub360 [&hellip;]<\/p>\n","protected":false},"author":50,"featured_media":0,"parent":0,"menu_order":6,"comment_status":"closed","ping_status":"closed","template":"","meta":{"inline_featured_image":false},"yoast_head":"<!-- This site is optimized with the Yoast SEO plugin v19.5.1 - https:\/\/yoast.com\/wordpress\/plugins\/seo\/ -->\n<title>Impronta - sub360.ch<\/title>\n<meta name=\"robots\" content=\"index, follow, max-snippet:-1, max-image-preview:large, max-video-preview:-1\" \/>\n<link rel=\"canonical\" href=\"https:\/\/www.sub360.ch\/it\/impressum\" \/>\n<meta property=\"og:locale\" content=\"it_IT\" \/>\n<meta property=\"og:type\" content=\"article\" \/>\n<meta property=\"og:title\" content=\"Impronta - sub360.ch\" \/>\n<meta property=\"og:description\" content=\"[vc_row content_placement=&#8221;middle&#8221; bg_position=&#8221;right center&#8221; enable_gradient=&#8221;yes&#8221; css=&#8221;.vc_custom_1637737985893{padding-top: 60px !important;background-color: #efefef !important;background-position: center !important;background-repeat: no-repeat !important;background-size: cover !important;}&#8221; gradient_bg=&#8221;linear-gradient(90deg, rgb(239, 239, 239) 0%, rgb(255, 255, 255) 100%)&#8221;][vc_column offset=&#8221;vc_col-md-offset-1 vc_col-md-10&#8243;][\/vc_column][\/vc_row][vc_row equal_height=&#8221;yes&#8221; content_placement=&#8221;middle&#8221; bg_position=&#8221;center top&#8221; enable_gradient=&#8221;yes&#8221; css=&#8221;.vc_custom_1626855389304{padding-bottom: 40px !important;background-color: #ffffff !important;background-position: center !important;background-repeat: no-repeat !important;background-size: contain !important;}&#8221; responsive_css=&#8221;padding_bottom_medium:80px&#8221; gradient_bg=&#8221;linear-gradient(90deg, rgb(239,239,239) 0%, rgb(255,255,255) 100%)&#8221;][vc_column offset=&#8221;vc_col-md-offset-1 vc_col-md-10&#8243;][vc_column_text] Indirizzo di contatto sub360 [&hellip;]\" \/>\n<meta property=\"og:url\" content=\"https:\/\/www.sub360.ch\/it\/impressum\" \/>\n<meta property=\"og:site_name\" content=\"sub360.ch\" \/>\n<meta property=\"article:publisher\" content=\"https:\/\/www.facebook.com\/sub360ch-109756541395501\/\" \/>\n<meta property=\"article:modified_time\" content=\"2022-07-06T13:45:57+00:00\" \/>\n<meta name=\"twitter:card\" content=\"summary_large_image\" \/>\n<meta name=\"twitter:label1\" content=\"Tempo di lettura stimato\" \/>\n\t<meta name=\"twitter:data1\" content=\"2 minuti\" \/>\n<script type=\"application\/ld+json\" class=\"yoast-schema-graph\">{\"@context\":\"https:\/\/schema.org\",\"@graph\":[{\"@type\":\"WebPage\",\"@id\":\"https:\/\/www.sub360.ch\/it\/impressum\",\"url\":\"https:\/\/www.sub360.ch\/it\/impressum\",\"name\":\"Impronta - sub360.ch\",\"isPartOf\":{\"@id\":\"https:\/\/www.sub360.ch\/it#website\"},\"datePublished\":\"2021-06-10T13:44:00+00:00\",\"dateModified\":\"2022-07-06T13:45:57+00:00\",\"breadcrumb\":{\"@id\":\"https:\/\/www.sub360.ch\/it\/impressum#breadcrumb\"},\"inLanguage\":\"it-IT\",\"potentialAction\":[{\"@type\":\"ReadAction\",\"target\":[\"https:\/\/www.sub360.ch\/it\/impressum\"]}]},{\"@type\":\"BreadcrumbList\",\"@id\":\"https:\/\/www.sub360.ch\/it\/impressum#breadcrumb\",\"itemListElement\":[{\"@type\":\"ListItem\",\"position\":1,\"name\":\"Casa\",\"item\":\"https:\/\/www.sub360.ch\/it\/software-hub-homepage\"},{\"@type\":\"ListItem\",\"position\":2,\"name\":\"Impronta\"}]},{\"@type\":\"WebSite\",\"@id\":\"https:\/\/www.sub360.ch\/it#website\",\"url\":\"https:\/\/www.sub360.ch\/it\",\"name\":\"sub360.ch\",\"description\":\"Plattform f\u00fcr Subunternehmen und Auftraggeber\",\"publisher\":{\"@id\":\"https:\/\/www.sub360.ch\/it#organization\"},\"potentialAction\":[{\"@type\":\"SearchAction\",\"target\":{\"@type\":\"EntryPoint\",\"urlTemplate\":\"https:\/\/www.sub360.ch\/it?s={search_term_string}\"},\"query-input\":\"required name=search_term_string\"}],\"inLanguage\":\"it-IT\"},{\"@type\":\"Organization\",\"@id\":\"https:\/\/www.sub360.ch\/it#organization\",\"name\":\"sub360.ch\",\"url\":\"https:\/\/www.sub360.ch\/it\",\"sameAs\":[\"https:\/\/www.instagram.com\/sub360.ch\/\",\"https:\/\/www.linkedin.com\/company\/sub360-ag\",\"https:\/\/www.facebook.com\/sub360ch-109756541395501\/\"],\"logo\":{\"@type\":\"ImageObject\",\"inLanguage\":\"it-IT\",\"@id\":\"https:\/\/www.sub360.ch\/it#\/schema\/logo\/image\/\",\"url\":\"https:\/\/www.sub360.ch\/wp-content\/uploads\/2021\/07\/Logo_Slogan_Sub360_pos_rgb.svg\",\"contentUrl\":\"https:\/\/www.sub360.ch\/wp-content\/uploads\/2021\/07\/Logo_Slogan_Sub360_pos_rgb.svg\",\"width\":\"1024\",\"height\":\"1024\",\"caption\":\"sub360.ch\"},\"image\":{\"@id\":\"https:\/\/www.sub360.ch\/it#\/schema\/logo\/image\/\"}}]}<\/script>\n<!-- \/ Yoast SEO plugin. -->","yoast_head_json":{"title":"Impronta - sub360.ch","robots":{"index":"index","follow":"follow","max-snippet":"max-snippet:-1","max-image-preview":"max-image-preview:large","max-video-preview":"max-video-preview:-1"},"canonical":"https:\/\/www.sub360.ch\/it\/impressum","og_locale":"it_IT","og_type":"article","og_title":"Impronta - sub360.ch","og_description":"[vc_row content_placement=&#8221;middle&#8221; bg_position=&#8221;right center&#8221; enable_gradient=&#8221;yes&#8221; css=&#8221;.vc_custom_1637737985893{padding-top: 60px !important;background-color: #efefef !important;background-position: center !important;background-repeat: no-repeat !important;background-size: cover !important;}&#8221; gradient_bg=&#8221;linear-gradient(90deg, rgb(239, 239, 239) 0%, rgb(255, 255, 255) 100%)&#8221;][vc_column offset=&#8221;vc_col-md-offset-1 vc_col-md-10&#8243;][\/vc_column][\/vc_row][vc_row equal_height=&#8221;yes&#8221; content_placement=&#8221;middle&#8221; bg_position=&#8221;center top&#8221; enable_gradient=&#8221;yes&#8221; css=&#8221;.vc_custom_1626855389304{padding-bottom: 40px !important;background-color: #ffffff !important;background-position: center !important;background-repeat: no-repeat !important;background-size: contain !important;}&#8221; responsive_css=&#8221;padding_bottom_medium:80px&#8221; gradient_bg=&#8221;linear-gradient(90deg, rgb(239,239,239) 0%, rgb(255,255,255) 100%)&#8221;][vc_column offset=&#8221;vc_col-md-offset-1 vc_col-md-10&#8243;][vc_column_text] Indirizzo di contatto sub360 [&hellip;]","og_url":"https:\/\/www.sub360.ch\/it\/impressum","og_site_name":"sub360.ch","article_publisher":"https:\/\/www.facebook.com\/sub360ch-109756541395501\/","article_modified_time":"2022-07-06T13:45:57+00:00","twitter_card":"summary_large_image","twitter_misc":{"Tempo di lettura stimato":"2 minuti"},"schema":{"@context":"https:\/\/schema.org","@graph":[{"@type":"WebPage","@id":"https:\/\/www.sub360.ch\/it\/impressum","url":"https:\/\/www.sub360.ch\/it\/impressum","name":"Impronta - sub360.ch","isPartOf":{"@id":"https:\/\/www.sub360.ch\/it#website"},"datePublished":"2021-06-10T13:44:00+00:00","dateModified":"2022-07-06T13:45:57+00:00","breadcrumb":{"@id":"https:\/\/www.sub360.ch\/it\/impressum#breadcrumb"},"inLanguage":"it-IT","potentialAction":[{"@type":"ReadAction","target":["https:\/\/www.sub360.ch\/it\/impressum"]}]},{"@type":"BreadcrumbList","@id":"https:\/\/www.sub360.ch\/it\/impressum#breadcrumb","itemListElement":[{"@type":"ListItem","position":1,"name":"Casa","item":"https:\/\/www.sub360.ch\/it\/software-hub-homepage"},{"@type":"ListItem","position":2,"name":"Impronta"}]},{"@type":"WebSite","@id":"https:\/\/www.sub360.ch\/it#website","url":"https:\/\/www.sub360.ch\/it","name":"sub360.ch","description":"Plattform f\u00fcr Subunternehmen und Auftraggeber","publisher":{"@id":"https:\/\/www.sub360.ch\/it#organization"},"potentialAction":[{"@type":"SearchAction","target":{"@type":"EntryPoint","urlTemplate":"https:\/\/www.sub360.ch\/it?s={search_term_string}"},"query-input":"required name=search_term_string"}],"inLanguage":"it-IT"},{"@type":"Organization","@id":"https:\/\/www.sub360.ch\/it#organization","name":"sub360.ch","url":"https:\/\/www.sub360.ch\/it","sameAs":["https:\/\/www.instagram.com\/sub360.ch\/","https:\/\/www.linkedin.com\/company\/sub360-ag","https:\/\/www.facebook.com\/sub360ch-109756541395501\/"],"logo":{"@type":"ImageObject","inLanguage":"it-IT","@id":"https:\/\/www.sub360.ch\/it#\/schema\/logo\/image\/","url":"https:\/\/www.sub360.ch\/wp-content\/uploads\/2021\/07\/Logo_Slogan_Sub360_pos_rgb.svg","contentUrl":"https:\/\/www.sub360.ch\/wp-content\/uploads\/2021\/07\/Logo_Slogan_Sub360_pos_rgb.svg","width":"1024","height":"1024","caption":"sub360.ch"},"image":{"@id":"https:\/\/www.sub360.ch\/it#\/schema\/logo\/image\/"}}]}},"_links":{"self":[{"href":"https:\/\/www.sub360.ch\/it\/wp-json\/wp\/v2\/pages\/2631"}],"collection":[{"href":"https:\/\/www.sub360.ch\/it\/wp-json\/wp\/v2\/pages"}],"about":[{"href":"https:\/\/www.sub360.ch\/it\/wp-json\/wp\/v2\/types\/page"}],"author":[{"embeddable":true,"href":"https:\/\/www.sub360.ch\/it\/wp-json\/wp\/v2\/users\/50"}],"replies":[{"embeddable":true,"href":"https:\/\/www.sub360.ch\/it\/wp-json\/wp\/v2\/comments?post=2631"}],"version-history":[{"count":4,"href":"https:\/\/www.sub360.ch\/it\/wp-json\/wp\/v2\/pages\/2631\/revisions"}],"predecessor-version":[{"id":6637,"href":"https:\/\/www.sub360.ch\/it\/wp-json\/wp\/v2\/pages\/2631\/revisions\/6637"}],"wp:attachment":[{"href":"https:\/\/www.sub360.ch\/it\/wp-json\/wp\/v2\/media?parent=2631"}],"curies":[{"name":"wp","href":"https:\/\/api.w.org\/{rel}","templated":true}]}}