{"id":2625,"date":"2021-06-10T15:59:39","date_gmt":"2021-06-10T13:59:39","guid":{"rendered":"https:\/\/www.sub360.ch\/datenschutz\/"},"modified":"2022-07-06T15:45:59","modified_gmt":"2022-07-06T13:45:59","slug":"datenschutz","status":"publish","type":"page","link":"https:\/\/www.sub360.ch\/it\/datenschutz","title":{"rendered":"Protezione dei dati"},"content":{"rendered":"<p>[vc_row content_placement=&#8221;middle&#8221; bg_position=&#8221;right center&#8221; enable_gradient=&#8221;yes&#8221; css=&#8221;.vc_custom_1626855533595{padding-top: 90px !important;padding-bottom: 90px !important;background-color: #efefef !important;background-position: center !important;background-repeat: no-repeat !important;background-size: cover !important;}&#8221; gradient_bg=&#8221;linear-gradient(90deg, rgb(239,239,239) 2.54777%, rgb(255,255,255) 100%)&#8221;][vc_column offset=&#8221;vc_col-md-offset-1 vc_col-md-10&#8243;]<style>.ld_fancy_heading_69e04e74e6d0c h1{color:#112446;}.ld_fancy_heading_69e04e74e6d0c h1 {font-size:48px; } @media (min-width: 768px) { .ld_fancy_heading_69e04e74e6d0c h1 {font-size:57px; }  } .ld_fancy_heading_69e04e74e6d0c h1 {line-height:0.9em; } .ld_fancy_heading_69e04e74e6d0c h1 {--element-line-height:0.9em; } .ld_fancy_heading_69e04e74e6d0c .lqd-highlight-inner{height:0.275em;bottom:0px;}.ld_fancy_heading_69e04e74e6d0c h1 {font-size:48px; } @media (min-width: 768px) { .ld_fancy_heading_69e04e74e6d0c h1 {font-size:57px; }  } .ld_fancy_heading_69e04e74e6d0c h1 {line-height:0.9em; } .ld_fancy_heading_69e04e74e6d0c h1 {--element-line-height:0.9em; } <\/style><div class=\"ld-fancy-heading ld_fancy_heading_69e04e74e6d0c\">\n\t<h1 class=\"ld-fh-element lqd-highlight-underline lqd-highlight-grow-left text-decoration-default\"   >  Informativa sulla privacy sito web sub360 GmbH<\/h1><\/div>[\/vc_column][vc_column offset=&#8221;vc_col-md-offset-1 vc_col-md-10&#8243;]<style>.ld_fancy_heading_69e04e74e7111 p{color:#3a5071;}.ld_fancy_heading_69e04e74e7111 p {font-size:22px; } .ld_fancy_heading_69e04e74e7111 p {line-height:1.22em; } .ld_fancy_heading_69e04e74e7111 p {--element-line-height:1.22em; } .ld_fancy_heading_69e04e74e7111 .lqd-highlight-inner{height:0.275em;bottom:0px;}.ld_fancy_heading_69e04e74e7111 p {font-size:22px; } .ld_fancy_heading_69e04e74e7111 p {line-height:1.22em; } .ld_fancy_heading_69e04e74e7111 p {--element-line-height:1.22em; } <\/style><div class=\"ld-fancy-heading ld_fancy_heading_69e04e74e7111\">\n\t<p class=\"ld-fh-element lqd-highlight-underline lqd-highlight-grow-left text-decoration-default\"   >  La protezione dei dati \u00e8 estremamente importante per Sub360 GmbH. Ci atteniamo al regolamento generale sulla protezione dei dati dell&#8217;UE (GDPR) e alla legge federale svizzera sulla protezione dei dati.sub360 GmbH Website <\/p><\/div>[\/vc_column][\/vc_row][vc_row equal_height=&#8221;yes&#8221; content_placement=&#8221;middle&#8221; bg_position=&#8221;center top&#8221; enable_gradient=&#8221;yes&#8221; css=&#8221;.vc_custom_1626855506019{padding-bottom: 40px !important;background-position: center !important;background-repeat: no-repeat !important;background-size: contain !important;}&#8221; responsive_css=&#8221;padding_top_medium:0px|padding_bottom_medium:80px&#8221; gradient_bg=&#8221;linear-gradient(90deg, rgb(239,239,239) 2.5477707006369426%, rgb(255,255,255) 100%)&#8221;][vc_column offset=&#8221;vc_col-lg-offset-1 vc_col-lg-10&#8243;][vc_column_text]<\/p>\n<h3><strong>Dati<\/strong>personali<\/h3>\n<p>Quando si accede a questo sito web, le informazioni di carattere generale vengono identificate automaticamente. Queste informazioni sono raccolte nel file di log del server e includono il tipo di browser web, il sistema operativo utilizzato, il nome del dominio del vostro internet service provider, il vostro indirizzo IP e simili. La ragione \u00e8 questa:<\/p>\n<ul>\n<li>Garantire una connessione fluida del sito web<\/li>\n<li>Garantire un uso regolare del nostro sito web<\/li>\n<li>Valutazione della sicurezza e della stabilit\u00e0 del sistema, e<\/li>\n<li>per altri scopi amministrativi<\/li>\n<\/ul>\n<p>I suoi dati non saranno utilizzati per trarre conclusioni sulla sua persona. Le informazioni di questo tipo vengono valutate solo statisticamente per ottimizzare il nostro sito web e la tecnologia che lo supporta.<\/p>\n<h3><strong>Periodo di stoccaggio<\/strong><\/h3>\n<p>I dati vengono cancellati non appena non sono pi\u00f9 necessari per lo scopo per cui sono stati raccolti. Questo \u00e8 generalmente il caso dei dati utilizzati per fornire il sito web quando la rispettiva sessione \u00e8 terminata.<\/p>\n<h3><strong>Moduli di contatto<\/strong><\/h3>\n<p>I dati da lei inseriti saranno memorizzati allo scopo di una comunicazione individuale con lei. A tal fine, \u00e8 necessario fornire un indirizzo e-mail valido e il tuo nome. Questo viene utilizzato per l&#8217;assegnazione della richiesta e la successiva risposta ad essa. La fornitura di ulteriori dati \u00e8 facoltativa.<\/p>\n<h3><strong>Cookies<\/strong><\/h3>\n<p>Quando visita il nostro sito web, nel suo browser vengono memorizzati altri cookie. Questi cookie non contengono dati personali e si riferiscono solo all&#8217;ID della sessione. I cookie scadono dopo un giorno.<\/p>\n<h3><strong>Uso di librerie di script (Google Web Fonts)<\/strong><\/h3>\n<p>Al fine di visualizzare i nostri contenuti in modo corretto e graficamente accattivante attraverso i browser, utilizziamo &#8220;Google Web Fonts&#8221; di Google LLC (1600 Amphitheatre Parkway, Mountain View, CA 94043, USA; di seguito &#8220;Google&#8221;) su questo sito web per visualizzare i caratteri. La politica sulla privacy del gestore della biblioteca Google pu\u00f2 essere trovata qui: <a href=\"https:\/\/www.google.com\/policies\/privacy\/\">https:\/\/www.google.com\/policies\/privacy\/<\/a><\/p>\n<h3><strong>Contenuto incorporato da altri siti web<\/strong><\/h3>\n<p>I post su questo sito web possono contenere contenuti incorporati (ad esempio video, immagini, articoli, ecc.). Il contenuto incorporato da altri siti web si comporta esattamente come se il visitatore avesse visitato l&#8217;altro sito. Questi siti web possono raccogliere informazioni su di te, utilizzare cookie, incorporare ulteriori servizi di tracciamento di terze parti e registrare la tua interazione con questo contenuto incorporato, compresa la tua interazione con il contenuto incorporato se hai un account e sei loggato in questo sito.<\/p>\n<h3><strong>Uso di Google Analytics<\/strong><\/h3>\n<p>Questo sito web utilizza Google Analytics, un servizio di analisi web fornito da Google LLC, 1600 Amphitheatre Parkway, Mountain View, CA 94043 USA (di seguito: &#8220;Google&#8221;). Google Analytics utilizza dei &#8220;cookies&#8221;, che sono file di testo che vengono depositati sul vostro computer per aiutare il sito web ad analizzare come gli utenti utilizzano il sito. Le informazioni generate dal cookie sull&#8217;utilizzo di questo sito web vengono generalmente trasmesse a un server di Google negli Stati Uniti e l\u00ec memorizzate. Tuttavia, a causa dell&#8217;attivazione dell&#8217;anonimizzazione dell&#8217;IP su questi siti web, il vostro indirizzo IP sar\u00e0 troncato in anticipo da Google all&#8217;interno degli stati membri dell&#8217;Unione Europea o in altri stati contraenti dell&#8217;accordo sullo Spazio Economico Europeo. Solo in casi eccezionali l&#8217;indirizzo IP completo sar\u00e0 trasmesso a un server di Google negli Stati Uniti e l\u00ec abbreviato. Su incarico dell&#8217;operatore di questo sito web, Google utilizzer\u00e0 queste informazioni per valutare il vostro utilizzo del sito web, compilare report sulle attivit\u00e0 del sito web e fornire altri servizi relativi alle attivit\u00e0 del sito web e all&#8217;utilizzo di Internet all&#8217;operatore del sito web. L&#8217;indirizzo IP trasmesso dal suo browser nell&#8217;ambito di Google Analytics non sar\u00e0 unito ad altri dati di Google. Lo scopo del trattamento dei dati \u00e8 quello di valutare l&#8217;uso del sito web e di compilare rapporti sulle attivit\u00e0 del sito web. Ulteriori servizi associati devono poi essere forniti sulla base dell&#8217;uso del sito web e di internet.<\/p>\n<h3><strong>Informativa sulla privacy per l&#8217;uso di LinkedIn<\/strong><\/h3>\n<p>SUB360 GMBH utilizza LinkedIn per scopi pubblicitari e ha installato un plug-in del social network sul suo sito web. LinkedIn Ireland, Privacy Policy Issues, Wilton Plaza, Wilton Place, Dublin 2, Ireland, \u00e8 responsabile delle questioni relative alla protezione dei dati al di fuori degli Stati Uniti. Quando si richiama una pagina dotata di un plug-in di LinkedIn, viene stabilita una connessione tra il browser utilizzato e il server di LinkedIn. Ulteriori informazioni sui plug-in di LinkedIn possono essere trovate su <a href=\"https:\/\/developer.linkedin.com\/plugins\">https:\/\/developer.linkedin.com\/plugins<\/a>. Nell&#8217;ambito di questa procedura, LinkedIn viene a conoscenza di quale sottopagina specifica del sito web di SUB360 GMBH viene visitata dall&#8217;interessato. Le disposizioni applicabili in materia di protezione dei dati di LinkedIn possono essere consultate all&#8217;indirizzo <a href=\"https:\/\/www.linkedin.com\/legal\/privacy-policy\">www.linkedin.com\/legal\/privacy-policy<\/a>. La cookie policy di LinkedIn \u00e8 disponibile all&#8217;indirizzo <a href=\"https:\/\/www.linkedin.com\/legal\/cookie-policy\">https:\/\/www.linkedin.com\/legal\/cookie-policy<\/a>.<\/p>\n<h3><strong>Uso di Google Maps<\/strong><\/h3>\n<p>Su questo sito web utilizziamo il servizio Google Maps. Google Maps \u00e8 gestito da Google LLC, 1600 Amphitheatre Parkway, Mountain View, CA 94043, USA (di seguito &#8220;Google&#8221;). Questo ci permette di visualizzare le mappe interattive direttamente sul sito web e vi permette di utilizzare comodamente la funzione mappa. Potete trovare maggiori informazioni sul trattamento dei dati da parte di <a href=\"https:\/\/www.google.com\/privacypolicy.html\">Google nell&#8217;informativa sulla protezione dei dati<\/a> di Google. L\u00ec puoi anche cambiare le tue impostazioni di protezione dei dati personali nel centro di protezione dei dati.<\/p>\n<h3><strong>Per quanto tempo conserviamo i suoi dati<\/strong><\/h3>\n<p>Se scrivi un commento, sar\u00e0 salvato con i metadati per un periodo di tempo illimitato. In questo modo, possiamo rilevare e approvare automaticamente i commenti successivi invece di tenerli in una coda di moderazione.<\/p>\n<p>Per gli utenti che si registrano sul nostro sito web, memorizziamo inoltre le informazioni personali che forniscono nei loro profili utente. Tutti gli utenti possono visualizzare, cambiare o cancellare le loro informazioni personali in qualsiasi momento (il nome utente non pu\u00f2 essere cambiato). Gli amministratori del sito possono anche visualizzare e modificare queste informazioni.<\/p>\n<h3><strong>Quali diritti ha sui suoi dati<\/strong><\/h3>\n<p>Se hai un account su questo sito web o hai pubblicato dei commenti, puoi richiedere l&#8217;esportazione dei tuoi dati personali, compresi quelli che ci hai fornito. Inoltre, \u00e8 possibile richiedere la cancellazione di tutti i dati personali in nostro possesso. Questo non include i dati che siamo tenuti a conservare per esigenze amministrative, legali o di sicurezza.<\/p>\n<h3><strong>Dove inviamo i suoi dati<\/strong><\/h3>\n<p>I commenti dei visitatori potrebbero essere esaminati da un servizio automatico per il rilevamento dello spam.<\/p>\n<h3><strong>Come proteggiamo i suoi dati<\/strong><\/h3>\n<h4><strong>Crittografia SSL<\/strong><\/h4>\n<p>Per proteggere la sicurezza dei tuoi dati durante la trasmissione, utilizziamo procedure di crittografia all&#8217;avanguardia (ad esempio SSL) tramite HTTPS.<\/p>\n<h3><strong>Cambiamenti<\/strong><\/h3>\n<p>Possiamo modificare questa politica sulla privacy in qualsiasi momento senza preavviso. Si applica la versione attuale pubblicata sul nostro sito web.<\/p>\n<h3><strong>Domande al responsabile della protezione dei dati<\/strong><\/h3>\n<p>Se avete domande sulla protezione dei dati, vi preghiamo di inviarci un&#8217;e-mail a <a href=\"mailto:info@sub360.ch\" data-enc-email=\"vasb[at]csf.pu\" data-wpel-link=\"ignore\">info@sub360<\/a>.ch o di contattarci al seguente indirizzo:<\/p>\n<p>Sub360 GmbH<br \/>\nWangenstrasse 11<br \/>\n8600 D\u00fcbendorf<\/p>\n<p>D\u00fcbendorf, 10. Giugno 2021[\/vc_column_text][\/vc_column][\/vc_row]<\/p>\n","protected":false},"excerpt":{"rendered":"<p>[vc_row content_placement=&#8221;middle&#8221; bg_position=&#8221;right center&#8221; enable_gradient=&#8221;yes&#8221; css=&#8221;.vc_custom_1626855533595{padding-top: 90px !important;padding-bottom: 90px !important;background-color: #efefef !important;background-position: center !important;background-repeat: no-repeat !important;background-size: cover !important;}&#8221; gradient_bg=&#8221;linear-gradient(90deg, rgb(239,239,239) 2.54777%, rgb(255,255,255) 100%)&#8221;][vc_column offset=&#8221;vc_col-md-offset-1 vc_col-md-10&#8243;][\/vc_column][vc_column offset=&#8221;vc_col-md-offset-1 vc_col-md-10&#8243;][\/vc_column][\/vc_row][vc_row equal_height=&#8221;yes&#8221; content_placement=&#8221;middle&#8221; bg_position=&#8221;center top&#8221; enable_gradient=&#8221;yes&#8221; css=&#8221;.vc_custom_1626855506019{padding-bottom: 40px !important;background-position: center !important;background-repeat: no-repeat !important;background-size: contain !important;}&#8221; responsive_css=&#8221;padding_top_medium:0px|padding_bottom_medium:80px&#8221; gradient_bg=&#8221;linear-gradient(90deg, rgb(239,239,239) 2.5477707006369426%, rgb(255,255,255) 100%)&#8221;][vc_column offset=&#8221;vc_col-lg-offset-1 vc_col-lg-10&#8243;][vc_column_text] Datipersonali Quando si accede a questo [&hellip;]<\/p>\n","protected":false},"author":50,"featured_media":0,"parent":0,"menu_order":8,"comment_status":"closed","ping_status":"closed","template":"","meta":{"inline_featured_image":false},"yoast_head":"<!-- This site is optimized with the Yoast SEO plugin v19.5.1 - https:\/\/yoast.com\/wordpress\/plugins\/seo\/ -->\n<title>Protezione dei dati - sub360.ch<\/title>\n<meta name=\"robots\" content=\"index, follow, max-snippet:-1, max-image-preview:large, max-video-preview:-1\" \/>\n<link rel=\"canonical\" href=\"https:\/\/www.sub360.ch\/it\/datenschutz\" \/>\n<meta property=\"og:locale\" content=\"it_IT\" \/>\n<meta property=\"og:type\" content=\"article\" \/>\n<meta property=\"og:title\" content=\"Protezione dei dati - sub360.ch\" \/>\n<meta property=\"og:description\" content=\"[vc_row content_placement=&#8221;middle&#8221; bg_position=&#8221;right center&#8221; enable_gradient=&#8221;yes&#8221; css=&#8221;.vc_custom_1626855533595{padding-top: 90px !important;padding-bottom: 90px !important;background-color: #efefef !important;background-position: center !important;background-repeat: no-repeat !important;background-size: cover !important;}&#8221; gradient_bg=&#8221;linear-gradient(90deg, rgb(239,239,239) 2.54777%, rgb(255,255,255) 100%)&#8221;][vc_column offset=&#8221;vc_col-md-offset-1 vc_col-md-10&#8243;][\/vc_column][vc_column offset=&#8221;vc_col-md-offset-1 vc_col-md-10&#8243;][\/vc_column][\/vc_row][vc_row equal_height=&#8221;yes&#8221; content_placement=&#8221;middle&#8221; bg_position=&#8221;center top&#8221; enable_gradient=&#8221;yes&#8221; css=&#8221;.vc_custom_1626855506019{padding-bottom: 40px !important;background-position: center !important;background-repeat: no-repeat !important;background-size: contain !important;}&#8221; responsive_css=&#8221;padding_top_medium:0px|padding_bottom_medium:80px&#8221; gradient_bg=&#8221;linear-gradient(90deg, rgb(239,239,239) 2.5477707006369426%, rgb(255,255,255) 100%)&#8221;][vc_column offset=&#8221;vc_col-lg-offset-1 vc_col-lg-10&#8243;][vc_column_text] Datipersonali Quando si accede a questo [&hellip;]\" \/>\n<meta property=\"og:url\" content=\"https:\/\/www.sub360.ch\/it\/datenschutz\" \/>\n<meta property=\"og:site_name\" content=\"sub360.ch\" \/>\n<meta property=\"article:publisher\" content=\"https:\/\/www.facebook.com\/sub360ch-109756541395501\/\" \/>\n<meta property=\"article:modified_time\" content=\"2022-07-06T13:45:59+00:00\" \/>\n<meta name=\"twitter:card\" content=\"summary_large_image\" \/>\n<meta name=\"twitter:label1\" content=\"Tempo di lettura stimato\" \/>\n\t<meta name=\"twitter:data1\" content=\"7 minuti\" \/>\n<script type=\"application\/ld+json\" class=\"yoast-schema-graph\">{\"@context\":\"https:\/\/schema.org\",\"@graph\":[{\"@type\":\"WebPage\",\"@id\":\"https:\/\/www.sub360.ch\/it\/datenschutz\",\"url\":\"https:\/\/www.sub360.ch\/it\/datenschutz\",\"name\":\"Protezione dei dati - sub360.ch\",\"isPartOf\":{\"@id\":\"https:\/\/www.sub360.ch\/it#website\"},\"datePublished\":\"2021-06-10T13:59:39+00:00\",\"dateModified\":\"2022-07-06T13:45:59+00:00\",\"breadcrumb\":{\"@id\":\"https:\/\/www.sub360.ch\/it\/datenschutz#breadcrumb\"},\"inLanguage\":\"it-IT\",\"potentialAction\":[{\"@type\":\"ReadAction\",\"target\":[\"https:\/\/www.sub360.ch\/it\/datenschutz\"]}]},{\"@type\":\"BreadcrumbList\",\"@id\":\"https:\/\/www.sub360.ch\/it\/datenschutz#breadcrumb\",\"itemListElement\":[{\"@type\":\"ListItem\",\"position\":1,\"name\":\"Casa\",\"item\":\"https:\/\/www.sub360.ch\/it\/software-hub-homepage\"},{\"@type\":\"ListItem\",\"position\":2,\"name\":\"Protezione dei dati\"}]},{\"@type\":\"WebSite\",\"@id\":\"https:\/\/www.sub360.ch\/it#website\",\"url\":\"https:\/\/www.sub360.ch\/it\",\"name\":\"sub360.ch\",\"description\":\"Plattform f\u00fcr Subunternehmen und Auftraggeber\",\"publisher\":{\"@id\":\"https:\/\/www.sub360.ch\/it#organization\"},\"potentialAction\":[{\"@type\":\"SearchAction\",\"target\":{\"@type\":\"EntryPoint\",\"urlTemplate\":\"https:\/\/www.sub360.ch\/it?s={search_term_string}\"},\"query-input\":\"required name=search_term_string\"}],\"inLanguage\":\"it-IT\"},{\"@type\":\"Organization\",\"@id\":\"https:\/\/www.sub360.ch\/it#organization\",\"name\":\"sub360.ch\",\"url\":\"https:\/\/www.sub360.ch\/it\",\"sameAs\":[\"https:\/\/www.instagram.com\/sub360.ch\/\",\"https:\/\/www.linkedin.com\/company\/sub360-ag\",\"https:\/\/www.facebook.com\/sub360ch-109756541395501\/\"],\"logo\":{\"@type\":\"ImageObject\",\"inLanguage\":\"it-IT\",\"@id\":\"https:\/\/www.sub360.ch\/it#\/schema\/logo\/image\/\",\"url\":\"https:\/\/www.sub360.ch\/wp-content\/uploads\/2021\/07\/Logo_Slogan_Sub360_pos_rgb.svg\",\"contentUrl\":\"https:\/\/www.sub360.ch\/wp-content\/uploads\/2021\/07\/Logo_Slogan_Sub360_pos_rgb.svg\",\"width\":\"1024\",\"height\":\"1024\",\"caption\":\"sub360.ch\"},\"image\":{\"@id\":\"https:\/\/www.sub360.ch\/it#\/schema\/logo\/image\/\"}}]}<\/script>\n<!-- \/ Yoast SEO plugin. -->","yoast_head_json":{"title":"Protezione dei dati - sub360.ch","robots":{"index":"index","follow":"follow","max-snippet":"max-snippet:-1","max-image-preview":"max-image-preview:large","max-video-preview":"max-video-preview:-1"},"canonical":"https:\/\/www.sub360.ch\/it\/datenschutz","og_locale":"it_IT","og_type":"article","og_title":"Protezione dei dati - sub360.ch","og_description":"[vc_row content_placement=&#8221;middle&#8221; bg_position=&#8221;right center&#8221; enable_gradient=&#8221;yes&#8221; css=&#8221;.vc_custom_1626855533595{padding-top: 90px !important;padding-bottom: 90px !important;background-color: #efefef !important;background-position: center !important;background-repeat: no-repeat !important;background-size: cover !important;}&#8221; gradient_bg=&#8221;linear-gradient(90deg, rgb(239,239,239) 2.54777%, rgb(255,255,255) 100%)&#8221;][vc_column offset=&#8221;vc_col-md-offset-1 vc_col-md-10&#8243;][\/vc_column][vc_column offset=&#8221;vc_col-md-offset-1 vc_col-md-10&#8243;][\/vc_column][\/vc_row][vc_row equal_height=&#8221;yes&#8221; content_placement=&#8221;middle&#8221; bg_position=&#8221;center top&#8221; enable_gradient=&#8221;yes&#8221; css=&#8221;.vc_custom_1626855506019{padding-bottom: 40px !important;background-position: center !important;background-repeat: no-repeat !important;background-size: contain !important;}&#8221; responsive_css=&#8221;padding_top_medium:0px|padding_bottom_medium:80px&#8221; gradient_bg=&#8221;linear-gradient(90deg, rgb(239,239,239) 2.5477707006369426%, rgb(255,255,255) 100%)&#8221;][vc_column offset=&#8221;vc_col-lg-offset-1 vc_col-lg-10&#8243;][vc_column_text] Datipersonali Quando si accede a questo [&hellip;]","og_url":"https:\/\/www.sub360.ch\/it\/datenschutz","og_site_name":"sub360.ch","article_publisher":"https:\/\/www.facebook.com\/sub360ch-109756541395501\/","article_modified_time":"2022-07-06T13:45:59+00:00","twitter_card":"summary_large_image","twitter_misc":{"Tempo di lettura stimato":"7 minuti"},"schema":{"@context":"https:\/\/schema.org","@graph":[{"@type":"WebPage","@id":"https:\/\/www.sub360.ch\/it\/datenschutz","url":"https:\/\/www.sub360.ch\/it\/datenschutz","name":"Protezione dei dati - sub360.ch","isPartOf":{"@id":"https:\/\/www.sub360.ch\/it#website"},"datePublished":"2021-06-10T13:59:39+00:00","dateModified":"2022-07-06T13:45:59+00:00","breadcrumb":{"@id":"https:\/\/www.sub360.ch\/it\/datenschutz#breadcrumb"},"inLanguage":"it-IT","potentialAction":[{"@type":"ReadAction","target":["https:\/\/www.sub360.ch\/it\/datenschutz"]}]},{"@type":"BreadcrumbList","@id":"https:\/\/www.sub360.ch\/it\/datenschutz#breadcrumb","itemListElement":[{"@type":"ListItem","position":1,"name":"Casa","item":"https:\/\/www.sub360.ch\/it\/software-hub-homepage"},{"@type":"ListItem","position":2,"name":"Protezione dei dati"}]},{"@type":"WebSite","@id":"https:\/\/www.sub360.ch\/it#website","url":"https:\/\/www.sub360.ch\/it","name":"sub360.ch","description":"Plattform f\u00fcr Subunternehmen und Auftraggeber","publisher":{"@id":"https:\/\/www.sub360.ch\/it#organization"},"potentialAction":[{"@type":"SearchAction","target":{"@type":"EntryPoint","urlTemplate":"https:\/\/www.sub360.ch\/it?s={search_term_string}"},"query-input":"required name=search_term_string"}],"inLanguage":"it-IT"},{"@type":"Organization","@id":"https:\/\/www.sub360.ch\/it#organization","name":"sub360.ch","url":"https:\/\/www.sub360.ch\/it","sameAs":["https:\/\/www.instagram.com\/sub360.ch\/","https:\/\/www.linkedin.com\/company\/sub360-ag","https:\/\/www.facebook.com\/sub360ch-109756541395501\/"],"logo":{"@type":"ImageObject","inLanguage":"it-IT","@id":"https:\/\/www.sub360.ch\/it#\/schema\/logo\/image\/","url":"https:\/\/www.sub360.ch\/wp-content\/uploads\/2021\/07\/Logo_Slogan_Sub360_pos_rgb.svg","contentUrl":"https:\/\/www.sub360.ch\/wp-content\/uploads\/2021\/07\/Logo_Slogan_Sub360_pos_rgb.svg","width":"1024","height":"1024","caption":"sub360.ch"},"image":{"@id":"https:\/\/www.sub360.ch\/it#\/schema\/logo\/image\/"}}]}},"_links":{"self":[{"href":"https:\/\/www.sub360.ch\/it\/wp-json\/wp\/v2\/pages\/2625"}],"collection":[{"href":"https:\/\/www.sub360.ch\/it\/wp-json\/wp\/v2\/pages"}],"about":[{"href":"https:\/\/www.sub360.ch\/it\/wp-json\/wp\/v2\/types\/page"}],"author":[{"embeddable":true,"href":"https:\/\/www.sub360.ch\/it\/wp-json\/wp\/v2\/users\/50"}],"replies":[{"embeddable":true,"href":"https:\/\/www.sub360.ch\/it\/wp-json\/wp\/v2\/comments?post=2625"}],"version-history":[{"count":2,"href":"https:\/\/www.sub360.ch\/it\/wp-json\/wp\/v2\/pages\/2625\/revisions"}],"predecessor-version":[{"id":6561,"href":"https:\/\/www.sub360.ch\/it\/wp-json\/wp\/v2\/pages\/2625\/revisions\/6561"}],"wp:attachment":[{"href":"https:\/\/www.sub360.ch\/it\/wp-json\/wp\/v2\/media?parent=2625"}],"curies":[{"name":"wp","href":"https:\/\/api.w.org\/{rel}","templated":true}]}}