{"id":2844,"date":"2021-07-19T12:48:13","date_gmt":"2021-07-19T10:48:13","guid":{"rendered":"https:\/\/www.sub360.ch\/?page_id=2844"},"modified":"2022-07-06T15:45:53","modified_gmt":"2022-07-06T13:45:53","slug":"programme-de-reference","status":"publish","type":"page","link":"https:\/\/www.sub360.ch\/fr\/programme-de-reference","title":{"rendered":"Programme de r\u00e9f\u00e9rence"},"content":{"rendered":"<p>[vc_row content_placement=\u00a0\u00bbmiddle\u00a0\u00bb bg_position=\u00a0\u00bbright center\u00a0\u00bb css=\u00a0\u00bb.vc_custom_1627384881749{padding-top: 70px !important;padding-bottom: 150px !important;background-position: center !important;background-repeat: no-repeat !important;background-size: cover !important;}\u00a0\u00bb][vc_column width=\u00a0\u00bb3\/4&Prime; offset=\u00a0\u00bbvc_col-lg-7 vc_col-md-offset-1 vc_col-md-7&Prime;]<style>.ld_fancy_heading_69e0547680524 h1{color:#112446;}.ld_fancy_heading_69e0547680524 h1 {font-size:32px; } .ld_fancy_heading_69e0547680524 h1 {line-height:1.2em; } .ld_fancy_heading_69e0547680524 h1 {--element-line-height:1.2em; } .ld_fancy_heading_69e0547680524 .lqd-highlight-inner{height:0.275em;bottom:0px;}.ld_fancy_heading_69e0547680524 h1 {font-size:32px; } .ld_fancy_heading_69e0547680524 h1 {line-height:1.2em; } .ld_fancy_heading_69e0547680524 h1 {--element-line-height:1.2em; } <\/style><div class=\"ld-fancy-heading ld_fancy_heading_69e0547680524\">\n\t<h1 class=\"ld-fh-element lqd-highlight-underline lqd-highlight-grow-left text-decoration-default\"   >  Recommandez et profitez-en !<\/h1><\/div>[\/vc_column][vc_column width=\u00a0\u00bb1\/4&Prime; offset=\u00a0\u00bbvc_col-lg-4 vc_col-md-4&Prime;]<style>.ld_fancy_heading_69e05476807f6 p{color:rgba(255, 255, 255, 0.6);}.ld_fancy_heading_69e05476807f6 p {font-size:22px; } .ld_fancy_heading_69e05476807f6 p {line-height:1.22em; } .ld_fancy_heading_69e05476807f6 p {--element-line-height:1.22em; } @media (min-width: 1200px) { .ld_fancy_heading_69e05476807f6 p {margin-right:10% !important;  }  } .ld_fancy_heading_69e05476807f6 .lqd-highlight-inner{height:0.275em;bottom:0px;}.ld_fancy_heading_69e05476807f6 p {font-size:22px; } .ld_fancy_heading_69e05476807f6 p {line-height:1.22em; } .ld_fancy_heading_69e05476807f6 p {--element-line-height:1.22em; } @media (min-width: 1200px) { .ld_fancy_heading_69e05476807f6 p {margin-right:10% !important;  }  } <\/style><div class=\"ld-fancy-heading ld_fancy_heading_69e05476807f6\">\n\t<\/div>[\/vc_column][\/vc_row][vc_row gap=\u00a0\u00bb10&Prime; css=\u00a0\u00bb.vc_custom_1627385000140{padding-bottom: 120px !important;}\u00a0\u00bb][vc_column enable_column_shadowbox=\u00a0\u00bbyes\u00a0\u00bb css=\u00a0\u00bb.vc_custom_1624556256111{margin-top: -128px !important;border-top-width: 10px !important;padding-top: 60px !important;padding-right: 15px !important;padding-bottom: 60px !important;padding-left: 15px !important;background-color: #ffffff !important;border-top-color: #112446 !important;border-top-style: solid !important;}\u00a0\u00bb offset=\u00a0\u00bbvc_col-md-offset-1 vc_col-md-10&Prime; column_box_shadow=\u00a0\u00bb%5B%7B%22x_offset%22%3A%220%22%2C%22y_offset%22%3A%2220px%22%2C%22blur_radius%22%3A%2290px%22%2C%22shadow_color%22%3A%22rgba(30%2C%2089%2C%20157%2C%200.06)%22%7D%5D\u00a0\u00bb responsive_css=\u00a0\u00bbpadding_right_medium:80px|padding_left_medium:80px|padding_right_small:30px|padding_left_small:30px\u00a0\u00bb][vc_row_inner content_placement=\u00a0\u00bbmiddle\u00a0\u00bb gap=\u00a0\u00bb10&Prime; css=\u00a0\u00bb.vc_custom_1627384928779{margin-bottom: 35px !important;}\u00a0\u00bb][vc_column_inner]<style>.ld_fancy_heading_69e05476809c1 h3 {font-size:24px; } .ld_fancy_heading_69e05476809c1 h3 {font-weight:700; } .ld_fancy_heading_69e05476809c1 .lqd-highlight-inner{height:0.275em;bottom:0px;}.ld_fancy_heading_69e05476809c1 h3 {font-size:24px; } .ld_fancy_heading_69e05476809c1 h3 {font-weight:700; } <\/style><div class=\"ld-fancy-heading ld_fancy_heading_69e05476809c1\">\n\t<h3 class=\"ld-fh-element lqd-highlight-underline lqd-highlight-grow-left text-decoration-default\"   >  Obtenez 10% de r\u00e9duction sur votre prochaine cotisation annuelle par souscription d&rsquo;abonnement gr\u00e2ce \u00e0 votre recommandation.<\/h3><\/div>[\/vc_column_inner][\/vc_row_inner]<style>.ld_cf7_69e0547680bcd input,.ld_cf7_69e0547680bcd textarea,.ld_cf7_69e0547680bcd .ui-button.ui-selectmenu-button{font-size:16px;}.ld_cf7_69e0547680bcd input[type=\"submit\"]{font-size:18px;background:#112446;border-color:#112446;}.ld_cf7_69e0547680bcd input, .ld_cf7_69e0547680bcd select, .ld_cf7_69e0547680bcd textarea, .ld_cf7_69e0547680bcd .ui-button.ui-selectmenu-button, .ld_cf7_69e0547680bcd .wpcf7-form-control-wrap > i, .ld_cf7_69e0547680bcd .wpcf7-radio{color:rgb(57, 68, 90);}.ld_cf7_69e0547680bcd input:focus, .ld_cf7_69e0547680bcd select:focus, .ld_cf7_69e0547680bcd textarea:focus, .ld_cf7_69e0547680bcd .ui-button.ui-selectmenu-button:hover, .wpcf7-acceptance .wpcf7-list-item-label:after{color:rgb(0, 0, 0);}.ld_cf7_69e0547680bcd input, .ld_cf7_69e0547680bcd select, .ld_cf7_69e0547680bcd textarea, .ld_cf7_69e0547680bcd .ui-button.ui-selectmenu-button, .ld_cf7_69e0547680bcd .wpcf7-acceptance .wpcf7-list-item-label:before{border-color:rgba(123, 131, 142, 0.15);}.ld_cf7_69e0547680bcd input:focus, .ld_cf7_69e0547680bcd select:focus, .ld_cf7_69e0547680bcd textarea:focus, .ld_cf7_69e0547680bcd .ui-button.ui-selectmenu-button:hover{border-color:rgba(123, 131, 142, 0.3);}.ld_cf7_69e0547680bcd .wpcf7-form-control-wrap{margin-bottom:20px;}<\/style><div id=\"ld_cf7_69e0547680bcd\" class=\"lqd-contact-form lqd-contact-form-inputs-lg lqd-contact-form-inputs-round lqd-contact-form-button-lg lqd-contact-form-button-block lqd-contact-form-button-round ld_cf7_69e0547680bcd vc_custom_1626884191759\">\n\t<div role=\"form\" class=\"wpcf7\" id=\"wpcf7-f4345-o1\" lang=\"fr-FR\" dir=\"ltr\">\n<div class=\"screen-reader-response\"><p role=\"status\" aria-live=\"polite\" aria-atomic=\"true\"><\/p> <ul><\/ul><\/div>\n<form action=\"\/fr\/wp-json\/wp\/v2\/pages\/2844#wpcf7-f4345-o1\" method=\"post\" class=\"wpcf7-form init\" novalidate=\"novalidate\" data-status=\"init\">\n<div style=\"display: none;\">\n<input type=\"hidden\" name=\"_wpcf7\" value=\"4345\" \/>\n<input type=\"hidden\" name=\"_wpcf7_version\" value=\"5.6.2\" \/>\n<input type=\"hidden\" name=\"_wpcf7_locale\" value=\"fr_FR\" \/>\n<input type=\"hidden\" name=\"_wpcf7_unit_tag\" value=\"wpcf7-f4345-o1\" \/>\n<input type=\"hidden\" name=\"_wpcf7_container_post\" value=\"0\" \/>\n<input type=\"hidden\" name=\"_wpcf7_posted_data_hash\" value=\"\" \/>\n<input type=\"hidden\" name=\"_wpcf7_recaptcha_response\" value=\"\" \/>\n<\/div>\n<div class=\"row\">\n<div class=\"col-md-6\"> <label>Vor- und Nachname*<\/label> <span class=\"wpcf7-form-control-wrap\" data-name=\"text-name\"><input type=\"text\" name=\"text-name\" value=\"\" size=\"40\" class=\"wpcf7-form-control wpcf7-text wpcf7-validates-as-required\" aria-required=\"true\" aria-invalid=\"false\" \/><\/span><\/div>\n<div class=\"col-md-6\"> <label>Firma*<\/label> <span class=\"wpcf7-form-control-wrap\" data-name=\"text-firma\"><input type=\"text\" name=\"text-firma\" value=\"\" size=\"40\" class=\"wpcf7-form-control wpcf7-text wpcf7-validates-as-required\" aria-required=\"true\" aria-invalid=\"false\" \/><\/span><\/div>\n<div class=\"col-md-6\"> <label>E-mail*<\/label> <span class=\"wpcf7-form-control-wrap\" data-name=\"email-873\"><input type=\"email\" name=\"email-873\" value=\"\" size=\"40\" class=\"wpcf7-form-control wpcf7-text wpcf7-email wpcf7-validates-as-required wpcf7-validates-as-email\" aria-required=\"true\" aria-invalid=\"false\" \/><\/span><\/div>\n<div class=\"col-md-6\"> <label>Telefon*<\/label> <span class=\"wpcf7-form-control-wrap\" data-name=\"tel-969\"><input type=\"tel\" name=\"tel-969\" value=\"\" size=\"40\" class=\"wpcf7-form-control wpcf7-text wpcf7-tel wpcf7-validates-as-required wpcf7-validates-as-tel\" aria-required=\"true\" aria-invalid=\"false\" \/><\/span><\/div>\n<div class=\"col-md-12\">\n<h5 class=\"mb-0\">1. Empfehlung<\/h5>\n<\/div>\n<div class=\"col-md-4\"> <label>Firma \/ Ansprechsperson<\/label> <span class=\"wpcf7-form-control-wrap\" data-name=\"name-1\"><input type=\"text\" name=\"name-1\" value=\"\" size=\"40\" class=\"wpcf7-form-control wpcf7-text\" aria-invalid=\"false\" \/><\/span><\/div>\n<div class=\"col-md-4\"> <label>E-Mail<\/label> <span class=\"wpcf7-form-control-wrap\" data-name=\"email-1\"><input type=\"email\" name=\"email-1\" value=\"\" size=\"40\" class=\"wpcf7-form-control wpcf7-text wpcf7-email wpcf7-validates-as-email\" aria-invalid=\"false\" \/><\/span><\/div>\n<div class=\"col-md-4\"> <label>Tel.<\/label> <span class=\"wpcf7-form-control-wrap\" data-name=\"tel-1\"><input type=\"text\" name=\"tel-1\" value=\"\" size=\"40\" class=\"wpcf7-form-control wpcf7-text\" aria-invalid=\"false\" \/><\/span><\/div>\n<div class=\"col-md-12\">\n<h5 class=\"mb-0\">2. Empfehlung<\/h5>\n<\/div>\n<div class=\"col-md-4\"> <label>Firma \/ Ansprechsperson<\/label> <span class=\"wpcf7-form-control-wrap\" data-name=\"name-2\"><input type=\"text\" name=\"name-2\" value=\"\" size=\"40\" class=\"wpcf7-form-control wpcf7-text\" aria-invalid=\"false\" \/><\/span><\/div>\n<div class=\"col-md-4\"> <label>E-Mail<\/label> <span class=\"wpcf7-form-control-wrap\" data-name=\"email-2\"><input type=\"email\" name=\"email-2\" value=\"\" size=\"40\" class=\"wpcf7-form-control wpcf7-text wpcf7-email wpcf7-validates-as-email\" aria-invalid=\"false\" \/><\/span><\/div>\n<div class=\"col-md-4\"> <label>Tel.<\/label> <span class=\"wpcf7-form-control-wrap\" data-name=\"tel-2\"><input type=\"text\" name=\"tel-2\" value=\"\" size=\"40\" class=\"wpcf7-form-control wpcf7-text\" aria-invalid=\"false\" \/><\/span><\/div>\n<div class=\"col-md-12\">\n<h5 class=\"mb-0\">3. Empfehlung<\/h5>\n<\/div>\n<div class=\"col-md-4\"> <label>Firma \/ Ansprechsperson<\/label> <span class=\"wpcf7-form-control-wrap\" data-name=\"name-3\"><input type=\"text\" name=\"name-3\" value=\"\" size=\"40\" class=\"wpcf7-form-control wpcf7-text\" aria-invalid=\"false\" \/><\/span><\/div>\n<div class=\"col-md-4\"> <label>E-Mail<\/label> <span class=\"wpcf7-form-control-wrap\" data-name=\"email-3\"><input type=\"email\" name=\"email-3\" value=\"\" size=\"40\" class=\"wpcf7-form-control wpcf7-text wpcf7-email wpcf7-validates-as-email\" aria-invalid=\"false\" \/><\/span><\/div>\n<div class=\"col-md-4\"> <label>Tel.<\/label> <span class=\"wpcf7-form-control-wrap\" data-name=\"tel-3\"><input type=\"text\" name=\"tel-3\" value=\"\" size=\"40\" class=\"wpcf7-form-control wpcf7-text\" aria-invalid=\"false\" \/><\/span><\/div>\n<div class=\"col-md-12\">\n<h5 class=\"mb-0\">4. Empfehlung<\/h5>\n<\/div>\n<div class=\"col-md-4\"> <label>Firma \/ Ansprechsperson<\/label> <span class=\"wpcf7-form-control-wrap\" data-name=\"name-4\"><input type=\"text\" name=\"name-4\" value=\"\" size=\"40\" class=\"wpcf7-form-control wpcf7-text\" aria-invalid=\"false\" \/><\/span><\/div>\n<div class=\"col-md-4\"> <label>E-Mail<\/label> <span class=\"wpcf7-form-control-wrap\" data-name=\"email-4\"><input type=\"email\" name=\"email-4\" value=\"\" size=\"40\" class=\"wpcf7-form-control wpcf7-text wpcf7-email wpcf7-validates-as-email\" aria-invalid=\"false\" \/><\/span><\/div>\n<div class=\"col-md-4\"> <label>Tel.<\/label> <span class=\"wpcf7-form-control-wrap\" data-name=\"tel-4\"><input type=\"text\" name=\"tel-4\" value=\"\" size=\"40\" class=\"wpcf7-form-control wpcf7-text\" aria-invalid=\"false\" \/><\/span><\/div>\n<div class=\"col-md-12\">\n<h5 class=\"mb-0\">5. Empfehlung<\/h5>\n<\/div>\n<div class=\"col-md-4\"> <label>Firma \/ Ansprechsperson<\/label> <span class=\"wpcf7-form-control-wrap\" data-name=\"name-5\"><input type=\"text\" name=\"name-5\" value=\"\" size=\"40\" class=\"wpcf7-form-control wpcf7-text\" aria-invalid=\"false\" \/><\/span><\/div>\n<div class=\"col-md-4\"> <label>E-Mail<\/label> <span class=\"wpcf7-form-control-wrap\" data-name=\"email-5\"><input type=\"email\" name=\"email-5\" value=\"\" size=\"40\" class=\"wpcf7-form-control wpcf7-text wpcf7-email wpcf7-validates-as-email\" aria-invalid=\"false\" \/><\/span><\/div>\n<div class=\"col-md-4\"> <label>Tel.<\/label> <span class=\"wpcf7-form-control-wrap\" data-name=\"tel-5\"><input type=\"text\" name=\"tel-5\" value=\"\" size=\"40\" class=\"wpcf7-form-control wpcf7-text\" aria-invalid=\"false\" \/><\/span><\/div>\n<div class=\"col-md-12\"><input type=\"submit\" value=\"Senden\" class=\"wpcf7-form-control has-spinner wpcf7-submit\" \/><\/div>\n<\/div>\n<div class=\"wpcf7-response-output\" aria-hidden=\"true\"><\/div><\/form><\/div><\/div>[\/vc_column][\/vc_row]<\/p>\n","protected":false},"excerpt":{"rendered":"<p>[vc_row content_placement=\u00a0\u00bbmiddle\u00a0\u00bb bg_position=\u00a0\u00bbright center\u00a0\u00bb css=\u00a0\u00bb.vc_custom_1627384881749{padding-top: 70px !important;padding-bottom: 150px !important;background-position: center !important;background-repeat: no-repeat !important;background-size: cover !important;}\u00a0\u00bb][vc_column width=\u00a0\u00bb3\/4&Prime; offset=\u00a0\u00bbvc_col-lg-7 vc_col-md-offset-1 vc_col-md-7&Prime;][\/vc_column][vc_column width=\u00a0\u00bb1\/4&Prime; offset=\u00a0\u00bbvc_col-lg-4 vc_col-md-4&Prime;][\/vc_column][\/vc_row][vc_row gap=\u00a0\u00bb10&Prime; css=\u00a0\u00bb.vc_custom_1627385000140{padding-bottom: 120px !important;}\u00a0\u00bb][vc_column enable_column_shadowbox=\u00a0\u00bbyes\u00a0\u00bb css=\u00a0\u00bb.vc_custom_1624556256111{margin-top: -128px !important;border-top-width: 10px !important;padding-top: 60px !important;padding-right: 15px !important;padding-bottom: 60px !important;padding-left: 15px !important;background-color: #ffffff !important;border-top-color: #112446 !important;border-top-style: solid !important;}\u00a0\u00bb offset=\u00a0\u00bbvc_col-md-offset-1 vc_col-md-10&Prime; column_box_shadow=\u00a0\u00bb%5B%7B%22x_offset%22%3A%220%22%2C%22y_offset%22%3A%2220px%22%2C%22blur_radius%22%3A%2290px%22%2C%22shadow_color%22%3A%22rgba(30%2C%2089%2C%20157%2C%200.06)%22%7D%5D\u00a0\u00bb responsive_css=\u00a0\u00bbpadding_right_medium:80px|padding_left_medium:80px|padding_right_small:30px|padding_left_small:30px\u00a0\u00bb][vc_row_inner content_placement=\u00a0\u00bbmiddle\u00a0\u00bb gap=\u00a0\u00bb10&Prime; css=\u00a0\u00bb.vc_custom_1627384928779{margin-bottom: 35px !important;}\u00a0\u00bb][vc_column_inner][\/vc_column_inner][\/vc_row_inner][\/vc_column][\/vc_row]<\/p>\n","protected":false},"author":50,"featured_media":0,"parent":0,"menu_order":5,"comment_status":"closed","ping_status":"closed","template":"","meta":{"inline_featured_image":false},"yoast_head":"<!-- This site is optimized with the Yoast SEO plugin v19.5.1 - https:\/\/yoast.com\/wordpress\/plugins\/seo\/ -->\n<title>Programme de r\u00e9f\u00e9rence - sub360.ch<\/title>\n<meta name=\"robots\" content=\"index, follow, max-snippet:-1, max-image-preview:large, max-video-preview:-1\" \/>\n<link rel=\"canonical\" href=\"https:\/\/www.sub360.ch\/fr\/programme-de-reference\" \/>\n<meta property=\"og:locale\" content=\"fr_FR\" \/>\n<meta property=\"og:type\" content=\"article\" \/>\n<meta property=\"og:title\" content=\"Programme de r\u00e9f\u00e9rence - sub360.ch\" \/>\n<meta property=\"og:description\" content=\"[vc_row content_placement=\u00a0\u00bbmiddle\u00a0\u00bb bg_position=\u00a0\u00bbright center\u00a0\u00bb css=\u00a0\u00bb.vc_custom_1627384881749{padding-top: 70px !important;padding-bottom: 150px !important;background-position: center !important;background-repeat: no-repeat !important;background-size: cover !important;}\u00a0\u00bb][vc_column width=\u00a0\u00bb3\/4&Prime; offset=\u00a0\u00bbvc_col-lg-7 vc_col-md-offset-1 vc_col-md-7&Prime;][\/vc_column][vc_column width=\u00a0\u00bb1\/4&Prime; offset=\u00a0\u00bbvc_col-lg-4 vc_col-md-4&Prime;][\/vc_column][\/vc_row][vc_row gap=\u00a0\u00bb10&Prime; css=\u00a0\u00bb.vc_custom_1627385000140{padding-bottom: 120px !important;}\u00a0\u00bb][vc_column enable_column_shadowbox=\u00a0\u00bbyes\u00a0\u00bb css=\u00a0\u00bb.vc_custom_1624556256111{margin-top: -128px !important;border-top-width: 10px !important;padding-top: 60px !important;padding-right: 15px !important;padding-bottom: 60px !important;padding-left: 15px !important;background-color: #ffffff !important;border-top-color: #112446 !important;border-top-style: solid !important;}\u00a0\u00bb offset=\u00a0\u00bbvc_col-md-offset-1 vc_col-md-10&Prime; column_box_shadow=\u00a0\u00bb%5B%7B%22x_offset%22%3A%220%22%2C%22y_offset%22%3A%2220px%22%2C%22blur_radius%22%3A%2290px%22%2C%22shadow_color%22%3A%22rgba(30%2C%2089%2C%20157%2C%200.06)%22%7D%5D\u00a0\u00bb responsive_css=\u00a0\u00bbpadding_right_medium:80px|padding_left_medium:80px|padding_right_small:30px|padding_left_small:30px\u00a0\u00bb][vc_row_inner content_placement=\u00a0\u00bbmiddle\u00a0\u00bb gap=\u00a0\u00bb10&Prime; css=\u00a0\u00bb.vc_custom_1627384928779{margin-bottom: 35px !important;}\u00a0\u00bb][vc_column_inner][\/vc_column_inner][\/vc_row_inner][\/vc_column][\/vc_row]\" \/>\n<meta property=\"og:url\" content=\"https:\/\/www.sub360.ch\/fr\/programme-de-reference\" \/>\n<meta property=\"og:site_name\" content=\"sub360.ch\" \/>\n<meta property=\"article:publisher\" content=\"https:\/\/www.facebook.com\/sub360ch-109756541395501\/\" \/>\n<meta property=\"article:modified_time\" content=\"2022-07-06T13:45:53+00:00\" \/>\n<meta name=\"twitter:card\" content=\"summary_large_image\" \/>\n<meta name=\"twitter:label1\" content=\"Dur\u00e9e de lecture estim\u00e9e\" \/>\n\t<meta name=\"twitter:data1\" content=\"2 minutes\" \/>\n<script type=\"application\/ld+json\" class=\"yoast-schema-graph\">{\"@context\":\"https:\/\/schema.org\",\"@graph\":[{\"@type\":\"WebPage\",\"@id\":\"https:\/\/www.sub360.ch\/fr\/programme-de-reference\",\"url\":\"https:\/\/www.sub360.ch\/fr\/programme-de-reference\",\"name\":\"Programme de r\u00e9f\u00e9rence - sub360.ch\",\"isPartOf\":{\"@id\":\"https:\/\/www.sub360.ch\/fr#website\"},\"datePublished\":\"2021-07-19T10:48:13+00:00\",\"dateModified\":\"2022-07-06T13:45:53+00:00\",\"breadcrumb\":{\"@id\":\"https:\/\/www.sub360.ch\/fr\/programme-de-reference#breadcrumb\"},\"inLanguage\":\"fr-FR\",\"potentialAction\":[{\"@type\":\"ReadAction\",\"target\":[\"https:\/\/www.sub360.ch\/fr\/programme-de-reference\"]}]},{\"@type\":\"BreadcrumbList\",\"@id\":\"https:\/\/www.sub360.ch\/fr\/programme-de-reference#breadcrumb\",\"itemListElement\":[{\"@type\":\"ListItem\",\"position\":1,\"name\":\"Home\",\"item\":\"https:\/\/www.sub360.ch\/fr\/software-hub-homepage\"},{\"@type\":\"ListItem\",\"position\":2,\"name\":\"Programme de r\u00e9f\u00e9rence\"}]},{\"@type\":\"WebSite\",\"@id\":\"https:\/\/www.sub360.ch\/fr#website\",\"url\":\"https:\/\/www.sub360.ch\/fr\",\"name\":\"sub360.ch\",\"description\":\"Plattform f\u00fcr Subunternehmen und Auftraggeber\",\"publisher\":{\"@id\":\"https:\/\/www.sub360.ch\/fr#organization\"},\"potentialAction\":[{\"@type\":\"SearchAction\",\"target\":{\"@type\":\"EntryPoint\",\"urlTemplate\":\"https:\/\/www.sub360.ch\/fr?s={search_term_string}\"},\"query-input\":\"required name=search_term_string\"}],\"inLanguage\":\"fr-FR\"},{\"@type\":\"Organization\",\"@id\":\"https:\/\/www.sub360.ch\/fr#organization\",\"name\":\"sub360.ch\",\"url\":\"https:\/\/www.sub360.ch\/fr\",\"sameAs\":[\"https:\/\/www.instagram.com\/sub360.ch\/\",\"https:\/\/www.linkedin.com\/company\/sub360-ag\",\"https:\/\/www.facebook.com\/sub360ch-109756541395501\/\"],\"logo\":{\"@type\":\"ImageObject\",\"inLanguage\":\"fr-FR\",\"@id\":\"https:\/\/www.sub360.ch\/fr#\/schema\/logo\/image\/\",\"url\":\"https:\/\/www.sub360.ch\/wp-content\/uploads\/2021\/07\/Logo_Slogan_Sub360_pos_rgb.svg\",\"contentUrl\":\"https:\/\/www.sub360.ch\/wp-content\/uploads\/2021\/07\/Logo_Slogan_Sub360_pos_rgb.svg\",\"width\":\"1024\",\"height\":\"1024\",\"caption\":\"sub360.ch\"},\"image\":{\"@id\":\"https:\/\/www.sub360.ch\/fr#\/schema\/logo\/image\/\"}}]}<\/script>\n<!-- \/ Yoast SEO plugin. -->","yoast_head_json":{"title":"Programme de r\u00e9f\u00e9rence - sub360.ch","robots":{"index":"index","follow":"follow","max-snippet":"max-snippet:-1","max-image-preview":"max-image-preview:large","max-video-preview":"max-video-preview:-1"},"canonical":"https:\/\/www.sub360.ch\/fr\/programme-de-reference","og_locale":"fr_FR","og_type":"article","og_title":"Programme de r\u00e9f\u00e9rence - sub360.ch","og_description":"[vc_row content_placement=\u00a0\u00bbmiddle\u00a0\u00bb bg_position=\u00a0\u00bbright center\u00a0\u00bb css=\u00a0\u00bb.vc_custom_1627384881749{padding-top: 70px !important;padding-bottom: 150px !important;background-position: center !important;background-repeat: no-repeat !important;background-size: cover !important;}\u00a0\u00bb][vc_column width=\u00a0\u00bb3\/4&Prime; offset=\u00a0\u00bbvc_col-lg-7 vc_col-md-offset-1 vc_col-md-7&Prime;][\/vc_column][vc_column width=\u00a0\u00bb1\/4&Prime; offset=\u00a0\u00bbvc_col-lg-4 vc_col-md-4&Prime;][\/vc_column][\/vc_row][vc_row gap=\u00a0\u00bb10&Prime; css=\u00a0\u00bb.vc_custom_1627385000140{padding-bottom: 120px !important;}\u00a0\u00bb][vc_column enable_column_shadowbox=\u00a0\u00bbyes\u00a0\u00bb css=\u00a0\u00bb.vc_custom_1624556256111{margin-top: -128px !important;border-top-width: 10px !important;padding-top: 60px !important;padding-right: 15px !important;padding-bottom: 60px !important;padding-left: 15px !important;background-color: #ffffff !important;border-top-color: #112446 !important;border-top-style: solid !important;}\u00a0\u00bb offset=\u00a0\u00bbvc_col-md-offset-1 vc_col-md-10&Prime; column_box_shadow=\u00a0\u00bb%5B%7B%22x_offset%22%3A%220%22%2C%22y_offset%22%3A%2220px%22%2C%22blur_radius%22%3A%2290px%22%2C%22shadow_color%22%3A%22rgba(30%2C%2089%2C%20157%2C%200.06)%22%7D%5D\u00a0\u00bb responsive_css=\u00a0\u00bbpadding_right_medium:80px|padding_left_medium:80px|padding_right_small:30px|padding_left_small:30px\u00a0\u00bb][vc_row_inner content_placement=\u00a0\u00bbmiddle\u00a0\u00bb gap=\u00a0\u00bb10&Prime; css=\u00a0\u00bb.vc_custom_1627384928779{margin-bottom: 35px !important;}\u00a0\u00bb][vc_column_inner][\/vc_column_inner][\/vc_row_inner][\/vc_column][\/vc_row]","og_url":"https:\/\/www.sub360.ch\/fr\/programme-de-reference","og_site_name":"sub360.ch","article_publisher":"https:\/\/www.facebook.com\/sub360ch-109756541395501\/","article_modified_time":"2022-07-06T13:45:53+00:00","twitter_card":"summary_large_image","twitter_misc":{"Dur\u00e9e de lecture estim\u00e9e":"2 minutes"},"schema":{"@context":"https:\/\/schema.org","@graph":[{"@type":"WebPage","@id":"https:\/\/www.sub360.ch\/fr\/programme-de-reference","url":"https:\/\/www.sub360.ch\/fr\/programme-de-reference","name":"Programme de r\u00e9f\u00e9rence - sub360.ch","isPartOf":{"@id":"https:\/\/www.sub360.ch\/fr#website"},"datePublished":"2021-07-19T10:48:13+00:00","dateModified":"2022-07-06T13:45:53+00:00","breadcrumb":{"@id":"https:\/\/www.sub360.ch\/fr\/programme-de-reference#breadcrumb"},"inLanguage":"fr-FR","potentialAction":[{"@type":"ReadAction","target":["https:\/\/www.sub360.ch\/fr\/programme-de-reference"]}]},{"@type":"BreadcrumbList","@id":"https:\/\/www.sub360.ch\/fr\/programme-de-reference#breadcrumb","itemListElement":[{"@type":"ListItem","position":1,"name":"Home","item":"https:\/\/www.sub360.ch\/fr\/software-hub-homepage"},{"@type":"ListItem","position":2,"name":"Programme de r\u00e9f\u00e9rence"}]},{"@type":"WebSite","@id":"https:\/\/www.sub360.ch\/fr#website","url":"https:\/\/www.sub360.ch\/fr","name":"sub360.ch","description":"Plattform f\u00fcr Subunternehmen und Auftraggeber","publisher":{"@id":"https:\/\/www.sub360.ch\/fr#organization"},"potentialAction":[{"@type":"SearchAction","target":{"@type":"EntryPoint","urlTemplate":"https:\/\/www.sub360.ch\/fr?s={search_term_string}"},"query-input":"required name=search_term_string"}],"inLanguage":"fr-FR"},{"@type":"Organization","@id":"https:\/\/www.sub360.ch\/fr#organization","name":"sub360.ch","url":"https:\/\/www.sub360.ch\/fr","sameAs":["https:\/\/www.instagram.com\/sub360.ch\/","https:\/\/www.linkedin.com\/company\/sub360-ag","https:\/\/www.facebook.com\/sub360ch-109756541395501\/"],"logo":{"@type":"ImageObject","inLanguage":"fr-FR","@id":"https:\/\/www.sub360.ch\/fr#\/schema\/logo\/image\/","url":"https:\/\/www.sub360.ch\/wp-content\/uploads\/2021\/07\/Logo_Slogan_Sub360_pos_rgb.svg","contentUrl":"https:\/\/www.sub360.ch\/wp-content\/uploads\/2021\/07\/Logo_Slogan_Sub360_pos_rgb.svg","width":"1024","height":"1024","caption":"sub360.ch"},"image":{"@id":"https:\/\/www.sub360.ch\/fr#\/schema\/logo\/image\/"}}]}},"_links":{"self":[{"href":"https:\/\/www.sub360.ch\/fr\/wp-json\/wp\/v2\/pages\/2844"}],"collection":[{"href":"https:\/\/www.sub360.ch\/fr\/wp-json\/wp\/v2\/pages"}],"about":[{"href":"https:\/\/www.sub360.ch\/fr\/wp-json\/wp\/v2\/types\/page"}],"author":[{"embeddable":true,"href":"https:\/\/www.sub360.ch\/fr\/wp-json\/wp\/v2\/users\/50"}],"replies":[{"embeddable":true,"href":"https:\/\/www.sub360.ch\/fr\/wp-json\/wp\/v2\/comments?post=2844"}],"version-history":[{"count":1,"href":"https:\/\/www.sub360.ch\/fr\/wp-json\/wp\/v2\/pages\/2844\/revisions"}],"predecessor-version":[{"id":6738,"href":"https:\/\/www.sub360.ch\/fr\/wp-json\/wp\/v2\/pages\/2844\/revisions\/6738"}],"wp:attachment":[{"href":"https:\/\/www.sub360.ch\/fr\/wp-json\/wp\/v2\/media?parent=2844"}],"curies":[{"name":"wp","href":"https:\/\/api.w.org\/{rel}","templated":true}]}}