{"id":2628,"date":"2021-06-10T15:44:00","date_gmt":"2021-06-10T13:44:00","guid":{"rendered":"https:\/\/www.sub360.ch\/impressum\/"},"modified":"2022-07-06T15:45:56","modified_gmt":"2022-07-06T13:45:56","slug":"impressum","status":"publish","type":"page","link":"https:\/\/www.sub360.ch\/fr\/impressum","title":{"rendered":"Impression"},"content":{"rendered":"<p>[vc_row content_placement=\u00a0\u00bbmiddle\u00a0\u00bb bg_position=\u00a0\u00bbright center\u00a0\u00bb enable_gradient=\u00a0\u00bbyes\u00a0\u00bb css=\u00a0\u00bb.vc_custom_1637756780532{padding-top: 60px !important;background-position: center !important;background-repeat: no-repeat !important;background-size: cover !important;}\u00a0\u00bb gradient_bg=\u00a0\u00bblinear-gradient(90deg, rgb(239, 239, 239) 0%, rgb(255, 255, 255) 100%)\u00a0\u00bb][vc_column offset=\u00a0\u00bbvc_col-md-offset-1 vc_col-md-10&Prime;]<style>.ld_fancy_heading_69e0539b837ba h1{color:#112446;}.ld_fancy_heading_69e0539b837ba h1 {font-size:48px; } @media (min-width: 768px) { .ld_fancy_heading_69e0539b837ba h1 {font-size:57px; }  } .ld_fancy_heading_69e0539b837ba h1 {line-height:0.9em; } .ld_fancy_heading_69e0539b837ba h1 {--element-line-height:0.9em; } .ld_fancy_heading_69e0539b837ba .lqd-highlight-inner{height:0.275em;bottom:0px;}.ld_fancy_heading_69e0539b837ba h1 {font-size:48px; } @media (min-width: 768px) { .ld_fancy_heading_69e0539b837ba h1 {font-size:57px; }  } .ld_fancy_heading_69e0539b837ba h1 {line-height:0.9em; } .ld_fancy_heading_69e0539b837ba h1 {--element-line-height:0.9em; } <\/style><div class=\"ld-fancy-heading ld_fancy_heading_69e0539b837ba\">\n\t<h1 class=\"ld-fh-element lqd-highlight-underline lqd-highlight-grow-left text-decoration-default\"   >  Impression<\/h1><\/div>[\/vc_column][\/vc_row][vc_row equal_height=\u00a0\u00bbyes\u00a0\u00bb content_placement=\u00a0\u00bbmiddle\u00a0\u00bb bg_position=\u00a0\u00bbcenter top\u00a0\u00bb enable_gradient=\u00a0\u00bbyes\u00a0\u00bb css=\u00a0\u00bb.vc_custom_1626855389304{padding-bottom: 40px !important;background-color: #ffffff !important;background-position: center !important;background-repeat: no-repeat !important;background-size: contain !important;}\u00a0\u00bb responsive_css=\u00a0\u00bbpadding_bottom_medium:80px\u00a0\u00bb gradient_bg=\u00a0\u00bblinear-gradient(90deg, rgb(239,239,239) 0%, rgb(255,255,255) 100%)\u00a0\u00bb][vc_column offset=\u00a0\u00bbvc_col-md-offset-1 vc_col-md-10&Prime;][vc_column_text]<\/p>\n<h3 class=\"mt-4 mb-2\">Adresse de contact<\/h3>\n<p>sub360 GmbH<br \/>\nWangenstrasse 11<br \/>\n8600 D\u00fcbendorf<\/p>\n<h3 class=\"mt-4 mb-2\">Inscription au registre du commerce<\/h3>\n<p>Num\u00e9ro CHE-<\/p>\n<h3 class=\"mt-4 mb-2\">Avis de non-responsabilit\u00e9<\/h3>\n<p>La soci\u00e9t\u00e9 sub360 GmbH se r\u00e9serve le droit de ne pas \u00eatre responsable de l&rsquo;actualit\u00e9, de l&rsquo;exactitude, de l&rsquo;exhaustivit\u00e9 ou de la qualit\u00e9 des informations fournies. Les droits de responsabilit\u00e9 \u00e0 l&rsquo;encontre de la soci\u00e9t\u00e9 sub360 GmbH concernant des dommages mat\u00e9riels ou immat\u00e9riels caus\u00e9s par l&rsquo;utilisation ou la non-utilisation des informations fournies ou par l&rsquo;utilisation d&rsquo;informations incorrectes ou incompl\u00e8tes sont en principe exclus, sauf s&rsquo;il peut \u00eatre prouv\u00e9 que la soci\u00e9t\u00e9 sub360 GmbH a agi intentionnellement ou par n\u00e9gligence grave. Toutes les offres sont susceptibles d&rsquo;\u00eatre modifi\u00e9es et ne sont pas contraignantes. Des parties de pages ou l&rsquo;ensemble de la publication, y compris toutes les offres et informations, peuvent \u00eatre \u00e9tendues, modifi\u00e9es ou partiellement ou totalement supprim\u00e9es par sub360 GmbH sans annonce s\u00e9par\u00e9e.<\/p>\n<h3 class=\"mt-4 mb-2\">Responsabilit\u00e9 pour les liens<\/h3>\n<p>Les r\u00e9f\u00e9rences et les liens vers des sites web de tiers ne rel\u00e8vent pas de notre domaine de responsabilit\u00e9. Toute responsabilit\u00e9 concernant ces sites web est rejet\u00e9e. L&rsquo;acc\u00e8s \u00e0 ces sites et leur utilisation se font aux risques et p\u00e9rils de l&rsquo;utilisateur.<\/p>\n<h3 class=\"mt-4 mb-2\">Droit d&rsquo;auteur et droit des marques<\/h3>\n<p>La soci\u00e9t\u00e9 sub360 GmbH s&rsquo;efforce de respecter les droits d&rsquo;auteur des images, des graphiques, des documents sonores, des s\u00e9quences vid\u00e9o et des textes utilis\u00e9s dans toutes les publications, d&rsquo;utiliser des images, des graphiques, des documents sonores, des s\u00e9quences vid\u00e9o et des textes qu&rsquo;elle a elle-m\u00eame cr\u00e9\u00e9s ou d&rsquo;utiliser des graphiques, des documents sonores, des s\u00e9quences vid\u00e9o et des textes sans licence.<\/p>\n<p>Toutes les marques et marques d\u00e9pos\u00e9es mentionn\u00e9es sur le site web et, le cas \u00e9ch\u00e9ant, prot\u00e9g\u00e9es par des tiers, sont soumises sans restriction aux dispositions du droit des marques applicable et aux droits de propri\u00e9t\u00e9 des propri\u00e9taires enregistr\u00e9s respectifs. La simple mention d&rsquo;une marque ne signifie pas qu&rsquo;elle n&rsquo;est pas prot\u00e9g\u00e9e par les droits de tiers.<\/p>\n<p>Le droit d&rsquo;auteur pour les objets publi\u00e9s cr\u00e9\u00e9s par la soci\u00e9t\u00e9 SARL Sub360 elle-m\u00eame reste exclusivement la propri\u00e9t\u00e9 de la soci\u00e9t\u00e9 SARL Sub360. Toute duplication ou utilisation d&rsquo;objets tels que des diagrammes, des sons ou des textes dans d&rsquo;autres publications \u00e9lectroniques ou imprim\u00e9es n&rsquo;est pas autoris\u00e9e sans l&rsquo;accord de la soci\u00e9t\u00e9 sub360 GmbH.[\/vc_column_text][\/vc_column][\/vc_row]<\/p>\n","protected":false},"excerpt":{"rendered":"<p>[vc_row content_placement=\u00a0\u00bbmiddle\u00a0\u00bb bg_position=\u00a0\u00bbright center\u00a0\u00bb enable_gradient=\u00a0\u00bbyes\u00a0\u00bb css=\u00a0\u00bb.vc_custom_1637756780532{padding-top: 60px !important;background-position: center !important;background-repeat: no-repeat !important;background-size: cover !important;}\u00a0\u00bb gradient_bg=\u00a0\u00bblinear-gradient(90deg, rgb(239, 239, 239) 0%, rgb(255, 255, 255) 100%)\u00a0\u00bb][vc_column offset=\u00a0\u00bbvc_col-md-offset-1 vc_col-md-10&Prime;][\/vc_column][\/vc_row][vc_row equal_height=\u00a0\u00bbyes\u00a0\u00bb content_placement=\u00a0\u00bbmiddle\u00a0\u00bb bg_position=\u00a0\u00bbcenter top\u00a0\u00bb enable_gradient=\u00a0\u00bbyes\u00a0\u00bb css=\u00a0\u00bb.vc_custom_1626855389304{padding-bottom: 40px !important;background-color: #ffffff !important;background-position: center !important;background-repeat: no-repeat !important;background-size: contain !important;}\u00a0\u00bb responsive_css=\u00a0\u00bbpadding_bottom_medium:80px\u00a0\u00bb gradient_bg=\u00a0\u00bblinear-gradient(90deg, rgb(239,239,239) 0%, rgb(255,255,255) 100%)\u00a0\u00bb][vc_column offset=\u00a0\u00bbvc_col-md-offset-1 vc_col-md-10&Prime;][vc_column_text] Adresse de contact sub360 GmbH Wangenstrasse [&hellip;]<\/p>\n","protected":false},"author":50,"featured_media":0,"parent":0,"menu_order":6,"comment_status":"closed","ping_status":"closed","template":"","meta":{"inline_featured_image":false},"yoast_head":"<!-- This site is optimized with the Yoast SEO plugin v19.5.1 - https:\/\/yoast.com\/wordpress\/plugins\/seo\/ -->\n<title>Impression - sub360.ch<\/title>\n<meta name=\"robots\" content=\"index, follow, max-snippet:-1, max-image-preview:large, max-video-preview:-1\" \/>\n<link rel=\"canonical\" href=\"https:\/\/www.sub360.ch\/fr\/impressum\" \/>\n<meta property=\"og:locale\" content=\"fr_FR\" \/>\n<meta property=\"og:type\" content=\"article\" \/>\n<meta property=\"og:title\" content=\"Impression - sub360.ch\" \/>\n<meta property=\"og:description\" content=\"[vc_row content_placement=\u00a0\u00bbmiddle\u00a0\u00bb bg_position=\u00a0\u00bbright center\u00a0\u00bb enable_gradient=\u00a0\u00bbyes\u00a0\u00bb css=\u00a0\u00bb.vc_custom_1637756780532{padding-top: 60px !important;background-position: center !important;background-repeat: no-repeat !important;background-size: cover !important;}\u00a0\u00bb gradient_bg=\u00a0\u00bblinear-gradient(90deg, rgb(239, 239, 239) 0%, rgb(255, 255, 255) 100%)\u00a0\u00bb][vc_column offset=\u00a0\u00bbvc_col-md-offset-1 vc_col-md-10&Prime;][\/vc_column][\/vc_row][vc_row equal_height=\u00a0\u00bbyes\u00a0\u00bb content_placement=\u00a0\u00bbmiddle\u00a0\u00bb bg_position=\u00a0\u00bbcenter top\u00a0\u00bb enable_gradient=\u00a0\u00bbyes\u00a0\u00bb css=\u00a0\u00bb.vc_custom_1626855389304{padding-bottom: 40px !important;background-color: #ffffff !important;background-position: center !important;background-repeat: no-repeat !important;background-size: contain !important;}\u00a0\u00bb responsive_css=\u00a0\u00bbpadding_bottom_medium:80px\u00a0\u00bb gradient_bg=\u00a0\u00bblinear-gradient(90deg, rgb(239,239,239) 0%, rgb(255,255,255) 100%)\u00a0\u00bb][vc_column offset=\u00a0\u00bbvc_col-md-offset-1 vc_col-md-10&Prime;][vc_column_text] Adresse de contact sub360 GmbH Wangenstrasse [&hellip;]\" \/>\n<meta property=\"og:url\" content=\"https:\/\/www.sub360.ch\/fr\/impressum\" \/>\n<meta property=\"og:site_name\" content=\"sub360.ch\" \/>\n<meta property=\"article:publisher\" content=\"https:\/\/www.facebook.com\/sub360ch-109756541395501\/\" \/>\n<meta property=\"article:modified_time\" content=\"2022-07-06T13:45:56+00:00\" \/>\n<meta name=\"twitter:card\" content=\"summary_large_image\" \/>\n<meta name=\"twitter:label1\" content=\"Dur\u00e9e de lecture estim\u00e9e\" \/>\n\t<meta name=\"twitter:data1\" content=\"3 minutes\" \/>\n<script type=\"application\/ld+json\" class=\"yoast-schema-graph\">{\"@context\":\"https:\/\/schema.org\",\"@graph\":[{\"@type\":\"WebPage\",\"@id\":\"https:\/\/www.sub360.ch\/fr\/impressum\",\"url\":\"https:\/\/www.sub360.ch\/fr\/impressum\",\"name\":\"Impression - sub360.ch\",\"isPartOf\":{\"@id\":\"https:\/\/www.sub360.ch\/fr#website\"},\"datePublished\":\"2021-06-10T13:44:00+00:00\",\"dateModified\":\"2022-07-06T13:45:56+00:00\",\"breadcrumb\":{\"@id\":\"https:\/\/www.sub360.ch\/fr\/impressum#breadcrumb\"},\"inLanguage\":\"fr-FR\",\"potentialAction\":[{\"@type\":\"ReadAction\",\"target\":[\"https:\/\/www.sub360.ch\/fr\/impressum\"]}]},{\"@type\":\"BreadcrumbList\",\"@id\":\"https:\/\/www.sub360.ch\/fr\/impressum#breadcrumb\",\"itemListElement\":[{\"@type\":\"ListItem\",\"position\":1,\"name\":\"Home\",\"item\":\"https:\/\/www.sub360.ch\/fr\/software-hub-homepage\"},{\"@type\":\"ListItem\",\"position\":2,\"name\":\"Impression\"}]},{\"@type\":\"WebSite\",\"@id\":\"https:\/\/www.sub360.ch\/fr#website\",\"url\":\"https:\/\/www.sub360.ch\/fr\",\"name\":\"sub360.ch\",\"description\":\"Plattform f\u00fcr Subunternehmen und Auftraggeber\",\"publisher\":{\"@id\":\"https:\/\/www.sub360.ch\/fr#organization\"},\"potentialAction\":[{\"@type\":\"SearchAction\",\"target\":{\"@type\":\"EntryPoint\",\"urlTemplate\":\"https:\/\/www.sub360.ch\/fr?s={search_term_string}\"},\"query-input\":\"required name=search_term_string\"}],\"inLanguage\":\"fr-FR\"},{\"@type\":\"Organization\",\"@id\":\"https:\/\/www.sub360.ch\/fr#organization\",\"name\":\"sub360.ch\",\"url\":\"https:\/\/www.sub360.ch\/fr\",\"sameAs\":[\"https:\/\/www.instagram.com\/sub360.ch\/\",\"https:\/\/www.linkedin.com\/company\/sub360-ag\",\"https:\/\/www.facebook.com\/sub360ch-109756541395501\/\"],\"logo\":{\"@type\":\"ImageObject\",\"inLanguage\":\"fr-FR\",\"@id\":\"https:\/\/www.sub360.ch\/fr#\/schema\/logo\/image\/\",\"url\":\"https:\/\/www.sub360.ch\/wp-content\/uploads\/2021\/07\/Logo_Slogan_Sub360_pos_rgb.svg\",\"contentUrl\":\"https:\/\/www.sub360.ch\/wp-content\/uploads\/2021\/07\/Logo_Slogan_Sub360_pos_rgb.svg\",\"width\":\"1024\",\"height\":\"1024\",\"caption\":\"sub360.ch\"},\"image\":{\"@id\":\"https:\/\/www.sub360.ch\/fr#\/schema\/logo\/image\/\"}}]}<\/script>\n<!-- \/ Yoast SEO plugin. -->","yoast_head_json":{"title":"Impression - sub360.ch","robots":{"index":"index","follow":"follow","max-snippet":"max-snippet:-1","max-image-preview":"max-image-preview:large","max-video-preview":"max-video-preview:-1"},"canonical":"https:\/\/www.sub360.ch\/fr\/impressum","og_locale":"fr_FR","og_type":"article","og_title":"Impression - sub360.ch","og_description":"[vc_row content_placement=\u00a0\u00bbmiddle\u00a0\u00bb bg_position=\u00a0\u00bbright center\u00a0\u00bb enable_gradient=\u00a0\u00bbyes\u00a0\u00bb css=\u00a0\u00bb.vc_custom_1637756780532{padding-top: 60px !important;background-position: center !important;background-repeat: no-repeat !important;background-size: cover !important;}\u00a0\u00bb gradient_bg=\u00a0\u00bblinear-gradient(90deg, rgb(239, 239, 239) 0%, rgb(255, 255, 255) 100%)\u00a0\u00bb][vc_column offset=\u00a0\u00bbvc_col-md-offset-1 vc_col-md-10&Prime;][\/vc_column][\/vc_row][vc_row equal_height=\u00a0\u00bbyes\u00a0\u00bb content_placement=\u00a0\u00bbmiddle\u00a0\u00bb bg_position=\u00a0\u00bbcenter top\u00a0\u00bb enable_gradient=\u00a0\u00bbyes\u00a0\u00bb css=\u00a0\u00bb.vc_custom_1626855389304{padding-bottom: 40px !important;background-color: #ffffff !important;background-position: center !important;background-repeat: no-repeat !important;background-size: contain !important;}\u00a0\u00bb responsive_css=\u00a0\u00bbpadding_bottom_medium:80px\u00a0\u00bb gradient_bg=\u00a0\u00bblinear-gradient(90deg, rgb(239,239,239) 0%, rgb(255,255,255) 100%)\u00a0\u00bb][vc_column offset=\u00a0\u00bbvc_col-md-offset-1 vc_col-md-10&Prime;][vc_column_text] Adresse de contact sub360 GmbH Wangenstrasse [&hellip;]","og_url":"https:\/\/www.sub360.ch\/fr\/impressum","og_site_name":"sub360.ch","article_publisher":"https:\/\/www.facebook.com\/sub360ch-109756541395501\/","article_modified_time":"2022-07-06T13:45:56+00:00","twitter_card":"summary_large_image","twitter_misc":{"Dur\u00e9e de lecture estim\u00e9e":"3 minutes"},"schema":{"@context":"https:\/\/schema.org","@graph":[{"@type":"WebPage","@id":"https:\/\/www.sub360.ch\/fr\/impressum","url":"https:\/\/www.sub360.ch\/fr\/impressum","name":"Impression - sub360.ch","isPartOf":{"@id":"https:\/\/www.sub360.ch\/fr#website"},"datePublished":"2021-06-10T13:44:00+00:00","dateModified":"2022-07-06T13:45:56+00:00","breadcrumb":{"@id":"https:\/\/www.sub360.ch\/fr\/impressum#breadcrumb"},"inLanguage":"fr-FR","potentialAction":[{"@type":"ReadAction","target":["https:\/\/www.sub360.ch\/fr\/impressum"]}]},{"@type":"BreadcrumbList","@id":"https:\/\/www.sub360.ch\/fr\/impressum#breadcrumb","itemListElement":[{"@type":"ListItem","position":1,"name":"Home","item":"https:\/\/www.sub360.ch\/fr\/software-hub-homepage"},{"@type":"ListItem","position":2,"name":"Impression"}]},{"@type":"WebSite","@id":"https:\/\/www.sub360.ch\/fr#website","url":"https:\/\/www.sub360.ch\/fr","name":"sub360.ch","description":"Plattform f\u00fcr Subunternehmen und Auftraggeber","publisher":{"@id":"https:\/\/www.sub360.ch\/fr#organization"},"potentialAction":[{"@type":"SearchAction","target":{"@type":"EntryPoint","urlTemplate":"https:\/\/www.sub360.ch\/fr?s={search_term_string}"},"query-input":"required name=search_term_string"}],"inLanguage":"fr-FR"},{"@type":"Organization","@id":"https:\/\/www.sub360.ch\/fr#organization","name":"sub360.ch","url":"https:\/\/www.sub360.ch\/fr","sameAs":["https:\/\/www.instagram.com\/sub360.ch\/","https:\/\/www.linkedin.com\/company\/sub360-ag","https:\/\/www.facebook.com\/sub360ch-109756541395501\/"],"logo":{"@type":"ImageObject","inLanguage":"fr-FR","@id":"https:\/\/www.sub360.ch\/fr#\/schema\/logo\/image\/","url":"https:\/\/www.sub360.ch\/wp-content\/uploads\/2021\/07\/Logo_Slogan_Sub360_pos_rgb.svg","contentUrl":"https:\/\/www.sub360.ch\/wp-content\/uploads\/2021\/07\/Logo_Slogan_Sub360_pos_rgb.svg","width":"1024","height":"1024","caption":"sub360.ch"},"image":{"@id":"https:\/\/www.sub360.ch\/fr#\/schema\/logo\/image\/"}}]}},"_links":{"self":[{"href":"https:\/\/www.sub360.ch\/fr\/wp-json\/wp\/v2\/pages\/2628"}],"collection":[{"href":"https:\/\/www.sub360.ch\/fr\/wp-json\/wp\/v2\/pages"}],"about":[{"href":"https:\/\/www.sub360.ch\/fr\/wp-json\/wp\/v2\/types\/page"}],"author":[{"embeddable":true,"href":"https:\/\/www.sub360.ch\/fr\/wp-json\/wp\/v2\/users\/50"}],"replies":[{"embeddable":true,"href":"https:\/\/www.sub360.ch\/fr\/wp-json\/wp\/v2\/comments?post=2628"}],"version-history":[{"count":5,"href":"https:\/\/www.sub360.ch\/fr\/wp-json\/wp\/v2\/pages\/2628\/revisions"}],"predecessor-version":[{"id":6659,"href":"https:\/\/www.sub360.ch\/fr\/wp-json\/wp\/v2\/pages\/2628\/revisions\/6659"}],"wp:attachment":[{"href":"https:\/\/www.sub360.ch\/fr\/wp-json\/wp\/v2\/media?parent=2628"}],"curies":[{"name":"wp","href":"https:\/\/api.w.org\/{rel}","templated":true}]}}