{"id":2624,"date":"2021-06-10T15:59:39","date_gmt":"2021-06-10T13:59:39","guid":{"rendered":"https:\/\/www.sub360.ch\/datenschutz\/"},"modified":"2022-07-06T15:45:59","modified_gmt":"2022-07-06T13:45:59","slug":"datenschutz","status":"publish","type":"page","link":"https:\/\/www.sub360.ch\/fr\/datenschutz","title":{"rendered":"Protection des donn\u00e9es"},"content":{"rendered":"<p>[vc_row content_placement=\u00a0\u00bbmiddle\u00a0\u00bb bg_position=\u00a0\u00bbright center\u00a0\u00bb enable_gradient=\u00a0\u00bbyes\u00a0\u00bb css=\u00a0\u00bb.vc_custom_1626855533595{padding-top: 90px !important;padding-bottom: 90px !important;background-color: #efefef !important;background-position: center !important;background-repeat: no-repeat !important;background-size: cover !important;}\u00a0\u00bb gradient_bg=\u00a0\u00bblinear-gradient(90deg, rgb(239,239,239) 2.54777%, rgb(255,255,255) 100%)\u00a0\u00bb][vc_column offset=\u00a0\u00bbvc_col-md-offset-1 vc_col-md-10&Prime;]<style>.ld_fancy_heading_69e072c2e7c00 h1{color:#112446;}.ld_fancy_heading_69e072c2e7c00 h1 {font-size:48px; } @media (min-width: 768px) { .ld_fancy_heading_69e072c2e7c00 h1 {font-size:57px; }  } .ld_fancy_heading_69e072c2e7c00 h1 {line-height:0.9em; } .ld_fancy_heading_69e072c2e7c00 h1 {--element-line-height:0.9em; } .ld_fancy_heading_69e072c2e7c00 .lqd-highlight-inner{height:0.275em;bottom:0px;}.ld_fancy_heading_69e072c2e7c00 h1 {font-size:48px; } @media (min-width: 768px) { .ld_fancy_heading_69e072c2e7c00 h1 {font-size:57px; }  } .ld_fancy_heading_69e072c2e7c00 h1 {line-height:0.9em; } .ld_fancy_heading_69e072c2e7c00 h1 {--element-line-height:0.9em; } <\/style><div class=\"ld-fancy-heading ld_fancy_heading_69e072c2e7c00\">\n\t<h1 class=\"ld-fh-element lqd-highlight-underline lqd-highlight-grow-left text-decoration-default\"   >  Politique de confidentialit\u00e9 du site web de sub360 GmbH<\/h1><\/div>[\/vc_column][vc_column offset=\u00a0\u00bbvc_col-md-offset-1 vc_col-md-10&Prime;]<style>.ld_fancy_heading_69e072c2ea921 p{color:#3a5071;}.ld_fancy_heading_69e072c2ea921 p {font-size:22px; } .ld_fancy_heading_69e072c2ea921 p {line-height:1.22em; } .ld_fancy_heading_69e072c2ea921 p {--element-line-height:1.22em; } .ld_fancy_heading_69e072c2ea921 .lqd-highlight-inner{height:0.275em;bottom:0px;}.ld_fancy_heading_69e072c2ea921 p {font-size:22px; } .ld_fancy_heading_69e072c2ea921 p {line-height:1.22em; } .ld_fancy_heading_69e072c2ea921 p {--element-line-height:1.22em; } <\/style><div class=\"ld-fancy-heading ld_fancy_heading_69e072c2ea921\">\n\t<p class=\"ld-fh-element lqd-highlight-underline lqd-highlight-grow-left text-decoration-default\"   >  La protection des donn\u00e9es est extr\u00eamement importante pour Sub360 GmbH. Nous sommes guid\u00e9s par le r\u00e8glement g\u00e9n\u00e9ral sur la protection des donn\u00e9es de l&rsquo;UE (RGPD) et la loi f\u00e9d\u00e9rale suisse sur la protection des donn\u00e9es. <\/p><\/div>[\/vc_column][\/vc_row][vc_row equal_height=\u00a0\u00bbyes\u00a0\u00bb content_placement=\u00a0\u00bbmiddle\u00a0\u00bb bg_position=\u00a0\u00bbcenter top\u00a0\u00bb enable_gradient=\u00a0\u00bbyes\u00a0\u00bb css=\u00a0\u00bb.vc_custom_1626855506019{padding-bottom: 40px !important;background-position: center !important;background-repeat: no-repeat !important;background-size: contain !important;}\u00a0\u00bb responsive_css=\u00a0\u00bbpadding_top_medium:0px|padding_bottom_medium:80px\u00a0\u00bb gradient_bg=\u00a0\u00bblinear-gradient(90deg, rgb(239,239,239) 2.5477707006369426%, rgb(255,255,255) 100%)\u00a0\u00bb][vc_column offset=\u00a0\u00bbvc_col-lg-offset-1 vc_col-lg-10&Prime;][vc_column_text]<\/p>\n<h3>Donn\u00e9es <strong>personnelles<\/strong><\/h3>\n<p>Lorsque vous acc\u00e9dez \u00e0 ce site web, des informations de nature g\u00e9n\u00e9rale sont automatiquement identifi\u00e9es. Ces informations sont recueillies dans le fichier journal du serveur et comprennent le type de navigateur web, le syst\u00e8me d&rsquo;exploitation utilis\u00e9, le nom de domaine de votre fournisseur d&rsquo;acc\u00e8s \u00e0 Internet, votre adresse IP, etc. La raison en est la suivante :<\/p>\n<ul>\n<li>Assurer une connexion fluide du site web<\/li>\n<li>Assurer une bonne utilisation de notre site web<\/li>\n<li>\u00c9valuation de la s\u00e9curit\u00e9 et de la stabilit\u00e9 du syst\u00e8me, et<\/li>\n<li>\u00e0 d&rsquo;autres fins administratives<\/li>\n<\/ul>\n<p>Vos donn\u00e9es ne seront pas utilis\u00e9es pour tirer des conclusions sur votre personne. Les informations de ce type sont uniquement \u00e9valu\u00e9es statistiquement afin d&rsquo;optimiser notre site web et la technologie qui le sous-tend.<\/p>\n<h3><strong>P\u00e9riode de stockage<\/strong><\/h3>\n<p>Les donn\u00e9es sont supprim\u00e9es d\u00e8s qu&rsquo;elles ne sont plus n\u00e9cessaires \u00e0 la finalit\u00e9 pour laquelle elles ont \u00e9t\u00e9 collect\u00e9es. C&rsquo;est g\u00e9n\u00e9ralement le cas pour les donn\u00e9es utilis\u00e9es pour fournir le site web lorsque la session respective est termin\u00e9e.<\/p>\n<h3><strong>Formulaires de contact<\/strong><\/h3>\n<p>Les donn\u00e9es que vous saisissez seront stock\u00e9es dans le but d&rsquo;une communication individuelle avec vous. \u00c0 cette fin, il est n\u00e9cessaire de fournir une adresse \u00e9lectronique valide et votre nom. Ces donn\u00e9es sont utilis\u00e9es pour l&rsquo;attribution de la demande et la r\u00e9ponse qui y est apport\u00e9e. La fourniture d&rsquo;autres donn\u00e9es est facultative.<\/p>\n<h3><strong>Cookies<\/strong><\/h3>\n<p>Lorsque vous visitez notre site web, des cookies suppl\u00e9mentaires sont enregistr\u00e9s dans votre navigateur. Ces cookies ne contiennent pas de donn\u00e9es personnelles et se r\u00e9f\u00e8rent uniquement \u00e0 l&rsquo;ID de la session. Les cookies expirent apr\u00e8s un jour.<\/p>\n<h3><strong>Utilisation de biblioth\u00e8ques de scripts (Google Web Fonts)<\/strong><\/h3>\n<p>Afin d&rsquo;afficher notre contenu correctement et d&rsquo;une mani\u00e8re graphiquement attrayante sur tous les navigateurs, nous utilisons sur ce site Web \u00ab\u00a0Google Web Fonts\u00a0\u00bb de Google LLC (1600 Amphitheatre Parkway, Mountain View, CA 94043, USA ; ci-apr\u00e8s \u00ab\u00a0Google\u00a0\u00bb) pour afficher les polices. La politique de confidentialit\u00e9 de l&rsquo;op\u00e9rateur de la biblioth\u00e8que, Google, peut \u00eatre consult\u00e9e ici : <a href=\"https:\/\/www.google.com\/policies\/privacy\/\">https:\/\/www.google.com\/policies\/privacy\/<\/a><\/p>\n<h3><strong>Contenu int\u00e9gr\u00e9 d&rsquo;autres sites web<\/strong><\/h3>\n<p>Les articles publi\u00e9s sur ce site web peuvent contenir du contenu int\u00e9gr\u00e9 (par exemple, des vid\u00e9os, des images, des articles, etc.). Le contenu int\u00e9gr\u00e9 d&rsquo;autres sites web se comporte exactement comme si le visiteur avait visit\u00e9 l&rsquo;autre site web. Ces sites web peuvent recueillir des informations vous concernant, utiliser des cookies, int\u00e9grer des services de suivi suppl\u00e9mentaires de tiers et enregistrer votre interaction avec ce contenu int\u00e9gr\u00e9, y compris votre interaction avec le contenu int\u00e9gr\u00e9 si vous avez un compte et \u00eates connect\u00e9 \u00e0 ce site web. Traduit avec www.DeepL.com\/Translator (version gratuite)<\/p>\n<h3><strong>Utilisation de Google Analytics<\/strong><\/h3>\n<p>Ce site Web utilise Google Analytics, un service d&rsquo;analyse Web fourni par Google LLC, 1600 Amphitheatre Parkway, Mountain View, CA 94043 USA (ci-apr\u00e8s d\u00e9nomm\u00e9 \u00ab\u00a0Google\u00a0\u00bb). Google Analytics utilise des \u00ab\u00a0cookies\u00a0\u00bb, qui sont des fichiers texte plac\u00e9s sur votre ordinateur, pour aider le site internet \u00e0 analyser l&rsquo;utilisation du site par ses utilisateurs. Les informations g\u00e9n\u00e9r\u00e9es par les cookies concernant votre utilisation de ce site Web sont g\u00e9n\u00e9ralement transmises \u00e0 un serveur de Google aux \u00c9tats-Unis et y sont stock\u00e9es. Toutefois, en raison de l&rsquo;activation de l&rsquo;anonymisation IP sur ces sites, votre adresse IP sera pr\u00e9alablement tronqu\u00e9e par Google dans les \u00c9tats membres de l&rsquo;Union europ\u00e9enne ou dans d&rsquo;autres \u00c9tats contractants de l&rsquo;accord sur l&rsquo;Espace \u00e9conomique europ\u00e9en. Ce n&rsquo;est que dans des cas exceptionnels que l&rsquo;adresse IP compl\u00e8te sera transmise \u00e0 un serveur de Google aux \u00c9tats-Unis et y sera raccourcie. Au nom de l&rsquo;exploitant de ce site Web, Google utilisera ces informations pour \u00e9valuer votre utilisation du site, compiler des rapports sur l&rsquo;activit\u00e9 du site et fournir d&rsquo;autres services li\u00e9s \u00e0 l&rsquo;activit\u00e9 du site et \u00e0 l&rsquo;utilisation d&rsquo;Internet \u00e0 l&rsquo;exploitant du site. L&rsquo;adresse IP transmise par votre navigateur dans le cadre de Google Analytics ne sera pas fusionn\u00e9e avec d&rsquo;autres donn\u00e9es de Google. La finalit\u00e9 du traitement des donn\u00e9es est d&rsquo;\u00e9valuer l&rsquo;utilisation du site web et de compiler des rapports sur les activit\u00e9s du site web. D&rsquo;autres services associ\u00e9s doivent ensuite \u00eatre fournis sur la base de l&rsquo;utilisation du site web et de l&rsquo;internet.<\/p>\n<h3><strong>Politique de confidentialit\u00e9 pour l&rsquo;utilisation de LinkedIn<\/strong><\/h3>\n<p>SUB360 GMBH utilise LinkedIn \u00e0 des fins publicitaires et a install\u00e9 un plug-in du r\u00e9seau social sur son site web. LinkedIn Ireland, Privacy Policy Issues, Wilton Plaza, Wilton Place, Dublin 2, Ireland, est responsable des questions de protection des donn\u00e9es en dehors des \u00c9tats-Unis. Lors de l&rsquo;appel d&rsquo;une page dot\u00e9e d&rsquo;un plug-in LinkedIn, une connexion est \u00e9tablie entre le navigateur utilis\u00e9 et le serveur LinkedIn. Vous trouverez de plus amples informations sur les plug-ins LinkedIn \u00e0 l&rsquo;adresse <a href=\"https:\/\/developer.linkedin.com\/plugins\">https:\/\/developer.linkedin.com\/plugins<\/a>. Dans le cadre de cette proc\u00e9dure, LinkedIn obtient la connaissance de quelle sous-page sp\u00e9cifique du site web SUB360 GMBH est visit\u00e9e par la personne concern\u00e9e. Les dispositions applicables en mati\u00e8re de protection des donn\u00e9es de LinkedIn sont accessibles \u00e0 l&rsquo;adresse <a href=\"https:\/\/www.linkedin.com\/legal\/privacy-policy\">www.linkedin.com\/legal\/privacy-policy<\/a>. La politique en mati\u00e8re de cookies de LinkedIn est disponible \u00e0 l&rsquo;adresse <a href=\"https:\/\/www.linkedin.com\/legal\/cookie-policy\">https:\/\/www.linkedin.com\/legal\/cookie-policy<\/a>.<\/p>\n<h3><strong>Utilisation de Google Maps<\/strong><\/h3>\n<p>Nous utilisons le service Google Maps sur ce site web. Google Maps est exploit\u00e9 par Google LLC, 1600 Amphitheatre Parkway, Mountain View, CA 94043, \u00c9tats-Unis (ci-apr\u00e8s \u00ab\u00a0Google\u00a0\u00bb). Cela nous permet d&rsquo;afficher des cartes interactives directement sur le site web et vous permet d&rsquo;utiliser la fonction carte de mani\u00e8re pratique. Vous trouverez de plus amples informations sur le traitement des donn\u00e9es par <a href=\"https:\/\/www.google.com\/privacypolicy.html\">Google dans les informations sur la protection<\/a> des donn\u00e9es de Google. Vous pouvez \u00e9galement y modifier vos param\u00e8tres de protection des donn\u00e9es personnelles dans le centre de protection des donn\u00e9es.<\/p>\n<h3><strong>Combien de temps nous conservons vos donn\u00e9es<\/strong><\/h3>\n<p>Si vous \u00e9crivez un commentaire, il sera sauvegard\u00e9, y compris les m\u00e9tadonn\u00e9es, pour une dur\u00e9e illimit\u00e9e. De cette fa\u00e7on, nous pouvons d\u00e9tecter et approuver automatiquement les commentaires de suivi au lieu de les garder dans une file d&rsquo;attente de mod\u00e9ration.<\/p>\n<p>Pour les utilisateurs qui s&rsquo;inscrivent sur notre site web, nous stockons en outre les informations personnelles qu&rsquo;ils fournissent dans leur profil d&rsquo;utilisateur. Tous les utilisateurs peuvent consulter, modifier ou supprimer leurs informations personnelles \u00e0 tout moment (le nom d&rsquo;utilisateur ne peut \u00eatre modifi\u00e9). Les administrateurs du site web peuvent \u00e9galement consulter et modifier ces informations.<\/p>\n<h3><strong>Les droits dont vous disposez sur vos donn\u00e9es<\/strong><\/h3>\n<p>Si vous avez un compte sur ce site web ou si vous avez publi\u00e9 des commentaires, vous pouvez demander l&rsquo;exportation de vos donn\u00e9es personnelles, y compris celles que vous nous avez fournies. En outre, vous pouvez demander la suppression de toutes les donn\u00e9es personnelles que nous d\u00e9tenons \u00e0 votre sujet. Cela ne comprend pas les donn\u00e9es que nous sommes tenus de conserver pour des raisons administratives, juridiques ou de s\u00e9curit\u00e9.<\/p>\n<h3><strong>O\u00f9 nous envoyons vos donn\u00e9es<\/strong><\/h3>\n<p>Les commentaires des visiteurs pourraient \u00eatre examin\u00e9s par un service automatis\u00e9 pour la d\u00e9tection des spams.<\/p>\n<h3><strong>Comment nous prot\u00e9geons vos donn\u00e9es<\/strong><\/h3>\n<h4><strong>Cryptage SSL<\/strong><\/h4>\n<p>Pour prot\u00e9ger la s\u00e9curit\u00e9 de vos donn\u00e9es lors de leur transmission, nous utilisons des proc\u00e9dures de cryptage de pointe (par exemple SSL) via HTTPS.<\/p>\n<h3><strong>Changements<\/strong><\/h3>\n<p>Nous pouvons modifier cette politique de confidentialit\u00e9 \u00e0 tout moment sans pr\u00e9avis. La version actuelle publi\u00e9e sur notre site web s&rsquo;applique.<\/p>\n<h3><strong>Questions au d\u00e9l\u00e9gu\u00e9 \u00e0 la protection des donn\u00e9es<\/strong><\/h3>\n<p>Si vous avez des questions sur la protection des donn\u00e9es, veuillez nous envoyer un courriel \u00e0 l&rsquo;adresse <a href=\"mailto:info@sub360.ch\" data-enc-email=\"vasb[at]csf.pu\" data-wpel-link=\"ignore\">info@sub360.ch<\/a> ou nous contacter \u00e0 l&rsquo;adresse suivante :<\/p>\n<p>Sub360 GmbH<br \/>\nWangenstrasse 11<br \/>\n8600 D\u00fcbendorf<\/p>\n<p>D\u00fcbendorf, 10. Juin 2021[\/vc_column_text][\/vc_column][\/vc_row]<\/p>\n","protected":false},"excerpt":{"rendered":"<p>[vc_row content_placement=\u00a0\u00bbmiddle\u00a0\u00bb bg_position=\u00a0\u00bbright center\u00a0\u00bb enable_gradient=\u00a0\u00bbyes\u00a0\u00bb css=\u00a0\u00bb.vc_custom_1626855533595{padding-top: 90px !important;padding-bottom: 90px !important;background-color: #efefef !important;background-position: center !important;background-repeat: no-repeat !important;background-size: cover !important;}\u00a0\u00bb gradient_bg=\u00a0\u00bblinear-gradient(90deg, rgb(239,239,239) 2.54777%, rgb(255,255,255) 100%)\u00a0\u00bb][vc_column offset=\u00a0\u00bbvc_col-md-offset-1 vc_col-md-10&Prime;][\/vc_column][vc_column offset=\u00a0\u00bbvc_col-md-offset-1 vc_col-md-10&Prime;][\/vc_column][\/vc_row][vc_row equal_height=\u00a0\u00bbyes\u00a0\u00bb content_placement=\u00a0\u00bbmiddle\u00a0\u00bb bg_position=\u00a0\u00bbcenter top\u00a0\u00bb enable_gradient=\u00a0\u00bbyes\u00a0\u00bb css=\u00a0\u00bb.vc_custom_1626855506019{padding-bottom: 40px !important;background-position: center !important;background-repeat: no-repeat !important;background-size: contain !important;}\u00a0\u00bb responsive_css=\u00a0\u00bbpadding_top_medium:0px|padding_bottom_medium:80px\u00a0\u00bb gradient_bg=\u00a0\u00bblinear-gradient(90deg, rgb(239,239,239) 2.5477707006369426%, rgb(255,255,255) 100%)\u00a0\u00bb][vc_column offset=\u00a0\u00bbvc_col-lg-offset-1 vc_col-lg-10&Prime;][vc_column_text] Donn\u00e9es personnelles Lorsque vous acc\u00e9dez \u00e0 [&hellip;]<\/p>\n","protected":false},"author":50,"featured_media":0,"parent":0,"menu_order":8,"comment_status":"closed","ping_status":"closed","template":"","meta":{"inline_featured_image":false},"yoast_head":"<!-- This site is optimized with the Yoast SEO plugin v19.5.1 - https:\/\/yoast.com\/wordpress\/plugins\/seo\/ -->\n<title>Protection des donn\u00e9es - sub360.ch<\/title>\n<meta name=\"robots\" content=\"index, follow, max-snippet:-1, max-image-preview:large, max-video-preview:-1\" \/>\n<link rel=\"canonical\" href=\"https:\/\/www.sub360.ch\/fr\/datenschutz\" \/>\n<meta property=\"og:locale\" content=\"fr_FR\" \/>\n<meta property=\"og:type\" content=\"article\" \/>\n<meta property=\"og:title\" content=\"Protection des donn\u00e9es - sub360.ch\" \/>\n<meta property=\"og:description\" content=\"[vc_row content_placement=\u00a0\u00bbmiddle\u00a0\u00bb bg_position=\u00a0\u00bbright center\u00a0\u00bb enable_gradient=\u00a0\u00bbyes\u00a0\u00bb css=\u00a0\u00bb.vc_custom_1626855533595{padding-top: 90px !important;padding-bottom: 90px !important;background-color: #efefef !important;background-position: center !important;background-repeat: no-repeat !important;background-size: cover !important;}\u00a0\u00bb gradient_bg=\u00a0\u00bblinear-gradient(90deg, rgb(239,239,239) 2.54777%, rgb(255,255,255) 100%)\u00a0\u00bb][vc_column offset=\u00a0\u00bbvc_col-md-offset-1 vc_col-md-10&Prime;][\/vc_column][vc_column offset=\u00a0\u00bbvc_col-md-offset-1 vc_col-md-10&Prime;][\/vc_column][\/vc_row][vc_row equal_height=\u00a0\u00bbyes\u00a0\u00bb content_placement=\u00a0\u00bbmiddle\u00a0\u00bb bg_position=\u00a0\u00bbcenter top\u00a0\u00bb enable_gradient=\u00a0\u00bbyes\u00a0\u00bb css=\u00a0\u00bb.vc_custom_1626855506019{padding-bottom: 40px !important;background-position: center !important;background-repeat: no-repeat !important;background-size: contain !important;}\u00a0\u00bb responsive_css=\u00a0\u00bbpadding_top_medium:0px|padding_bottom_medium:80px\u00a0\u00bb gradient_bg=\u00a0\u00bblinear-gradient(90deg, rgb(239,239,239) 2.5477707006369426%, rgb(255,255,255) 100%)\u00a0\u00bb][vc_column offset=\u00a0\u00bbvc_col-lg-offset-1 vc_col-lg-10&Prime;][vc_column_text] Donn\u00e9es personnelles Lorsque vous acc\u00e9dez \u00e0 [&hellip;]\" \/>\n<meta property=\"og:url\" content=\"https:\/\/www.sub360.ch\/fr\/datenschutz\" \/>\n<meta property=\"og:site_name\" content=\"sub360.ch\" \/>\n<meta property=\"article:publisher\" content=\"https:\/\/www.facebook.com\/sub360ch-109756541395501\/\" \/>\n<meta property=\"article:modified_time\" content=\"2022-07-06T13:45:59+00:00\" \/>\n<meta name=\"twitter:card\" content=\"summary_large_image\" \/>\n<meta name=\"twitter:label1\" content=\"Dur\u00e9e de lecture estim\u00e9e\" \/>\n\t<meta name=\"twitter:data1\" content=\"8 minutes\" \/>\n<script type=\"application\/ld+json\" class=\"yoast-schema-graph\">{\"@context\":\"https:\/\/schema.org\",\"@graph\":[{\"@type\":\"WebPage\",\"@id\":\"https:\/\/www.sub360.ch\/fr\/datenschutz\",\"url\":\"https:\/\/www.sub360.ch\/fr\/datenschutz\",\"name\":\"Protection des donn\u00e9es - sub360.ch\",\"isPartOf\":{\"@id\":\"https:\/\/www.sub360.ch\/fr#website\"},\"datePublished\":\"2021-06-10T13:59:39+00:00\",\"dateModified\":\"2022-07-06T13:45:59+00:00\",\"breadcrumb\":{\"@id\":\"https:\/\/www.sub360.ch\/fr\/datenschutz#breadcrumb\"},\"inLanguage\":\"fr-FR\",\"potentialAction\":[{\"@type\":\"ReadAction\",\"target\":[\"https:\/\/www.sub360.ch\/fr\/datenschutz\"]}]},{\"@type\":\"BreadcrumbList\",\"@id\":\"https:\/\/www.sub360.ch\/fr\/datenschutz#breadcrumb\",\"itemListElement\":[{\"@type\":\"ListItem\",\"position\":1,\"name\":\"Home\",\"item\":\"https:\/\/www.sub360.ch\/fr\/software-hub-homepage\"},{\"@type\":\"ListItem\",\"position\":2,\"name\":\"Protection des donn\u00e9es\"}]},{\"@type\":\"WebSite\",\"@id\":\"https:\/\/www.sub360.ch\/fr#website\",\"url\":\"https:\/\/www.sub360.ch\/fr\",\"name\":\"sub360.ch\",\"description\":\"Plattform f\u00fcr Subunternehmen und Auftraggeber\",\"publisher\":{\"@id\":\"https:\/\/www.sub360.ch\/fr#organization\"},\"potentialAction\":[{\"@type\":\"SearchAction\",\"target\":{\"@type\":\"EntryPoint\",\"urlTemplate\":\"https:\/\/www.sub360.ch\/fr?s={search_term_string}\"},\"query-input\":\"required name=search_term_string\"}],\"inLanguage\":\"fr-FR\"},{\"@type\":\"Organization\",\"@id\":\"https:\/\/www.sub360.ch\/fr#organization\",\"name\":\"sub360.ch\",\"url\":\"https:\/\/www.sub360.ch\/fr\",\"sameAs\":[\"https:\/\/www.instagram.com\/sub360.ch\/\",\"https:\/\/www.linkedin.com\/company\/sub360-ag\",\"https:\/\/www.facebook.com\/sub360ch-109756541395501\/\"],\"logo\":{\"@type\":\"ImageObject\",\"inLanguage\":\"fr-FR\",\"@id\":\"https:\/\/www.sub360.ch\/fr#\/schema\/logo\/image\/\",\"url\":\"https:\/\/www.sub360.ch\/wp-content\/uploads\/2021\/07\/Logo_Slogan_Sub360_pos_rgb.svg\",\"contentUrl\":\"https:\/\/www.sub360.ch\/wp-content\/uploads\/2021\/07\/Logo_Slogan_Sub360_pos_rgb.svg\",\"width\":\"1024\",\"height\":\"1024\",\"caption\":\"sub360.ch\"},\"image\":{\"@id\":\"https:\/\/www.sub360.ch\/fr#\/schema\/logo\/image\/\"}}]}<\/script>\n<!-- \/ Yoast SEO plugin. -->","yoast_head_json":{"title":"Protection des donn\u00e9es - sub360.ch","robots":{"index":"index","follow":"follow","max-snippet":"max-snippet:-1","max-image-preview":"max-image-preview:large","max-video-preview":"max-video-preview:-1"},"canonical":"https:\/\/www.sub360.ch\/fr\/datenschutz","og_locale":"fr_FR","og_type":"article","og_title":"Protection des donn\u00e9es - sub360.ch","og_description":"[vc_row content_placement=\u00a0\u00bbmiddle\u00a0\u00bb bg_position=\u00a0\u00bbright center\u00a0\u00bb enable_gradient=\u00a0\u00bbyes\u00a0\u00bb css=\u00a0\u00bb.vc_custom_1626855533595{padding-top: 90px !important;padding-bottom: 90px !important;background-color: #efefef !important;background-position: center !important;background-repeat: no-repeat !important;background-size: cover !important;}\u00a0\u00bb gradient_bg=\u00a0\u00bblinear-gradient(90deg, rgb(239,239,239) 2.54777%, rgb(255,255,255) 100%)\u00a0\u00bb][vc_column offset=\u00a0\u00bbvc_col-md-offset-1 vc_col-md-10&Prime;][\/vc_column][vc_column offset=\u00a0\u00bbvc_col-md-offset-1 vc_col-md-10&Prime;][\/vc_column][\/vc_row][vc_row equal_height=\u00a0\u00bbyes\u00a0\u00bb content_placement=\u00a0\u00bbmiddle\u00a0\u00bb bg_position=\u00a0\u00bbcenter top\u00a0\u00bb enable_gradient=\u00a0\u00bbyes\u00a0\u00bb css=\u00a0\u00bb.vc_custom_1626855506019{padding-bottom: 40px !important;background-position: center !important;background-repeat: no-repeat !important;background-size: contain !important;}\u00a0\u00bb responsive_css=\u00a0\u00bbpadding_top_medium:0px|padding_bottom_medium:80px\u00a0\u00bb gradient_bg=\u00a0\u00bblinear-gradient(90deg, rgb(239,239,239) 2.5477707006369426%, rgb(255,255,255) 100%)\u00a0\u00bb][vc_column offset=\u00a0\u00bbvc_col-lg-offset-1 vc_col-lg-10&Prime;][vc_column_text] Donn\u00e9es personnelles Lorsque vous acc\u00e9dez \u00e0 [&hellip;]","og_url":"https:\/\/www.sub360.ch\/fr\/datenschutz","og_site_name":"sub360.ch","article_publisher":"https:\/\/www.facebook.com\/sub360ch-109756541395501\/","article_modified_time":"2022-07-06T13:45:59+00:00","twitter_card":"summary_large_image","twitter_misc":{"Dur\u00e9e de lecture estim\u00e9e":"8 minutes"},"schema":{"@context":"https:\/\/schema.org","@graph":[{"@type":"WebPage","@id":"https:\/\/www.sub360.ch\/fr\/datenschutz","url":"https:\/\/www.sub360.ch\/fr\/datenschutz","name":"Protection des donn\u00e9es - sub360.ch","isPartOf":{"@id":"https:\/\/www.sub360.ch\/fr#website"},"datePublished":"2021-06-10T13:59:39+00:00","dateModified":"2022-07-06T13:45:59+00:00","breadcrumb":{"@id":"https:\/\/www.sub360.ch\/fr\/datenschutz#breadcrumb"},"inLanguage":"fr-FR","potentialAction":[{"@type":"ReadAction","target":["https:\/\/www.sub360.ch\/fr\/datenschutz"]}]},{"@type":"BreadcrumbList","@id":"https:\/\/www.sub360.ch\/fr\/datenschutz#breadcrumb","itemListElement":[{"@type":"ListItem","position":1,"name":"Home","item":"https:\/\/www.sub360.ch\/fr\/software-hub-homepage"},{"@type":"ListItem","position":2,"name":"Protection des donn\u00e9es"}]},{"@type":"WebSite","@id":"https:\/\/www.sub360.ch\/fr#website","url":"https:\/\/www.sub360.ch\/fr","name":"sub360.ch","description":"Plattform f\u00fcr Subunternehmen und Auftraggeber","publisher":{"@id":"https:\/\/www.sub360.ch\/fr#organization"},"potentialAction":[{"@type":"SearchAction","target":{"@type":"EntryPoint","urlTemplate":"https:\/\/www.sub360.ch\/fr?s={search_term_string}"},"query-input":"required name=search_term_string"}],"inLanguage":"fr-FR"},{"@type":"Organization","@id":"https:\/\/www.sub360.ch\/fr#organization","name":"sub360.ch","url":"https:\/\/www.sub360.ch\/fr","sameAs":["https:\/\/www.instagram.com\/sub360.ch\/","https:\/\/www.linkedin.com\/company\/sub360-ag","https:\/\/www.facebook.com\/sub360ch-109756541395501\/"],"logo":{"@type":"ImageObject","inLanguage":"fr-FR","@id":"https:\/\/www.sub360.ch\/fr#\/schema\/logo\/image\/","url":"https:\/\/www.sub360.ch\/wp-content\/uploads\/2021\/07\/Logo_Slogan_Sub360_pos_rgb.svg","contentUrl":"https:\/\/www.sub360.ch\/wp-content\/uploads\/2021\/07\/Logo_Slogan_Sub360_pos_rgb.svg","width":"1024","height":"1024","caption":"sub360.ch"},"image":{"@id":"https:\/\/www.sub360.ch\/fr#\/schema\/logo\/image\/"}}]}},"_links":{"self":[{"href":"https:\/\/www.sub360.ch\/fr\/wp-json\/wp\/v2\/pages\/2624"}],"collection":[{"href":"https:\/\/www.sub360.ch\/fr\/wp-json\/wp\/v2\/pages"}],"about":[{"href":"https:\/\/www.sub360.ch\/fr\/wp-json\/wp\/v2\/types\/page"}],"author":[{"embeddable":true,"href":"https:\/\/www.sub360.ch\/fr\/wp-json\/wp\/v2\/users\/50"}],"replies":[{"embeddable":true,"href":"https:\/\/www.sub360.ch\/fr\/wp-json\/wp\/v2\/comments?post=2624"}],"version-history":[{"count":2,"href":"https:\/\/www.sub360.ch\/fr\/wp-json\/wp\/v2\/pages\/2624\/revisions"}],"predecessor-version":[{"id":6613,"href":"https:\/\/www.sub360.ch\/fr\/wp-json\/wp\/v2\/pages\/2624\/revisions\/6613"}],"wp:attachment":[{"href":"https:\/\/www.sub360.ch\/fr\/wp-json\/wp\/v2\/media?parent=2624"}],"curies":[{"name":"wp","href":"https:\/\/api.w.org\/{rel}","templated":true}]}}