{"id":2615,"date":"2021-07-01T11:44:01","date_gmt":"2021-07-01T09:44:01","guid":{"rendered":"https:\/\/www.sub360.ch\/news\/"},"modified":"2022-07-06T15:45:47","modified_gmt":"2022-07-06T13:45:47","slug":"news","status":"publish","type":"page","link":"https:\/\/www.sub360.ch\/fr\/news","title":{"rendered":"Nouvelles de la construction"},"content":{"rendered":"<p>[vc_row css=\u00a0\u00bb.vc_custom_1627381092153{padding-top: 60px !important;padding-bottom: 30px !important;}\u00a0\u00bb][vc_column]<style>.ld_fancy_heading_69e0539b90a90 h1 {font-size:32px; } .ld_fancy_heading_69e0539b90a90 h1 {line-height:1.1em; } .ld_fancy_heading_69e0539b90a90 h1 {--element-line-height:1.1em; } .ld_fancy_heading_69e0539b90a90 .lqd-highlight-inner{height:0.275em;bottom:0px;}.ld_fancy_heading_69e0539b90a90 h1 {font-size:32px; } .ld_fancy_heading_69e0539b90a90 h1 {line-height:1.1em; } .ld_fancy_heading_69e0539b90a90 h1 {--element-line-height:1.1em; } <\/style><div class=\"ld-fancy-heading ld_fancy_heading_69e0539b90a90\">\n\t<h1 class=\"ld-fh-element lqd-highlight-underline lqd-highlight-grow-left text-decoration-default\"   >  Nous informons sur les tendances du secteur<\/h1><\/div>[\/vc_column][\/vc_row][vc_row css=\u00a0\u00bb.vc_custom_1629903442976{padding-bottom: 120px !important;}\u00a0\u00bb][vc_column]<style>.ld_blog_69e0539b930c8 .lqd-lp-row{margin-inline-start:-15px;margin-inline-end:-15px;}.ld_blog_69e0539b930c8 .lqd-lp-column{padding-inline-start:15px;padding-inline-end:15px;margin-bottom:30px;}.ld_blog_69e0539b930c8 .lqd-lp .lqd-lp-title{margin-top:px !important;margin-bottom:px !important;}<\/style><div class=\"lqd-lp-grid ld_blog_69e0539b930c8 lqd-1625132587044-36af79e9-6518 \"><div class=\"lqd-lp-row row d-flex flex-wrap\"><div class=\"lqd-lp-column col-md-3 col-sm-6 \"><article id=\"post-4283\" class=\"lqd-lp lqd-lp-style-6 lqd-lp-hover-img-zoom pos-rel round overflow-hidden post-4283 post type-post status-publish format-standard has-post-thumbnail hentry category-non-classifiee\">\n<div class=\"lqd-lp-img overflow-hidden\">\n\n\t<figure><img width=\"480\" height=\"320\" src=\"data:image\/svg+xml,%3Csvg xmlns=&#039;http:\/\/www.w3.org\/2000\/svg&#039; viewBox=&#039;0 0 480 320&#039;%3E%3C\/svg%3E\" class=\"w-100 ld-lazyload wp-post-image\" alt=\"\" loading=\"lazy\" data-src=\"https:\/\/www.sub360.ch\/wp-content\/uploads\/2021\/07\/21-06-14-Stellenmeldepflicht-Symbolbild.jpg\" data-srcset=\"https:\/\/www.sub360.ch\/wp-content\/uploads\/2021\/07\/21-06-14-Stellenmeldepflicht-Symbolbild.jpg 480w, https:\/\/www.sub360.ch\/wp-content\/uploads\/2021\/07\/21-06-14-Stellenmeldepflicht-Symbolbild-300x200.jpg 300w\" data-sizes=\"(max-width: 480px) 100vw, 480px\" data-aspect=\"1.5\" \/><\/figure>\n\t<div class=\"lqd-lp-meta text-uppercase ltr-sp-1 font-weight-bold pos-rel z-index-2\">\n\t\t\t<\/div>\n\n<\/div>\n\n<header class=\"lqd-lp-header p-5\">\n\n\t<div class=\"lqd-lp-meta lqd-lp-meta-dot-between d-flex flex-wrap align-items-center text-uppercase ltr-sp-1 font-weight-bold\">\n\n\t\t<div class=\"lqd-lp-author pos-rel z-index-2\">\n\t\t\t<div class=\"lqd-lp-author-info\">\n\t\t\t\t<h3 class=\"my-0\"><a href=\"https:\/\/www.sub360.ch\/fr\/author\/sub360user\">sub360user<\/a><\/h3>\n\t\t\t<\/div>\n\t\t<\/div>\n\n\t\t<time class=\"lqd-lp-date pos-rel z-index-2\" datetime=\"2021-07-21T09:34:36+02:00\">5 ans ago<\/time>\n\t<\/div>\n\n\t<h2 class=\"entry-title lqd-lp-title mt-3 mb-0 h5 lh-135\"><a  href=\"https:\/\/www.sub360.ch\/fr\/2021\/4283-optimierung-der-stellenmeldepflicht-ist-ueberfaellig\" rel=\"bookmark\">L&rsquo;optimisation de l&rsquo;obligation de d\u00e9clarer les postes vacants est en retard<\/a><\/h2>\n<\/header>\n\n<a  href=\"https:\/\/www.sub360.ch\/fr\/2021\/4283-optimierung-der-stellenmeldepflicht-ist-ueberfaellig\" class=\"lqd-lp-overlay-link lqd-overlay z-index-2\"><\/a><\/article><\/div><div class=\"lqd-lp-column col-md-3 col-sm-6 \"><article id=\"post-4286\" class=\"lqd-lp lqd-lp-style-6 lqd-lp-hover-img-zoom pos-rel round overflow-hidden post-4286 post type-post status-publish format-standard has-post-thumbnail hentry category-non-classifiee\">\n<div class=\"lqd-lp-img overflow-hidden\">\n\n\t<figure><img width=\"720\" height=\"510\" src=\"data:image\/svg+xml,%3Csvg xmlns=&#039;http:\/\/www.w3.org\/2000\/svg&#039; viewBox=&#039;0 0 720 510&#039;%3E%3C\/svg%3E\" class=\"w-100 ld-lazyload wp-post-image\" alt=\"\" loading=\"lazy\" data-src=\"https:\/\/www.sub360.ch\/wp-content\/uploads\/2021\/07\/Photo_TdB_light-scaled-1-720x510.jpg\" data-aspect=\"1.4117647058824\" \/><\/figure>\n\t<div class=\"lqd-lp-meta text-uppercase ltr-sp-1 font-weight-bold pos-rel z-index-2\">\n\t\t\t<\/div>\n\n<\/div>\n\n<header class=\"lqd-lp-header p-5\">\n\n\t<div class=\"lqd-lp-meta lqd-lp-meta-dot-between d-flex flex-wrap align-items-center text-uppercase ltr-sp-1 font-weight-bold\">\n\n\t\t<div class=\"lqd-lp-author pos-rel z-index-2\">\n\t\t\t<div class=\"lqd-lp-author-info\">\n\t\t\t\t<h3 class=\"my-0\"><a href=\"https:\/\/www.sub360.ch\/fr\/author\/sub360user\">sub360user<\/a><\/h3>\n\t\t\t<\/div>\n\t\t<\/div>\n\n\t\t<time class=\"lqd-lp-date pos-rel z-index-2\" datetime=\"2021-07-21T09:33:07+02:00\">5 ans ago<\/time>\n\t<\/div>\n\n\t<h2 class=\"entry-title lqd-lp-title mt-3 mb-0 h5 lh-135\"><a  href=\"https:\/\/www.sub360.ch\/fr\/2021\/4286-schweizerischer-baumeisterverband-fordert-am-tag-der-bauwirtschaft-modernisierung-des-gebaeudeparks\" rel=\"bookmark\">L&rsquo;Association suisse des ma\u00eetres d&rsquo;ouvrage appelle \u00e0 la modernisation du parc immobilier \u00e0 l&rsquo;occasion de la Journ\u00e9e de la construction<\/a><\/h2>\n<\/header>\n\n<a  href=\"https:\/\/www.sub360.ch\/fr\/2021\/4286-schweizerischer-baumeisterverband-fordert-am-tag-der-bauwirtschaft-modernisierung-des-gebaeudeparks\" class=\"lqd-lp-overlay-link lqd-overlay z-index-2\"><\/a><\/article><\/div><div class=\"lqd-lp-column col-md-3 col-sm-6 \"><article id=\"post-4289\" class=\"lqd-lp lqd-lp-style-6 lqd-lp-hover-img-zoom pos-rel round overflow-hidden post-4289 post type-post status-publish format-standard has-post-thumbnail hentry category-non-classifiee\">\n<div class=\"lqd-lp-img overflow-hidden\">\n\n\t<figure><img width=\"720\" height=\"480\" src=\"data:image\/svg+xml,%3Csvg xmlns=&#039;http:\/\/www.w3.org\/2000\/svg&#039; viewBox=&#039;0 0 720 480&#039;%3E%3C\/svg%3E\" class=\"w-100 ld-lazyload wp-post-image\" alt=\"\" loading=\"lazy\" data-src=\"https:\/\/www.sub360.ch\/wp-content\/uploads\/2021\/07\/umbau-forest-tower-neu-916x480-1-720x480.jpg\" data-aspect=\"1.5\" \/><\/figure>\n\t<div class=\"lqd-lp-meta text-uppercase ltr-sp-1 font-weight-bold pos-rel z-index-2\">\n\t\t\t<\/div>\n\n<\/div>\n\n<header class=\"lqd-lp-header p-5\">\n\n\t<div class=\"lqd-lp-meta lqd-lp-meta-dot-between d-flex flex-wrap align-items-center text-uppercase ltr-sp-1 font-weight-bold\">\n\n\t\t<div class=\"lqd-lp-author pos-rel z-index-2\">\n\t\t\t<div class=\"lqd-lp-author-info\">\n\t\t\t\t<h3 class=\"my-0\"><a href=\"https:\/\/www.sub360.ch\/fr\/author\/sub360user\">sub360user<\/a><\/h3>\n\t\t\t<\/div>\n\t\t<\/div>\n\n\t\t<time class=\"lqd-lp-date pos-rel z-index-2\" datetime=\"2021-07-21T07:27:57+02:00\">5 ans ago<\/time>\n\t<\/div>\n\n\t<h2 class=\"entry-title lqd-lp-title mt-3 mb-0 h5 lh-135\"><a  href=\"https:\/\/www.sub360.ch\/fr\/2021\/4289-forest-tower-kreativzentrum-im-unteren-aaretal\" rel=\"bookmark\">Tour de la for\u00eat : Centre de cr\u00e9ation dans la Basse Vall\u00e9e de l&rsquo;Aar<\/a><\/h2>\n<\/header>\n\n<a  href=\"https:\/\/www.sub360.ch\/fr\/2021\/4289-forest-tower-kreativzentrum-im-unteren-aaretal\" class=\"lqd-lp-overlay-link lqd-overlay z-index-2\"><\/a><\/article><\/div><div class=\"lqd-lp-column col-md-3 col-sm-6 \"><article id=\"post-4292\" class=\"lqd-lp lqd-lp-style-6 lqd-lp-hover-img-zoom pos-rel round overflow-hidden post-4292 post type-post status-publish format-standard has-post-thumbnail hentry category-non-classifiee\">\n<div class=\"lqd-lp-img overflow-hidden\">\n\n\t<figure><img width=\"720\" height=\"480\" src=\"data:image\/svg+xml,%3Csvg xmlns=&#039;http:\/\/www.w3.org\/2000\/svg&#039; viewBox=&#039;0 0 720 480&#039;%3E%3C\/svg%3E\" class=\"w-100 ld-lazyload wp-post-image\" alt=\"\" loading=\"lazy\" data-src=\"https:\/\/www.sub360.ch\/wp-content\/uploads\/2021\/07\/bauen-20-916x480-1-720x480.jpg\" data-aspect=\"1.5\" \/><\/figure>\n\t<div class=\"lqd-lp-meta text-uppercase ltr-sp-1 font-weight-bold pos-rel z-index-2\">\n\t\t\t<\/div>\n\n<\/div>\n\n<header class=\"lqd-lp-header p-5\">\n\n\t<div class=\"lqd-lp-meta lqd-lp-meta-dot-between d-flex flex-wrap align-items-center text-uppercase ltr-sp-1 font-weight-bold\">\n\n\t\t<div class=\"lqd-lp-author pos-rel z-index-2\">\n\t\t\t<div class=\"lqd-lp-author-info\">\n\t\t\t\t<h3 class=\"my-0\"><a href=\"https:\/\/www.sub360.ch\/fr\/author\/sub360user\">sub360user<\/a><\/h3>\n\t\t\t<\/div>\n\t\t<\/div>\n\n\t\t<time class=\"lqd-lp-date pos-rel z-index-2\" datetime=\"2021-07-21T07:27:06+02:00\">5 ans ago<\/time>\n\t<\/div>\n\n\t<h2 class=\"entry-title lqd-lp-title mt-3 mb-0 h5 lh-135\"><a  href=\"https:\/\/www.sub360.ch\/fr\/2021\/4292-implenia-baut-tunnel-in-frankreich-mit\" rel=\"bookmark\">Implenia participe \u00e0 la construction de tunnels en France<\/a><\/h2>\n<\/header>\n\n<a  href=\"https:\/\/www.sub360.ch\/fr\/2021\/4292-implenia-baut-tunnel-in-frankreich-mit\" class=\"lqd-lp-overlay-link lqd-overlay z-index-2\"><\/a><\/article><\/div><div class=\"lqd-lp-column col-md-3 col-sm-6 \"><article id=\"post-4298\" class=\"lqd-lp lqd-lp-style-6 lqd-lp-hover-img-zoom pos-rel round overflow-hidden post-4298 post type-post status-publish format-standard has-post-thumbnail hentry category-non-classifiee\">\n<div class=\"lqd-lp-img overflow-hidden\">\n\n\t<figure><img width=\"720\" height=\"453\" src=\"data:image\/svg+xml,%3Csvg xmlns=&#039;http:\/\/www.w3.org\/2000\/svg&#039; viewBox=&#039;0 0 720 453&#039;%3E%3C\/svg%3E\" class=\"w-100 ld-lazyload wp-post-image\" alt=\"\" loading=\"lazy\" data-src=\"https:\/\/www.sub360.ch\/wp-content\/uploads\/2021\/07\/smart-home-3920905_1920-1024x682-1-916x453-1-720x453.png\" data-aspect=\"1.5894039735099\" \/><\/figure>\n\t<div class=\"lqd-lp-meta text-uppercase ltr-sp-1 font-weight-bold pos-rel z-index-2\">\n\t\t\t<\/div>\n\n<\/div>\n\n<header class=\"lqd-lp-header p-5\">\n\n\t<div class=\"lqd-lp-meta lqd-lp-meta-dot-between d-flex flex-wrap align-items-center text-uppercase ltr-sp-1 font-weight-bold\">\n\n\t\t<div class=\"lqd-lp-author pos-rel z-index-2\">\n\t\t\t<div class=\"lqd-lp-author-info\">\n\t\t\t\t<h3 class=\"my-0\"><a href=\"https:\/\/www.sub360.ch\/fr\/author\/sub360user\">sub360user<\/a><\/h3>\n\t\t\t<\/div>\n\t\t<\/div>\n\n\t\t<time class=\"lqd-lp-date pos-rel z-index-2\" datetime=\"2021-07-21T07:23:50+02:00\">5 ans ago<\/time>\n\t<\/div>\n\n\t<h2 class=\"entry-title lqd-lp-title mt-3 mb-0 h5 lh-135\"><a  href=\"https:\/\/www.sub360.ch\/fr\/2021\/4298-digitalisierung-first-bei-livit-privera-und-der-steiner-gruppe\" rel=\"bookmark\">\u00ab\u00a0La num\u00e9risation d&rsquo;abord\u00a0\u00bb chez Livit, Privera et le groupe Steiner<\/a><\/h2>\n<\/header>\n\n<a  href=\"https:\/\/www.sub360.ch\/fr\/2021\/4298-digitalisierung-first-bei-livit-privera-und-der-steiner-gruppe\" class=\"lqd-lp-overlay-link lqd-overlay z-index-2\"><\/a><\/article><\/div><div class=\"lqd-lp-column col-md-3 col-sm-6 \"><article id=\"post-4301\" class=\"lqd-lp lqd-lp-style-6 lqd-lp-hover-img-zoom pos-rel round overflow-hidden post-4301 post type-post status-publish format-standard has-post-thumbnail hentry category-non-classifiee\">\n<div class=\"lqd-lp-img overflow-hidden\">\n\n\t<figure><img width=\"720\" height=\"480\" src=\"data:image\/svg+xml,%3Csvg xmlns=&#039;http:\/\/www.w3.org\/2000\/svg&#039; viewBox=&#039;0 0 720 480&#039;%3E%3C\/svg%3E\" class=\"w-100 ld-lazyload wp-post-image\" alt=\"\" loading=\"lazy\" data-src=\"https:\/\/www.sub360.ch\/wp-content\/uploads\/2021\/07\/digitalisierung-1-916x480-1-720x480.png\" data-aspect=\"1.5\" \/><\/figure>\n\t<div class=\"lqd-lp-meta text-uppercase ltr-sp-1 font-weight-bold pos-rel z-index-2\">\n\t\t\t<\/div>\n\n<\/div>\n\n<header class=\"lqd-lp-header p-5\">\n\n\t<div class=\"lqd-lp-meta lqd-lp-meta-dot-between d-flex flex-wrap align-items-center text-uppercase ltr-sp-1 font-weight-bold\">\n\n\t\t<div class=\"lqd-lp-author pos-rel z-index-2\">\n\t\t\t<div class=\"lqd-lp-author-info\">\n\t\t\t\t<h3 class=\"my-0\"><a href=\"https:\/\/www.sub360.ch\/fr\/author\/sub360admin\">sub360admin<\/a><\/h3>\n\t\t\t<\/div>\n\t\t<\/div>\n\n\t\t<time class=\"lqd-lp-date pos-rel z-index-2\" datetime=\"2021-07-01T11:39:58+02:00\">5 ans ago<\/time>\n\t<\/div>\n\n\t<h2 class=\"entry-title lqd-lp-title mt-3 mb-0 h5 lh-135\"><a  href=\"https:\/\/www.sub360.ch\/fr\/2021\/4301-strabag-agiert-in-kuesnacht-vollstaendig-digital\" rel=\"bookmark\">Strabag op\u00e8re \u00e0 K\u00fcsnacht de mani\u00e8re enti\u00e8rement num\u00e9rique<\/a><\/h2>\n<\/header>\n\n<a  href=\"https:\/\/www.sub360.ch\/fr\/2021\/4301-strabag-agiert-in-kuesnacht-vollstaendig-digital\" class=\"lqd-lp-overlay-link lqd-overlay z-index-2\"><\/a><\/article><\/div><div class=\"lqd-lp-column col-md-3 col-sm-6 \"><article id=\"post-4304\" class=\"lqd-lp lqd-lp-style-6 lqd-lp-hover-img-zoom pos-rel round overflow-hidden post-4304 post type-post status-publish format-standard has-post-thumbnail hentry category-non-classifiee\">\n<div class=\"lqd-lp-img overflow-hidden\">\n\n\t<figure><img width=\"720\" height=\"480\" src=\"data:image\/svg+xml,%3Csvg xmlns=&#039;http:\/\/www.w3.org\/2000\/svg&#039; viewBox=&#039;0 0 720 480&#039;%3E%3C\/svg%3E\" class=\"w-100 ld-lazyload wp-post-image\" alt=\"\" loading=\"lazy\" data-src=\"https:\/\/www.sub360.ch\/wp-content\/uploads\/2021\/06\/bauen_2-916x480-1-720x480.png\" data-aspect=\"1.5\" \/><\/figure>\n\t<div class=\"lqd-lp-meta text-uppercase ltr-sp-1 font-weight-bold pos-rel z-index-2\">\n\t\t\t<\/div>\n\n<\/div>\n\n<header class=\"lqd-lp-header p-5\">\n\n\t<div class=\"lqd-lp-meta lqd-lp-meta-dot-between d-flex flex-wrap align-items-center text-uppercase ltr-sp-1 font-weight-bold\">\n\n\t\t<div class=\"lqd-lp-author pos-rel z-index-2\">\n\t\t\t<div class=\"lqd-lp-author-info\">\n\t\t\t\t<h3 class=\"my-0\"><a href=\"https:\/\/www.sub360.ch\/fr\/author\/sub360admin\">sub360admin<\/a><\/h3>\n\t\t\t<\/div>\n\t\t<\/div>\n\n\t\t<time class=\"lqd-lp-date pos-rel z-index-2\" datetime=\"2021-06-01T11:41:00+02:00\">5 ans ago<\/time>\n\t<\/div>\n\n\t<h2 class=\"entry-title lqd-lp-title mt-3 mb-0 h5 lh-135\"><a  href=\"https:\/\/www.sub360.ch\/fr\/2021\/4304-beitrag-3\" rel=\"bookmark\">Steiner AG construit un nouveau quartier \u00e0 Fischbach-G\u00f6slikon<\/a><\/h2>\n<\/header>\n\n<a  href=\"https:\/\/www.sub360.ch\/fr\/2021\/4304-beitrag-3\" class=\"lqd-lp-overlay-link lqd-overlay z-index-2\"><\/a><\/article><\/div><div class=\"lqd-lp-column col-md-3 col-sm-6 \"><article id=\"post-4307\" class=\"lqd-lp lqd-lp-style-6 lqd-lp-hover-img-zoom pos-rel round overflow-hidden post-4307 post type-post status-publish format-standard has-post-thumbnail hentry category-non-classifiee\">\n<div class=\"lqd-lp-img overflow-hidden\">\n\n\t<figure><img width=\"720\" height=\"480\" src=\"data:image\/svg+xml,%3Csvg xmlns=&#039;http:\/\/www.w3.org\/2000\/svg&#039; viewBox=&#039;0 0 720 480&#039;%3E%3C\/svg%3E\" class=\"w-100 ld-lazyload wp-post-image\" alt=\"\" loading=\"lazy\" data-src=\"https:\/\/www.sub360.ch\/wp-content\/uploads\/2019\/11\/standort-2-916x480-1-720x480.jpg\" data-aspect=\"1.5\" \/><\/figure>\n\t<div class=\"lqd-lp-meta text-uppercase ltr-sp-1 font-weight-bold pos-rel z-index-2\">\n\t\t\t<\/div>\n\n<\/div>\n\n<header class=\"lqd-lp-header p-5\">\n\n\t<div class=\"lqd-lp-meta lqd-lp-meta-dot-between d-flex flex-wrap align-items-center text-uppercase ltr-sp-1 font-weight-bold\">\n\n\t\t<div class=\"lqd-lp-author pos-rel z-index-2\">\n\t\t\t<div class=\"lqd-lp-author-info\">\n\t\t\t\t<h3 class=\"my-0\"><a href=\"https:\/\/www.sub360.ch\/fr\/author\/sub360admin\">sub360admin<\/a><\/h3>\n\t\t\t<\/div>\n\t\t<\/div>\n\n\t\t<time class=\"lqd-lp-date pos-rel z-index-2\" datetime=\"2019-11-01T10:41:46+01:00\">6 ans ago<\/time>\n\t<\/div>\n\n\t<h2 class=\"entry-title lqd-lp-title mt-3 mb-0 h5 lh-135\"><a  href=\"https:\/\/www.sub360.ch\/fr\/2019\/4307-haelg-group-eroeffnet-neuen-standort-in-freiburg\" rel=\"bookmark\">Le groupe H\u00e4lg ouvre un nouveau site \u00e0 Freiburg<\/a><\/h2>\n<\/header>\n\n<a  href=\"https:\/\/www.sub360.ch\/fr\/2019\/4307-haelg-group-eroeffnet-neuen-standort-in-freiburg\" class=\"lqd-lp-overlay-link lqd-overlay z-index-2\"><\/a><\/article><\/div><\/div><!--\/ .row --><\/div><!--\/ .lqd-lp-grid -->[\/vc_column][\/vc_row]<\/p>\n","protected":false},"excerpt":{"rendered":"<p>[vc_row css=\u00a0\u00bb.vc_custom_1627381092153{padding-top: 60px !important;padding-bottom: 30px !important;}\u00a0\u00bb][vc_column][\/vc_column][\/vc_row][vc_row css=\u00a0\u00bb.vc_custom_1629903442976{padding-bottom: 120px !important;}\u00a0\u00bb][vc_column][\/vc_column][\/vc_row]<\/p>\n","protected":false},"author":50,"featured_media":0,"parent":0,"menu_order":2,"comment_status":"closed","ping_status":"closed","template":"","meta":{"inline_featured_image":false},"yoast_head":"<!-- This site is optimized with the Yoast SEO plugin v19.5.1 - https:\/\/yoast.com\/wordpress\/plugins\/seo\/ -->\n<title>Nouvelles de la construction - sub360.ch<\/title>\n<meta name=\"robots\" content=\"index, follow, max-snippet:-1, max-image-preview:large, max-video-preview:-1\" \/>\n<link rel=\"canonical\" href=\"https:\/\/www.sub360.ch\/fr\/news\" \/>\n<meta property=\"og:locale\" content=\"fr_FR\" \/>\n<meta property=\"og:type\" content=\"article\" \/>\n<meta property=\"og:title\" content=\"Nouvelles de la construction - sub360.ch\" \/>\n<meta property=\"og:description\" content=\"[vc_row css=\u00a0\u00bb.vc_custom_1627381092153{padding-top: 60px !important;padding-bottom: 30px !important;}\u00a0\u00bb][vc_column][\/vc_column][\/vc_row][vc_row css=\u00a0\u00bb.vc_custom_1629903442976{padding-bottom: 120px !important;}\u00a0\u00bb][vc_column][\/vc_column][\/vc_row]\" \/>\n<meta property=\"og:url\" content=\"https:\/\/www.sub360.ch\/fr\/news\" \/>\n<meta property=\"og:site_name\" content=\"sub360.ch\" \/>\n<meta property=\"article:publisher\" content=\"https:\/\/www.facebook.com\/sub360ch-109756541395501\/\" \/>\n<meta property=\"article:modified_time\" content=\"2022-07-06T13:45:47+00:00\" \/>\n<meta name=\"twitter:card\" content=\"summary_large_image\" \/>\n<script type=\"application\/ld+json\" class=\"yoast-schema-graph\">{\"@context\":\"https:\/\/schema.org\",\"@graph\":[{\"@type\":\"WebPage\",\"@id\":\"https:\/\/www.sub360.ch\/fr\/news\",\"url\":\"https:\/\/www.sub360.ch\/fr\/news\",\"name\":\"Nouvelles de la construction - sub360.ch\",\"isPartOf\":{\"@id\":\"https:\/\/www.sub360.ch\/fr#website\"},\"datePublished\":\"2021-07-01T09:44:01+00:00\",\"dateModified\":\"2022-07-06T13:45:47+00:00\",\"breadcrumb\":{\"@id\":\"https:\/\/www.sub360.ch\/fr\/news#breadcrumb\"},\"inLanguage\":\"fr-FR\",\"potentialAction\":[{\"@type\":\"ReadAction\",\"target\":[\"https:\/\/www.sub360.ch\/fr\/news\"]}]},{\"@type\":\"BreadcrumbList\",\"@id\":\"https:\/\/www.sub360.ch\/fr\/news#breadcrumb\",\"itemListElement\":[{\"@type\":\"ListItem\",\"position\":1,\"name\":\"Home\",\"item\":\"https:\/\/www.sub360.ch\/fr\/software-hub-homepage\"},{\"@type\":\"ListItem\",\"position\":2,\"name\":\"Nouvelles de la construction\"}]},{\"@type\":\"WebSite\",\"@id\":\"https:\/\/www.sub360.ch\/fr#website\",\"url\":\"https:\/\/www.sub360.ch\/fr\",\"name\":\"sub360.ch\",\"description\":\"Plattform f\u00fcr Subunternehmen und Auftraggeber\",\"publisher\":{\"@id\":\"https:\/\/www.sub360.ch\/fr#organization\"},\"potentialAction\":[{\"@type\":\"SearchAction\",\"target\":{\"@type\":\"EntryPoint\",\"urlTemplate\":\"https:\/\/www.sub360.ch\/fr?s={search_term_string}\"},\"query-input\":\"required name=search_term_string\"}],\"inLanguage\":\"fr-FR\"},{\"@type\":\"Organization\",\"@id\":\"https:\/\/www.sub360.ch\/fr#organization\",\"name\":\"sub360.ch\",\"url\":\"https:\/\/www.sub360.ch\/fr\",\"sameAs\":[\"https:\/\/www.instagram.com\/sub360.ch\/\",\"https:\/\/www.linkedin.com\/company\/sub360-ag\",\"https:\/\/www.facebook.com\/sub360ch-109756541395501\/\"],\"logo\":{\"@type\":\"ImageObject\",\"inLanguage\":\"fr-FR\",\"@id\":\"https:\/\/www.sub360.ch\/fr#\/schema\/logo\/image\/\",\"url\":\"https:\/\/www.sub360.ch\/wp-content\/uploads\/2021\/07\/Logo_Slogan_Sub360_pos_rgb.svg\",\"contentUrl\":\"https:\/\/www.sub360.ch\/wp-content\/uploads\/2021\/07\/Logo_Slogan_Sub360_pos_rgb.svg\",\"width\":\"1024\",\"height\":\"1024\",\"caption\":\"sub360.ch\"},\"image\":{\"@id\":\"https:\/\/www.sub360.ch\/fr#\/schema\/logo\/image\/\"}}]}<\/script>\n<!-- \/ Yoast SEO plugin. -->","yoast_head_json":{"title":"Nouvelles de la construction - sub360.ch","robots":{"index":"index","follow":"follow","max-snippet":"max-snippet:-1","max-image-preview":"max-image-preview:large","max-video-preview":"max-video-preview:-1"},"canonical":"https:\/\/www.sub360.ch\/fr\/news","og_locale":"fr_FR","og_type":"article","og_title":"Nouvelles de la construction - sub360.ch","og_description":"[vc_row css=\u00a0\u00bb.vc_custom_1627381092153{padding-top: 60px !important;padding-bottom: 30px !important;}\u00a0\u00bb][vc_column][\/vc_column][\/vc_row][vc_row css=\u00a0\u00bb.vc_custom_1629903442976{padding-bottom: 120px !important;}\u00a0\u00bb][vc_column][\/vc_column][\/vc_row]","og_url":"https:\/\/www.sub360.ch\/fr\/news","og_site_name":"sub360.ch","article_publisher":"https:\/\/www.facebook.com\/sub360ch-109756541395501\/","article_modified_time":"2022-07-06T13:45:47+00:00","twitter_card":"summary_large_image","schema":{"@context":"https:\/\/schema.org","@graph":[{"@type":"WebPage","@id":"https:\/\/www.sub360.ch\/fr\/news","url":"https:\/\/www.sub360.ch\/fr\/news","name":"Nouvelles de la construction - sub360.ch","isPartOf":{"@id":"https:\/\/www.sub360.ch\/fr#website"},"datePublished":"2021-07-01T09:44:01+00:00","dateModified":"2022-07-06T13:45:47+00:00","breadcrumb":{"@id":"https:\/\/www.sub360.ch\/fr\/news#breadcrumb"},"inLanguage":"fr-FR","potentialAction":[{"@type":"ReadAction","target":["https:\/\/www.sub360.ch\/fr\/news"]}]},{"@type":"BreadcrumbList","@id":"https:\/\/www.sub360.ch\/fr\/news#breadcrumb","itemListElement":[{"@type":"ListItem","position":1,"name":"Home","item":"https:\/\/www.sub360.ch\/fr\/software-hub-homepage"},{"@type":"ListItem","position":2,"name":"Nouvelles de la construction"}]},{"@type":"WebSite","@id":"https:\/\/www.sub360.ch\/fr#website","url":"https:\/\/www.sub360.ch\/fr","name":"sub360.ch","description":"Plattform f\u00fcr Subunternehmen und Auftraggeber","publisher":{"@id":"https:\/\/www.sub360.ch\/fr#organization"},"potentialAction":[{"@type":"SearchAction","target":{"@type":"EntryPoint","urlTemplate":"https:\/\/www.sub360.ch\/fr?s={search_term_string}"},"query-input":"required name=search_term_string"}],"inLanguage":"fr-FR"},{"@type":"Organization","@id":"https:\/\/www.sub360.ch\/fr#organization","name":"sub360.ch","url":"https:\/\/www.sub360.ch\/fr","sameAs":["https:\/\/www.instagram.com\/sub360.ch\/","https:\/\/www.linkedin.com\/company\/sub360-ag","https:\/\/www.facebook.com\/sub360ch-109756541395501\/"],"logo":{"@type":"ImageObject","inLanguage":"fr-FR","@id":"https:\/\/www.sub360.ch\/fr#\/schema\/logo\/image\/","url":"https:\/\/www.sub360.ch\/wp-content\/uploads\/2021\/07\/Logo_Slogan_Sub360_pos_rgb.svg","contentUrl":"https:\/\/www.sub360.ch\/wp-content\/uploads\/2021\/07\/Logo_Slogan_Sub360_pos_rgb.svg","width":"1024","height":"1024","caption":"sub360.ch"},"image":{"@id":"https:\/\/www.sub360.ch\/fr#\/schema\/logo\/image\/"}}]}},"_links":{"self":[{"href":"https:\/\/www.sub360.ch\/fr\/wp-json\/wp\/v2\/pages\/2615"}],"collection":[{"href":"https:\/\/www.sub360.ch\/fr\/wp-json\/wp\/v2\/pages"}],"about":[{"href":"https:\/\/www.sub360.ch\/fr\/wp-json\/wp\/v2\/types\/page"}],"author":[{"embeddable":true,"href":"https:\/\/www.sub360.ch\/fr\/wp-json\/wp\/v2\/users\/50"}],"replies":[{"embeddable":true,"href":"https:\/\/www.sub360.ch\/fr\/wp-json\/wp\/v2\/comments?post=2615"}],"version-history":[{"count":1,"href":"https:\/\/www.sub360.ch\/fr\/wp-json\/wp\/v2\/pages\/2615\/revisions"}],"predecessor-version":[{"id":6736,"href":"https:\/\/www.sub360.ch\/fr\/wp-json\/wp\/v2\/pages\/2615\/revisions\/6736"}],"wp:attachment":[{"href":"https:\/\/www.sub360.ch\/fr\/wp-json\/wp\/v2\/media?parent=2615"}],"curies":[{"name":"wp","href":"https:\/\/api.w.org\/{rel}","templated":true}]}}