{"id":6870,"date":"2021-12-20T15:34:34","date_gmt":"2021-12-20T14:34:34","guid":{"rendered":"https:\/\/www.sub360.ch\/glossar"},"modified":"2022-07-06T15:45:50","modified_gmt":"2022-07-06T13:45:50","slug":"glossar","status":"publish","type":"page","link":"https:\/\/www.sub360.ch\/en\/glossar","title":{"rendered":"Glossar"},"content":{"rendered":"<p>[vc_row content_placement=&#8221;middle&#8221; bg_position=&#8221;right center&#8221; css=&#8221;.vc_custom_1640093941533{padding-top: 60px !important;padding-bottom: 60px !important;background-position: center !important;background-repeat: no-repeat !important;background-size: cover !important;}&#8221;][vc_column width=&#8221;3\/4&#8243; offset=&#8221;vc_col-md-offset-1 vc_col-md-10&#8243;]<style>.ld_fancy_heading_69e05410d7452 h1{color:rgb(17, 36, 70);}.ld_fancy_heading_69e05410d7452 h1 {font-size:48px; } @media (min-width: 768px) { .ld_fancy_heading_69e05410d7452 h1 {font-size:57px; }  } .ld_fancy_heading_69e05410d7452 h1 {line-height:0.9em; } .ld_fancy_heading_69e05410d7452 h1 {--element-line-height:0.9em; } .ld_fancy_heading_69e05410d7452 .lqd-highlight-inner{height:0.275em;bottom:0px;}.ld_fancy_heading_69e05410d7452 h1 {font-size:48px; } @media (min-width: 768px) { .ld_fancy_heading_69e05410d7452 h1 {font-size:57px; }  } .ld_fancy_heading_69e05410d7452 h1 {line-height:0.9em; } .ld_fancy_heading_69e05410d7452 h1 {--element-line-height:0.9em; } <\/style><div class=\"ld-fancy-heading ld_fancy_heading_69e05410d7452\">\n\t<h1 class=\"ld-fh-element lqd-highlight-underline lqd-highlight-grow-left text-decoration-default\"   >  Glossar<\/h1><\/div>[vc_column_text]<\/p>\r\n<p><\/p>\r\n<div id=\"hg-uid\" class=\"wp-block-htgb-block-glossary hg-glossary\">\r\n<div class=\"hg-glossary__header\">\r\n<div class=\"hg-search\"><input type=\"text\" placeholder=\"Glossar durchsuchen...\" data-role=\"hg-search-input\" \/><\/div>\r\n<div class=\"hg-nav\"><a class=\"htgb_active_nav\" href=\"#all\" data-role=\"hg-nav-selectable\" data-name=\"all\">All<\/a><a class=\"\" href=\"#A\" data-name=\"A\" data-role=\"hg-nav-selectable\">A<\/a><a class=\"\" href=\"#B\" data-name=\"B\" data-role=\"hg-nav-selectable\">B<\/a><a class=\"\" href=\"#D\" data-name=\"D\" data-role=\"hg-nav-selectable\">D<\/a><a class=\"\" href=\"#E\" data-name=\"E\" data-role=\"hg-nav-selectable\">E<\/a><a class=\"\" href=\"#F\" data-name=\"F\" data-role=\"hg-nav-selectable\">F<\/a><a class=\"\" href=\"#G\" data-name=\"G\" data-role=\"hg-nav-selectable\">G<\/a><a class=\"\" href=\"#I\" data-name=\"I\" data-role=\"hg-nav-selectable\">I<\/a><a class=\"\" href=\"#K\" data-name=\"K\" data-role=\"hg-nav-selectable\">K<\/a><a class=\"\" href=\"#M\" data-name=\"M\" data-role=\"hg-nav-selectable\">M<\/a><a class=\"\" href=\"#N\" data-name=\"N\" data-role=\"hg-nav-selectable\">N<\/a><a class=\"\" href=\"#P\" data-name=\"P\" data-role=\"hg-nav-selectable\">P<\/a><a class=\"\" href=\"#R\" data-name=\"R\" data-role=\"hg-nav-selectable\">R<\/a><a class=\"\" href=\"#S\" data-name=\"S\" data-role=\"hg-nav-selectable\">S<\/a><a class=\"\" href=\"#T\" data-name=\"T\" data-role=\"hg-nav-selectable\">T<\/a><a class=\"\" href=\"#U\" data-name=\"U\" data-role=\"hg-nav-selectable\">U<\/a><a class=\"\" href=\"#V\" data-name=\"V\" data-role=\"hg-nav-selectable\">V<\/a><a class=\"\" href=\"#W\" data-name=\"W\" data-role=\"hg-nav-selectable\">W<\/a><\/div>\r\n<\/div>\r\n<div class=\"hg-content\">\r\n<div class=\"hg-letter-section\" data-role=\"hg-section\">\r\n<p><span class=\"hg-content__letter\" data-role=\"hg-section-letter\">A<\/span><\/p>\r\n<dl class=\"hg-item\" data-role=\"hg-item\">\r\n<dt class=\"hg-item-title\" data-role=\"hg-item-title\">AHV<\/dt>\r\n<dd class=\"hg-item-description\" data-role=\"hg-item-description\">Alters- und Hinterlassenenversicherung<\/dd>\r\n<\/dl>\r\n<dl class=\"hg-item\" data-role=\"hg-item\">\r\n<dt class=\"hg-item-title\" data-role=\"hg-item-title\">AK<\/dt>\r\n<dd class=\"hg-item-description\" data-role=\"hg-item-description\">Ausgleichskasse<\/dd>\r\n<\/dl>\r\n<dl class=\"hg-item\" data-role=\"hg-item\">\r\n<dt class=\"hg-item-title\" data-role=\"hg-item-title\">AWA<\/dt>\r\n<dd class=\"hg-item-description\" data-role=\"hg-item-description\">Amt f\u00fcr Wirtschaft und Arbeit<\/dd>\r\n<\/dl>\r\n<dl class=\"hg-item\" data-role=\"hg-item\">\r\n<dt class=\"hg-item-title\" data-role=\"hg-item-title\">Akkordant<\/dt>\r\n<dd class=\"hg-item-description\" data-role=\"hg-item-description\">Ein Unternehmer oder Arbeiter, der im Akkord seine Dienstleistung anbietet.<\/dd>\r\n<\/dl>\r\n<dl class=\"hg-item\" data-role=\"hg-item\">\r\n<dt class=\"hg-item-title\" data-role=\"hg-item-title\">Akonto<\/dt>\r\n<dd class=\"hg-item-description\" data-role=\"hg-item-description\">Eine Anzahlung, auch Teilzahlung genannt.<\/dd>\r\n<\/dl>\r\n<dl class=\"hg-item\" data-role=\"hg-item\">\r\n<dt class=\"hg-item-title\" data-role=\"hg-item-title\">Annahmeverzug<\/dt>\r\n<dd class=\"hg-item-description\" data-role=\"hg-item-description\">Wenn die vertraglich vereinbarte Leistung nicht vollzogen wurde.<\/dd>\r\n<\/dl>\r\n<dl class=\"hg-item\" data-role=\"hg-item\">\r\n<dt class=\"hg-item-title\" data-role=\"hg-item-title\">Auftraggeber<\/dt>\r\n<dd class=\"hg-item-description\" data-role=\"hg-item-description\">Die Bezeichnung f\u00fcr denjenigen, der ein Bauvorhaben in Auftrag gibt.<\/dd>\r\n<\/dl>\r\n<dl class=\"hg-item\" data-role=\"hg-item\">\r\n<dt class=\"hg-item-title\" data-role=\"hg-item-title\">Ausschreibung<\/dt>\r\n<dd class=\"hg-item-description\" data-role=\"hg-item-description\">Schriftliches Forderungsverzeichnis.<\/dd>\r\n<\/dl>\r\n<\/div>\r\n<div class=\"hg-letter-section\" data-role=\"hg-section\">\r\n<p><span class=\"hg-content__letter\" data-role=\"hg-section-letter\">B<\/span><\/p>\r\n<dl class=\"hg-item\" data-role=\"hg-item\">\r\n<dt class=\"hg-item-title\" data-role=\"hg-item-title\">BIM-Building Information Modeling<\/dt>\r\n<dd class=\"hg-item-description\" data-role=\"hg-item-description\">Eine Software f\u00fcr die Planung und Bewirtschaftung in der Bauindustrie.<\/dd>\r\n<\/dl>\r\n<dl class=\"hg-item\" data-role=\"hg-item\">\r\n<dt class=\"hg-item-title\" data-role=\"hg-item-title\">BKP-Codes (Baukostenplan)<\/dt>\r\n<dd class=\"hg-item-description\" data-role=\"hg-item-description\">Ein Verzeichnis mit verschiedenen Codes f\u00fcr Zuordnung in der Baubranche.<\/dd>\r\n<\/dl>\r\n<dl class=\"hg-item\" data-role=\"hg-item\">\r\n<dt class=\"hg-item-title\" data-role=\"hg-item-title\">BVG<\/dt>\r\n<dd class=\"hg-item-description\" data-role=\"hg-item-description\">Bundesgesetz \u00fcber die berufliche Alters-, Hinterlassenen- und Invalidenvorsorge.<\/dd>\r\n<\/dl>\r\n<dl class=\"hg-item\" data-role=\"hg-item\">\r\n<dt class=\"hg-item-title\" data-role=\"hg-item-title\">Bauabnahme<\/dt>\r\n<dd class=\"hg-item-description\" data-role=\"hg-item-description\">Abnahme nach Baufertigstellung.<\/dd>\r\n<\/dl>\r\n<dl class=\"hg-item\" data-role=\"hg-item\">\r\n<dt class=\"hg-item-title\" data-role=\"hg-item-title\">Baubewilligung<\/dt>\r\n<dd class=\"hg-item-description\" data-role=\"hg-item-description\">Bewilligung f\u00fcr ein Bauvorhaben durchzuf\u00fchren.<\/dd>\r\n<\/dl>\r\n<dl class=\"hg-item\" data-role=\"hg-item\">\r\n<dt class=\"hg-item-title\" data-role=\"hg-item-title\">Bauboom<\/dt>\r\n<dd class=\"hg-item-description\" data-role=\"hg-item-description\">Steigende Phase der Baut\u00e4tigkeit.<\/dd>\r\n<\/dl>\r\n<dl class=\"hg-item\" data-role=\"hg-item\">\r\n<dt class=\"hg-item-title\" data-role=\"hg-item-title\">Baugesuch<\/dt>\r\n<dd class=\"hg-item-description\" data-role=\"hg-item-description\">Ein Gesuch f\u00fcr das geplante Bauvorhaben.<\/dd>\r\n<\/dl>\r\n<dl class=\"hg-item\" data-role=\"hg-item\">\r\n<dt class=\"hg-item-title\" data-role=\"hg-item-title\">Bauhandwerker\u00adpfandrecht<\/dt>\r\n<dd class=\"hg-item-description\" data-role=\"hg-item-description\">Eine Absicherung f\u00fcr die Werklohnforderung mittels Pfandrechts am Grundst\u00fcck.<\/dd>\r\n<\/dl>\r\n<dl class=\"hg-item\" data-role=\"hg-item\">\r\n<dt class=\"hg-item-title\" data-role=\"hg-item-title\">Bauherr<\/dt>\r\n<dd class=\"hg-item-description\" data-role=\"hg-item-description\">Jemand der einen Bau errichten l\u00e4sst.<\/dd>\r\n<\/dl>\r\n<dl class=\"hg-item\" data-role=\"hg-item\">\r\n<dt class=\"hg-item-title\" data-role=\"hg-item-title\">Baumeister<\/dt>\r\n<dd class=\"hg-item-description\" data-role=\"hg-item-description\">Eine leitende Person in der Bauplanung, Ausf\u00fchrung und \u00dcberwachung des Bauwerks.<\/dd>\r\n<\/dl>\r\n<\/div>\r\n<div class=\"hg-letter-section\" data-role=\"hg-section\">\r\n<p><span class=\"hg-content__letter\" data-role=\"hg-section-letter\">D<\/span><\/p>\r\n<dl class=\"hg-item\" data-role=\"hg-item\">\r\n<dt class=\"hg-item-title\" data-role=\"hg-item-title\">Devi-Devisierung<\/dt>\r\n<dd class=\"hg-item-description\" data-role=\"hg-item-description\">Ausschreibung eines Leistungsverzeichnisses<\/dd>\r\n<\/dl>\r\n<\/div>\r\n<div class=\"hg-letter-section\" data-role=\"hg-section\">\r\n<p><span class=\"hg-content__letter\" data-role=\"hg-section-letter\">E<\/span><\/p>\r\n<dl class=\"hg-item\" data-role=\"hg-item\">\r\n<dt class=\"hg-item-title\" data-role=\"hg-item-title\">Entsendegesetz<\/dt>\r\n<dd class=\"hg-item-description\" data-role=\"hg-item-description\">Ein Gesetz, das die Arbeits- und Lohnbedinungen der ArbeitenehmerInnen regelt.<\/dd>\r\n<\/dl>\r\n<\/div>\r\n<div class=\"hg-letter-section\" data-role=\"hg-section\">\r\n<p><span class=\"hg-content__letter\" data-role=\"hg-section-letter\">F<\/span><\/p>\r\n<dl class=\"hg-item\" data-role=\"hg-item\">\r\n<dt class=\"hg-item-title\" data-role=\"hg-item-title\">FAR<\/dt>\r\n<dd class=\"hg-item-description\" data-role=\"hg-item-description\">Flexibler Altersr\u00fccktritt<\/dd>\r\n<\/dl>\r\n<\/div>\r\n<div class=\"hg-letter-section\" data-role=\"hg-section\">\r\n<p><span class=\"hg-content__letter\" data-role=\"hg-section-letter\">G<\/span><\/p>\r\n<dl class=\"hg-item\" data-role=\"hg-item\">\r\n<dt class=\"hg-item-title\" data-role=\"hg-item-title\">GAV<\/dt>\r\n<dd class=\"hg-item-description\" data-role=\"hg-item-description\">Gesamtarbeitsvertrag<\/dd>\r\n<\/dl>\r\n<dl class=\"hg-item\" data-role=\"hg-item\">\r\n<dt class=\"hg-item-title\" data-role=\"hg-item-title\">GEAK-Geb\u00e4ude-Energieausweis<\/dt>\r\n<dd class=\"hg-item-description\" data-role=\"hg-item-description\">Eine Klassifizierung f\u00fcr die Geb\u00e4udeh\u00fcllen- und Geb\u00e4udetechnikbranche.<\/dd>\r\n<\/dl>\r\n<dl class=\"hg-item\" data-role=\"hg-item\">\r\n<dt class=\"hg-item-title\" data-role=\"hg-item-title\">GU- Generalunternehmer<\/dt>\r\n<dd class=\"hg-item-description\" data-role=\"hg-item-description\">Ein Unternehmen, dass die Hauptverantwortung f\u00fcr die Entstehung des Bauwerks \u00fcbernimmt.<\/dd>\r\n<\/dl>\r\n<\/div>\r\n<div class=\"hg-letter-section\" data-role=\"hg-section\">\r\n<p><span class=\"hg-content__letter\" data-role=\"hg-section-letter\">I<\/span><\/p>\r\n<dl class=\"hg-item\" data-role=\"hg-item\">\r\n<dt class=\"hg-item-title\" data-role=\"hg-item-title\">ISO Zertifizierung<\/dt>\r\n<dd class=\"hg-item-description\" data-role=\"hg-item-description\">Eine Norm f\u00fcr Qualit\u00e4tsmanagementsysteme und legt die Anforderungen an solche fest.<\/dd>\r\n<\/dl>\r\n<dl class=\"hg-item\" data-role=\"hg-item\">\r\n<dt class=\"hg-item-title\" data-role=\"hg-item-title\">Innenausbau<\/dt>\r\n<dd class=\"hg-item-description\" data-role=\"hg-item-description\">Ausbauarbeiten in den Innenr\u00e4umen.<\/dd>\r\n<\/dl>\r\n<\/div>\r\n<div class=\"hg-letter-section\" data-role=\"hg-section\">\r\n<p><span class=\"hg-content__letter\" data-role=\"hg-section-letter\">K<\/span><\/p>\r\n<dl class=\"hg-item\" data-role=\"hg-item\">\r\n<dt class=\"hg-item-title\" data-role=\"hg-item-title\">Kalkulation<\/dt>\r\n<dd class=\"hg-item-description\" data-role=\"hg-item-description\">Eine Vorausberechnung f\u00fcr die entstehende Kosten.<\/dd>\r\n<\/dl>\r\n<dl class=\"hg-item\" data-role=\"hg-item\">\r\n<dt class=\"hg-item-title\" data-role=\"hg-item-title\">Konzession<\/dt>\r\n<dd class=\"hg-item-description\" data-role=\"hg-item-description\">Genehmigung einer Beh\u00f6rde f\u00fcr die gewerbliche T\u00e4tigkeit.<\/dd>\r\n<\/dl>\r\n<\/div>\r\n<div class=\"hg-letter-section\" data-role=\"hg-section\">\r\n<p><span class=\"hg-content__letter\" data-role=\"hg-section-letter\">M<\/span><\/p>\r\n<dl class=\"hg-item\" data-role=\"hg-item\">\r\n<dt class=\"hg-item-title\" data-role=\"hg-item-title\">Minergie<\/dt>\r\n<dd class=\"hg-item-description\" data-role=\"hg-item-description\">Eine Schweizer Marke f\u00fcr den nachhaltigen Baustandards.<\/dd>\r\n<\/dl>\r\n<dl class=\"hg-item\" data-role=\"hg-item\">\r\n<dt class=\"hg-item-title\" data-role=\"hg-item-title\">MwSt.<\/dt>\r\n<dd class=\"hg-item-description\" data-role=\"hg-item-description\">Mehrwertsteuer<\/dd>\r\n<\/dl>\r\n<\/div>\r\n<div class=\"hg-letter-section\" data-role=\"hg-section\">\r\n<p><span class=\"hg-content__letter\" data-role=\"hg-section-letter\">N<\/span><\/p>\r\n<dl class=\"hg-item\" data-role=\"hg-item\">\r\n<dt class=\"hg-item-title\" data-role=\"hg-item-title\">Neubau<\/dt>\r\n<dd class=\"hg-item-description\" data-role=\"hg-item-description\">Erstellung eines neuen Bauwerks.<\/dd>\r\n<\/dl>\r\n<\/div>\r\n<div class=\"hg-letter-section\" data-role=\"hg-section\">\r\n<p><span class=\"hg-content__letter\" data-role=\"hg-section-letter\">P<\/span><\/p>\r\n<dl class=\"hg-item\" data-role=\"hg-item\">\r\n<dt class=\"hg-item-title\" data-role=\"hg-item-title\">Parifonds<\/dt>\r\n<dd class=\"hg-item-description\" data-role=\"hg-item-description\">Ein Bildungsfonds f\u00fcr das Baugewerbe.<\/dd>\r\n<\/dl>\r\n<dl class=\"hg-item\" data-role=\"hg-item\">\r\n<dt class=\"hg-item-title\" data-role=\"hg-item-title\">Parit\u00e4tische Kommission<\/dt>\r\n<dd class=\"hg-item-description\" data-role=\"hg-item-description\">Ein Gremium f\u00fcr die Kontrolle und Durchsetzung der GAV-Bestimmungen bei Schweizer Betrieben.<\/dd>\r\n<\/dl>\r\n<\/div>\r\n<div class=\"hg-letter-section\" data-role=\"hg-section\">\r\n<p><span class=\"hg-content__letter\" data-role=\"hg-section-letter\">R<\/span><\/p>\r\n<dl class=\"hg-item\" data-role=\"hg-item\">\r\n<dt class=\"hg-item-title\" data-role=\"hg-item-title\">Renovation<\/dt>\r\n<dd class=\"hg-item-description\" data-role=\"hg-item-description\">Instandsetzung oder Modernisierung des Bauwerks.<\/dd>\r\n<\/dl>\r\n<\/div>\r\n<div class=\"hg-letter-section\" data-role=\"hg-section\">\r\n<p><span class=\"hg-content__letter\" data-role=\"hg-section-letter\">S<\/span><\/p>\r\n<dl class=\"hg-item\" data-role=\"hg-item\">\r\n<dt class=\"hg-item-title\" data-role=\"hg-item-title\">SECO<\/dt>\r\n<dd class=\"hg-item-description\" data-role=\"hg-item-description\">Staatssekretariat f\u00fcr Wirtschaft<\/dd>\r\n<\/dl>\r\n<dl class=\"hg-item\" data-role=\"hg-item\">\r\n<dt class=\"hg-item-title\" data-role=\"hg-item-title\">SIA-Normen<\/dt>\r\n<dd class=\"hg-item-description\" data-role=\"hg-item-description\">Sind Normen f\u00fcr die Baukunde<\/dd>\r\n<\/dl>\r\n<dl class=\"hg-item\" data-role=\"hg-item\">\r\n<dt class=\"hg-item-title\" data-role=\"hg-item-title\">Solidarhaftung<\/dt>\r\n<dd class=\"hg-item-description\" data-role=\"hg-item-description\">Eine gewisse Sorgfaltspflicht bei der Weitervergabe der Arbeiten an Subunternehmern.<\/dd>\r\n<\/dl>\r\n<dl class=\"hg-item\" data-role=\"hg-item\">\r\n<dt class=\"hg-item-title\" data-role=\"hg-item-title\">Sorgfaltspflicht<\/dt>\r\n<dd class=\"hg-item-description\" data-role=\"hg-item-description\">Verpflichtung zu besonderer Sorgfalt.<\/dd>\r\n<\/dl>\r\n<dl class=\"hg-item\" data-role=\"hg-item\">\r\n<dt class=\"hg-item-title\" data-role=\"hg-item-title\">Stellenmeldepflich<\/dt>\r\n<dd class=\"hg-item-description\" data-role=\"hg-item-description\">Verpflichtet Arbeitgeber, offene Stellen in Berufsarten nach Vorgabe des Gesetzes zu melden.<\/dd>\r\n<\/dl>\r\n<dl class=\"hg-item\" data-role=\"hg-item\">\r\n<dt class=\"hg-item-title\" data-role=\"hg-item-title\">Submission<\/dt>\r\n<dd class=\"hg-item-description\" data-role=\"hg-item-description\">Eine Angebotsangabe f\u00fcr die Ausschreibung.<\/dd>\r\n<\/dl>\r\n<dl class=\"hg-item\" data-role=\"hg-item\">\r\n<dt class=\"hg-item-title\" data-role=\"hg-item-title\">Subunternehmen<\/dt>\r\n<dd class=\"hg-item-description\" data-role=\"hg-item-description\">Erbringt Dienstleistungen als Nachunternehmer oder auch Subunternehmer genannt.<\/dd>\r\n<\/dl>\r\n<\/div>\r\n<div class=\"hg-letter-section\" data-role=\"hg-section\">\r\n<p><span class=\"hg-content__letter\" data-role=\"hg-section-letter\">T<\/span><\/p>\r\n<dl class=\"hg-item\" data-role=\"hg-item\">\r\n<dt class=\"hg-item-title\" data-role=\"hg-item-title\">TU- Totalunternehmer<\/dt>\r\n<dd class=\"hg-item-description\" data-role=\"hg-item-description\">Ein Unternehmen, dass alle Bau- und Planungsleistungen f\u00fcr die Entstehung des Bauwerks \u00fcbernimmt.<\/dd>\r\n<\/dl>\r\n<\/div>\r\n<div class=\"hg-letter-section\" data-role=\"hg-section\">\r\n<p><span class=\"hg-content__letter\" data-role=\"hg-section-letter\">U<\/span><\/p>\r\n<dl class=\"hg-item\" data-role=\"hg-item\">\r\n<dt class=\"hg-item-title\" data-role=\"hg-item-title\">UVG<\/dt>\r\n<dd class=\"hg-item-description\" data-role=\"hg-item-description\">Unfallversicherung<\/dd>\r\n<\/dl>\r\n<dl class=\"hg-item\" data-role=\"hg-item\">\r\n<dt class=\"hg-item-title\" data-role=\"hg-item-title\">Umbau<\/dt>\r\n<dd class=\"hg-item-description\" data-role=\"hg-item-description\">Ver\u00e4nderung eines bestehenden Bauwerks.<\/dd>\r\n<\/dl>\r\n<dl class=\"hg-item\" data-role=\"hg-item\">\r\n<dt class=\"hg-item-title\" data-role=\"hg-item-title\">\u00dcberbauung<\/dt>\r\n<dd class=\"hg-item-description\" data-role=\"hg-item-description\">Gr\u00f6ssere Bebauung eines Areals.<\/dd>\r\n<\/dl>\r\n<\/div>\r\n<div class=\"hg-letter-section\" data-role=\"hg-section\">\r\n<p><span class=\"hg-content__letter\" data-role=\"hg-section-letter\">V<\/span><\/p>\r\n<dl class=\"hg-item\" data-role=\"hg-item\">\r\n<dt class=\"hg-item-title\" data-role=\"hg-item-title\">Verein<\/dt>\r\n<dd class=\"hg-item-description\" data-role=\"hg-item-description\">Zusammenschluss von Personen mit gemeinsamen Interessen zur Verfolgung gemeinsamer Ziele.<\/dd>\r\n<\/dl>\r\n<\/div>\r\n<div class=\"hg-letter-section\" data-role=\"hg-section\">\r\n<p><span class=\"hg-content__letter\" data-role=\"hg-section-letter\">W<\/span><\/p>\r\n<dl class=\"hg-item\" data-role=\"hg-item\">\r\n<dt class=\"hg-item-title\" data-role=\"hg-item-title\">Werkvertrag<\/dt>\r\n<dd class=\"hg-item-description\" data-role=\"hg-item-description\">Ein Vertrag f\u00fcr das vereinbarte Werk, zwischen dem Besteller und den Erbringer.<\/dd>\r\n<\/dl>\r\n<\/div>\r\n<\/div>\r\n<\/div>\r\n<p>\u00a0<\/p>\r\n<p>[\/vc_column_text][\/vc_column][\/vc_row]<\/p>","protected":false},"excerpt":{"rendered":"<p>[vc_row content_placement=&#8221;middle&#8221; bg_position=&#8221;right center&#8221; css=&#8221;.vc_custom_1640093941533{padding-top: 60px !important;padding-bottom: 60px !important;background-position: center !important;background-repeat: no-repeat !important;background-size: cover !important;}&#8221;][vc_column width=&#8221;3\/4&#8243; offset=&#8221;vc_col-md-offset-1 vc_col-md-10&#8243;][vc_column_text] \u00a0 [\/vc_column_text][\/vc_column][\/vc_row]<\/p>\n","protected":false},"author":50,"featured_media":0,"parent":0,"menu_order":4,"comment_status":"closed","ping_status":"closed","template":"","meta":{"inline_featured_image":false},"yoast_head":"<!-- This site is optimized with the Yoast SEO plugin v19.5.1 - https:\/\/yoast.com\/wordpress\/plugins\/seo\/ -->\n<title>Glossar - sub360.ch<\/title>\n<meta name=\"robots\" content=\"index, follow, max-snippet:-1, max-image-preview:large, max-video-preview:-1\" \/>\n<link rel=\"canonical\" href=\"https:\/\/www.sub360.ch\/en\/glossar\" \/>\n<meta property=\"og:locale\" content=\"en_US\" \/>\n<meta property=\"og:type\" content=\"article\" \/>\n<meta property=\"og:title\" content=\"Glossar - sub360.ch\" \/>\n<meta property=\"og:description\" content=\"[vc_row content_placement=&#8221;middle&#8221; bg_position=&#8221;right center&#8221; css=&#8221;.vc_custom_1640093941533{padding-top: 60px !important;padding-bottom: 60px !important;background-position: center !important;background-repeat: no-repeat !important;background-size: cover !important;}&#8221;][vc_column width=&#8221;3\/4&#8243; offset=&#8221;vc_col-md-offset-1 vc_col-md-10&#8243;][vc_column_text] \u00a0 [\/vc_column_text][\/vc_column][\/vc_row]\" \/>\n<meta property=\"og:url\" content=\"https:\/\/www.sub360.ch\/en\/glossar\" \/>\n<meta property=\"og:site_name\" content=\"sub360.ch\" \/>\n<meta property=\"article:publisher\" content=\"https:\/\/www.facebook.com\/sub360ch-109756541395501\/\" \/>\n<meta property=\"article:modified_time\" content=\"2022-07-06T13:45:50+00:00\" \/>\n<meta name=\"twitter:card\" content=\"summary_large_image\" \/>\n<meta name=\"twitter:label1\" content=\"Est. reading time\" \/>\n\t<meta name=\"twitter:data1\" content=\"2 minutes\" \/>\n<script type=\"application\/ld+json\" class=\"yoast-schema-graph\">{\"@context\":\"https:\/\/schema.org\",\"@graph\":[{\"@type\":\"WebPage\",\"@id\":\"https:\/\/www.sub360.ch\/en\/glossar\",\"url\":\"https:\/\/www.sub360.ch\/en\/glossar\",\"name\":\"Glossar - sub360.ch\",\"isPartOf\":{\"@id\":\"https:\/\/www.sub360.ch\/en#website\"},\"datePublished\":\"2021-12-20T14:34:34+00:00\",\"dateModified\":\"2022-07-06T13:45:50+00:00\",\"breadcrumb\":{\"@id\":\"https:\/\/www.sub360.ch\/en\/glossar#breadcrumb\"},\"inLanguage\":\"en-US\",\"potentialAction\":[{\"@type\":\"ReadAction\",\"target\":[\"https:\/\/www.sub360.ch\/en\/glossar\"]}]},{\"@type\":\"BreadcrumbList\",\"@id\":\"https:\/\/www.sub360.ch\/en\/glossar#breadcrumb\",\"itemListElement\":[{\"@type\":\"ListItem\",\"position\":1,\"name\":\"Home\",\"item\":\"https:\/\/www.sub360.ch\/en\"},{\"@type\":\"ListItem\",\"position\":2,\"name\":\"Glossar\"}]},{\"@type\":\"WebSite\",\"@id\":\"https:\/\/www.sub360.ch\/en#website\",\"url\":\"https:\/\/www.sub360.ch\/en\",\"name\":\"sub360.ch\",\"description\":\"Plattform f\u00fcr Subunternehmen und Auftraggeber\",\"publisher\":{\"@id\":\"https:\/\/www.sub360.ch\/en#organization\"},\"potentialAction\":[{\"@type\":\"SearchAction\",\"target\":{\"@type\":\"EntryPoint\",\"urlTemplate\":\"https:\/\/www.sub360.ch\/en?s={search_term_string}\"},\"query-input\":\"required name=search_term_string\"}],\"inLanguage\":\"en-US\"},{\"@type\":\"Organization\",\"@id\":\"https:\/\/www.sub360.ch\/en#organization\",\"name\":\"sub360.ch\",\"url\":\"https:\/\/www.sub360.ch\/en\",\"sameAs\":[\"https:\/\/www.instagram.com\/sub360.ch\/\",\"https:\/\/www.linkedin.com\/company\/sub360-ag\",\"https:\/\/www.facebook.com\/sub360ch-109756541395501\/\"],\"logo\":{\"@type\":\"ImageObject\",\"inLanguage\":\"en-US\",\"@id\":\"https:\/\/www.sub360.ch\/en#\/schema\/logo\/image\/\",\"url\":\"https:\/\/www.sub360.ch\/wp-content\/uploads\/2021\/07\/Logo_Slogan_Sub360_pos_rgb.svg\",\"contentUrl\":\"https:\/\/www.sub360.ch\/wp-content\/uploads\/2021\/07\/Logo_Slogan_Sub360_pos_rgb.svg\",\"width\":\"1024\",\"height\":\"1024\",\"caption\":\"sub360.ch\"},\"image\":{\"@id\":\"https:\/\/www.sub360.ch\/en#\/schema\/logo\/image\/\"}}]}<\/script>\n<!-- \/ Yoast SEO plugin. -->","yoast_head_json":{"title":"Glossar - sub360.ch","robots":{"index":"index","follow":"follow","max-snippet":"max-snippet:-1","max-image-preview":"max-image-preview:large","max-video-preview":"max-video-preview:-1"},"canonical":"https:\/\/www.sub360.ch\/en\/glossar","og_locale":"en_US","og_type":"article","og_title":"Glossar - sub360.ch","og_description":"[vc_row content_placement=&#8221;middle&#8221; bg_position=&#8221;right center&#8221; css=&#8221;.vc_custom_1640093941533{padding-top: 60px !important;padding-bottom: 60px !important;background-position: center !important;background-repeat: no-repeat !important;background-size: cover !important;}&#8221;][vc_column width=&#8221;3\/4&#8243; offset=&#8221;vc_col-md-offset-1 vc_col-md-10&#8243;][vc_column_text] \u00a0 [\/vc_column_text][\/vc_column][\/vc_row]","og_url":"https:\/\/www.sub360.ch\/en\/glossar","og_site_name":"sub360.ch","article_publisher":"https:\/\/www.facebook.com\/sub360ch-109756541395501\/","article_modified_time":"2022-07-06T13:45:50+00:00","twitter_card":"summary_large_image","twitter_misc":{"Est. reading time":"2 minutes"},"schema":{"@context":"https:\/\/schema.org","@graph":[{"@type":"WebPage","@id":"https:\/\/www.sub360.ch\/en\/glossar","url":"https:\/\/www.sub360.ch\/en\/glossar","name":"Glossar - sub360.ch","isPartOf":{"@id":"https:\/\/www.sub360.ch\/en#website"},"datePublished":"2021-12-20T14:34:34+00:00","dateModified":"2022-07-06T13:45:50+00:00","breadcrumb":{"@id":"https:\/\/www.sub360.ch\/en\/glossar#breadcrumb"},"inLanguage":"en-US","potentialAction":[{"@type":"ReadAction","target":["https:\/\/www.sub360.ch\/en\/glossar"]}]},{"@type":"BreadcrumbList","@id":"https:\/\/www.sub360.ch\/en\/glossar#breadcrumb","itemListElement":[{"@type":"ListItem","position":1,"name":"Home","item":"https:\/\/www.sub360.ch\/en"},{"@type":"ListItem","position":2,"name":"Glossar"}]},{"@type":"WebSite","@id":"https:\/\/www.sub360.ch\/en#website","url":"https:\/\/www.sub360.ch\/en","name":"sub360.ch","description":"Plattform f\u00fcr Subunternehmen und Auftraggeber","publisher":{"@id":"https:\/\/www.sub360.ch\/en#organization"},"potentialAction":[{"@type":"SearchAction","target":{"@type":"EntryPoint","urlTemplate":"https:\/\/www.sub360.ch\/en?s={search_term_string}"},"query-input":"required name=search_term_string"}],"inLanguage":"en-US"},{"@type":"Organization","@id":"https:\/\/www.sub360.ch\/en#organization","name":"sub360.ch","url":"https:\/\/www.sub360.ch\/en","sameAs":["https:\/\/www.instagram.com\/sub360.ch\/","https:\/\/www.linkedin.com\/company\/sub360-ag","https:\/\/www.facebook.com\/sub360ch-109756541395501\/"],"logo":{"@type":"ImageObject","inLanguage":"en-US","@id":"https:\/\/www.sub360.ch\/en#\/schema\/logo\/image\/","url":"https:\/\/www.sub360.ch\/wp-content\/uploads\/2021\/07\/Logo_Slogan_Sub360_pos_rgb.svg","contentUrl":"https:\/\/www.sub360.ch\/wp-content\/uploads\/2021\/07\/Logo_Slogan_Sub360_pos_rgb.svg","width":"1024","height":"1024","caption":"sub360.ch"},"image":{"@id":"https:\/\/www.sub360.ch\/en#\/schema\/logo\/image\/"}}]}},"_links":{"self":[{"href":"https:\/\/www.sub360.ch\/en\/wp-json\/wp\/v2\/pages\/6870"}],"collection":[{"href":"https:\/\/www.sub360.ch\/en\/wp-json\/wp\/v2\/pages"}],"about":[{"href":"https:\/\/www.sub360.ch\/en\/wp-json\/wp\/v2\/types\/page"}],"author":[{"embeddable":true,"href":"https:\/\/www.sub360.ch\/en\/wp-json\/wp\/v2\/users\/50"}],"replies":[{"embeddable":true,"href":"https:\/\/www.sub360.ch\/en\/wp-json\/wp\/v2\/comments?post=6870"}],"version-history":[{"count":2,"href":"https:\/\/www.sub360.ch\/en\/wp-json\/wp\/v2\/pages\/6870\/revisions"}],"predecessor-version":[{"id":7209,"href":"https:\/\/www.sub360.ch\/en\/wp-json\/wp\/v2\/pages\/6870\/revisions\/7209"}],"wp:attachment":[{"href":"https:\/\/www.sub360.ch\/en\/wp-json\/wp\/v2\/media?parent=6870"}],"curies":[{"name":"wp","href":"https:\/\/api.w.org\/{rel}","templated":true}]}}